{"id":2225,"date":"2014-11-10T21:48:53","date_gmt":"2014-11-10T18:48:53","guid":{"rendered":"https:\/\/www.mirtoscrete.gr\/\/www.mirtoscrete.gr\/the-museum-of-mirtos-2\/"},"modified":"2024-09-20T15:44:52","modified_gmt":"2024-09-20T12:44:52","slug":"het-museum-van-mirtos","status":"publish","type":"page","link":"https:\/\/www.mirtoscrete.gr\/nl\/het-museum-van-mirtos\/","title":{"rendered":"Het Museum van Mirtos"},"content":{"rendered":"<p>[et_pb_section fb_built=&#8221;1&#8243; fullwidth=&#8221;on&#8221; custom_padding_last_edited=&#8221;on|desktop&#8221; admin_label=&#8221;section&#8221; _builder_version=&#8221;4.16&#8243; background_color=&#8221;rgba(255,255,255,0.6)&#8221; parallax=&#8221;on&#8221; parallax_method=&#8221;off&#8221; custom_padding_tablet=&#8221;50px|0|50px|0&#8243; custom_padding_phone=&#8221;&#8221; da_disable_devices=&#8221;off|off|off&#8221; transparent_background=&#8221;off&#8221; padding_mobile=&#8221;off&#8221; make_fullwidth=&#8221;off&#8221; use_custom_width=&#8221;off&#8221; width_unit=&#8221;on&#8221; global_colors_info=&#8221;{}&#8221; da_is_popup=&#8221;off&#8221; da_exit_intent=&#8221;off&#8221; da_has_close=&#8221;on&#8221; da_alt_close=&#8221;off&#8221; da_dark_close=&#8221;off&#8221; da_not_modal=&#8221;on&#8221; da_is_singular=&#8221;off&#8221; da_with_loader=&#8221;off&#8221; da_has_shadow=&#8221;on&#8221;][et_pb_fullwidth_header title=&#8221;Het Museum van Mirtos&#8221; subhead=&#8221;Mirtos heeft een klein Museum, direct naast de Oude Kerk middenin het dorp. Pronkstuk is het Schaalmodel van Fournou Korifi.&#8221; content_max_width=&#8221;none&#8221; admin_label=&#8221;Fullwidth Header&#8221; module_id=&#8221;top&#8221; _builder_version=&#8221;4.16&#8243; background_color=&#8221;rgba(255,255,255,0.7)&#8221; background_layout=&#8221;light&#8221; button_one_letter_spacing_hover=&#8221;0&#8243; button_two_letter_spacing_hover=&#8221;0&#8243; global_colors_info=&#8221;{}&#8221; button_one_text_size__hover_enabled=&#8221;off&#8221; button_two_text_size__hover_enabled=&#8221;off&#8221; button_one_text_color__hover_enabled=&#8221;off&#8221; button_two_text_color__hover_enabled=&#8221;off&#8221; button_one_border_width__hover_enabled=&#8221;off&#8221; button_two_border_width__hover_enabled=&#8221;off&#8221; button_one_border_color__hover_enabled=&#8221;off&#8221; button_two_border_color__hover_enabled=&#8221;off&#8221; button_one_border_radius__hover_enabled=&#8221;off&#8221; button_two_border_radius__hover_enabled=&#8221;off&#8221; button_one_letter_spacing__hover_enabled=&#8221;on&#8221; button_one_letter_spacing__hover=&#8221;0&#8243; button_two_letter_spacing__hover_enabled=&#8221;on&#8221; button_two_letter_spacing__hover=&#8221;0&#8243; button_one_bg_color__hover_enabled=&#8221;off&#8221; button_two_bg_color__hover_enabled=&#8221;off&#8221;][\/et_pb_fullwidth_header][\/et_pb_section][et_pb_section fb_built=&#8221;1&#8243; custom_padding_last_edited=&#8221;on|desktop&#8221; admin_label=&#8221;section&#8221; _builder_version=&#8221;4.16&#8243; background_color=&#8221;rgba(255,255,255,0)&#8221; parallax=&#8221;on&#8221; parallax_method=&#8221;off&#8221; custom_padding_tablet=&#8221;50px|0|50px|0&#8243; custom_padding_phone=&#8221;&#8221; da_disable_devices=&#8221;off|off|off&#8221; transparent_background=&#8221;on&#8221; padding_mobile=&#8221;off&#8221; make_fullwidth=&#8221;off&#8221; use_custom_width=&#8221;off&#8221; width_unit=&#8221;on&#8221; global_colors_info=&#8221;{}&#8221; da_is_popup=&#8221;off&#8221; da_exit_intent=&#8221;off&#8221; da_has_close=&#8221;on&#8221; da_alt_close=&#8221;off&#8221; da_dark_close=&#8221;off&#8221; da_not_modal=&#8221;on&#8221; da_is_singular=&#8221;off&#8221; da_with_loader=&#8221;off&#8221; da_has_shadow=&#8221;on&#8221;][et_pb_row admin_label=&#8221;row&#8221; _builder_version=&#8221;4.16&#8243; background_size=&#8221;initial&#8221; background_position=&#8221;top_left&#8221; background_repeat=&#8221;repeat&#8221; global_colors_info=&#8221;{}&#8221;][et_pb_column type=&#8221;4_4&#8243; _builder_version=&#8221;4.16&#8243; custom_padding=&#8221;|||&#8221; global_colors_info=&#8221;{}&#8221; custom_padding__hover=&#8221;|||&#8221;][et_pb_text admin_label=&#8221;Text&#8221; _builder_version=&#8221;4.16&#8243; background_size=&#8221;initial&#8221; background_position=&#8221;top_left&#8221; background_repeat=&#8221;repeat&#8221; use_border_color=&#8221;off&#8221; border_color=&#8221;#ffffff&#8221; border_style=&#8221;solid&#8221; global_colors_info=&#8221;{}&#8221;]<img loading=\"lazy\" decoding=\"async\" class=\"alignnone wp-image-1698 size-full\" src=\"https:\/\/www.mirtoscrete.gr\/wp-content\/uploads\/2016\/04\/timeline.jpg\" alt=\"timeline\" width=\"1600\" height=\"103\"><br \/>\n[\/et_pb_text][et_pb_menu menu_id=&#8221;53&#8243; module_class=&#8221;pa-open-mobile-menu&#8221; _builder_version=&#8221;4.27.0&#8243; _module_preset=&#8221;default&#8221; background_color=&#8221;RGBA(255,255,255,0)&#8221; positioning=&#8221;fixed&#8221; position_origin_f=&#8221;top_right&#8221; text_orientation=&#8221;right&#8221; width=&#8221;100%&#8221; custom_margin=&#8221;|10px|||false|false&#8221; custom_margin_tablet=&#8221;|5px|||false|false&#8221; custom_margin_phone=&#8221;|0px|||false|false&#8221; custom_margin_last_edited=&#8221;on|phone&#8221; locked=&#8221;off&#8221; global_colors_info=&#8221;{}&#8221;][\/et_pb_menu][\/et_pb_column][\/et_pb_row][et_pb_row column_structure=&#8221;1_2,1_2&#8243; admin_label=&#8221;row&#8221; _builder_version=&#8221;4.16&#8243; background_size=&#8221;initial&#8221; background_position=&#8221;top_left&#8221; background_repeat=&#8221;repeat&#8221; global_colors_info=&#8221;{}&#8221;][et_pb_column type=&#8221;1_2&#8243; _builder_version=&#8221;4.16&#8243; custom_padding=&#8221;|||&#8221; global_colors_info=&#8221;{}&#8221; custom_padding__hover=&#8221;|||&#8221;][et_pb_image src=&#8221;https:\/\/www.mirtoscrete.gr\/wp-content\/uploads\/2016\/04\/museum03.jpg&#8221; show_in_lightbox=&#8221;on&#8221; align_tablet=&#8221;center&#8221; align_phone=&#8221;&#8221; align_last_edited=&#8221;on|desktop&#8221; admin_label=&#8221;Image&#8221; _builder_version=&#8221;4.16&#8243; use_border_color=&#8221;off&#8221; border_color=&#8221;#ffffff&#8221; border_style=&#8221;solid&#8221; sticky=&#8221;off&#8221; always_center_on_mobile=&#8221;on&#8221; global_colors_info=&#8221;{}&#8221;][\/et_pb_image][\/et_pb_column][et_pb_column type=&#8221;1_2&#8243; _builder_version=&#8221;4.16&#8243; custom_padding=&#8221;|||&#8221; global_colors_info=&#8221;{}&#8221; custom_padding__hover=&#8221;|||&#8221;][et_pb_image src=&#8221;https:\/\/www.mirtoscrete.gr\/wp-content\/uploads\/2016\/04\/museum002.jpg&#8221; show_in_lightbox=&#8221;on&#8221; align_tablet=&#8221;center&#8221; align_phone=&#8221;&#8221; align_last_edited=&#8221;on|desktop&#8221; admin_label=&#8221;Image&#8221; _builder_version=&#8221;4.16&#8243; use_border_color=&#8221;off&#8221; border_color=&#8221;#ffffff&#8221; border_style=&#8221;solid&#8221; sticky=&#8221;off&#8221; always_center_on_mobile=&#8221;on&#8221; global_colors_info=&#8221;{}&#8221;][\/et_pb_image][\/et_pb_column][\/et_pb_row][\/et_pb_section][et_pb_section fb_built=&#8221;1&#8243; specialty=&#8221;on&#8221; custom_padding_last_edited=&#8221;on|desktop&#8221; parallax_method_1=&#8221;off&#8221; parallax_method_2=&#8221;off&#8221; admin_label=&#8221;section&#8221; _builder_version=&#8221;4.16&#8243; background_color=&#8221;rgba(255,255,255,0)&#8221; parallax=&#8221;on&#8221; parallax_method=&#8221;off&#8221; custom_padding_tablet=&#8221;50px|0|50px|0&#8243; custom_padding_phone=&#8221;&#8221; da_disable_devices=&#8221;off|off|off&#8221; transparent_background=&#8221;on&#8221; padding_mobile=&#8221;off&#8221; make_fullwidth=&#8221;off&#8221; use_custom_width=&#8221;off&#8221; width_unit=&#8221;on&#8221; global_colors_info=&#8221;{}&#8221; da_is_popup=&#8221;off&#8221; da_exit_intent=&#8221;off&#8221; da_has_close=&#8221;on&#8221; da_alt_close=&#8221;off&#8221; da_dark_close=&#8221;off&#8221; da_not_modal=&#8221;on&#8221; da_is_singular=&#8221;off&#8221; da_with_loader=&#8221;off&#8221; da_has_shadow=&#8221;on&#8221;][et_pb_column type=&#8221;2_3&#8243; specialty_columns=&#8221;2&#8243; _builder_version=&#8221;4.16&#8243; custom_padding=&#8221;|||&#8221; global_colors_info=&#8221;{}&#8221; custom_padding__hover=&#8221;|||&#8221;][et_pb_row_inner admin_label=&#8221;row_inner&#8221; _builder_version=&#8221;4.16&#8243; global_colors_info=&#8221;{}&#8221;][et_pb_column_inner saved_specialty_column_type=&#8221;2_3&#8243; _builder_version=&#8221;4.16&#8243; custom_padding=&#8221;|||&#8221; global_colors_info=&#8221;{}&#8221; custom_padding__hover=&#8221;|||&#8221;][et_pb_toggle title=&#8221;Het Museum van Mirtos&#8221; open_toggle_text_color=&#8221;#c87c51&#8243; admin_label=&#8221;museum&#8221; _builder_version=&#8221;4.16&#8243; title_text_color=&#8221;#c87c51&#8243; title_font=&#8221;|600|||||||&#8221; title_font_size=&#8221;17px&#8221; background_size=&#8221;initial&#8221; background_position=&#8221;top_left&#8221; background_repeat=&#8221;repeat&#8221; global_colors_info=&#8221;{}&#8221;]De aanstichter en oprichter van het Museum van Mirtos was wijlen Georgios Dimitrianakis. Werkzaam als onderwijzer in Mirtos was hem de grote verscheidenheid aan vazen, stukken van gereedschap en beelden en diverse voorwerpen opgevallen, die in het bouwland ten oosten van het dorp werden gevonden. Om beschadiging, verval en diefstal van de voorwerpen te voorkomen verzamelde hij ze in het schoolgebouw. Tezelfdertijd werd de Curator van\u00a0Antiquiteiten ge\u00efnformeerd. \u00a0Hij was ervan overtuigd dat er op een dag een offici\u00eble studie gemaakt zou worden van zijn vondsten en van het hele gebied.<\/p>\n<p>En inderdaad verscheen in 1962 in Mirtos de Directeur van de Engelse School voor Archeologie dhr. Singlair Hood met twee van zijn studenten, te weten Peter Warren en Gerald Gadagan. Ze bezochten onder andere de Lagere School van Mirtos, waar hun het oog viel op de voorwerpen die de onderwijzer verzameld had. De karakteristieken van de Mino\u00efsche kunst waren hierin duidelijk te onderscheiden.\u00a0De archeologen bekeken de vondsten, maakten er foto&#8217;s van en \u00a0wilden de vindplaatsen bezoeken. Ze werden naar\u00a0&#8220;Fournou Korifi&#8221; en naar\u00a0&#8220;Pyrgos&#8221; gebracht, waar ze het gebied onderzochten. Stukken van vazen en voorwerpen die ze in de bovenste grondlaag aantroffen werden verzameld en meegenomen.<\/p>\n<p>Dankzij hun grote inspanningen begonnen\u00a0in\u00a01967 de uitgravingen en Mino\u00efsche nederzettingen kwamen aan het licht.\u00a0In weerwil van de enorme inspanningen van de onderwijzer echter, bleef slechts een handjevol van de\u00a0\u00a0waardevolle schatten in Mirtos achter.<\/p>\n<p>In de jaren die volgden kwam Georgios Dimitrianakis gaandeweg in het bezit van steeds meer voorwerpen van historische of folkloristische waarde.\u00a0Langzaamaan begon er een Museum van Mirtos te ontstaan, gehuisvest in een klaslokaal\u00a0van de Lagere School, waar het 40 jaar bleef. Dit Museum leverde een belangrijke bijdrage aan de reputatie van Mirtos.<\/p>\n<p>Na de dood van Dimitrianakis\u00a0werd het Museum door zijn erfgenamen overgedaan aan de Gemeenteraad van Mirtos, thans deel uitmakend van de Raad van de Gemeente Ierapetra.\u00a0Vandaag de dag is het Museum gehuisvest in een nieuw gebouw, dat werd geschonken door het Bisdom van Ierapetra en Sitia (Hiera Mitropolis van Ierapitna en Sitia ). De bouw, het ontwerp en de aanschaf van materialen werden mogelijk gemaakt door een fonds van de Gemeente Ierapetra. Het Museum in zijn huidige vorm bestaat vanaf juli 2001.<br \/>\n[\/et_pb_toggle][et_pb_toggle title=&#8221;Georgios Dimitrianakis&#8221; open_toggle_text_color=&#8221;#c87c51&#8243; admin_label=&#8221;dimitrianakis&#8221; _builder_version=&#8221;4.20.4&#8243; title_text_color=&#8221;#c87c51&#8243; title_font=&#8221;|600|||||||&#8221; title_font_size=&#8221;17px&#8221; background_size=&#8221;initial&#8221; background_position=&#8221;top_left&#8221; background_repeat=&#8221;repeat&#8221; global_colors_info=&#8221;{}&#8221;]<\/p>\n<p>Georgios Dimitrianakis werd geboren in Gdohia, Ierapetra in 1923. Na de Lagere School van Gdohia ging hij naar de ULO van Viannos en later naar het Gymnasium van Ierapetra, waar hij in 1943 zijn diploma behaalde. In 1946 schreef hij zich in bij de Pedagogische Academie in Heraklion maar in het tweede jaar stapte hij over naar de Maraslios Pedagogische Academie in Athene, waar hij met lof afstudeerde in 1947. Hij was werkzaam als onderwijzer aan de volgende Lagere Scholen: Gdohia, Grevena, Gra-Lygia, Metaxohori, Mirtos ( 1957-77) en de 2e Lagere School van Ierapetra. In 1983 werd hij aangesteld als Hoofd van het Eerste Departement van Lager Onderwijs in Ierapetra, om een jaar later met pensioen te gaan. Hij overleed in juni 1994 in Mirtos en werd aldaar begraven.<\/p>\n<p>[\/et_pb_toggle][\/et_pb_column_inner][\/et_pb_row_inner][et_pb_row_inner column_structure=&#8221;1_2,1_2&#8243; admin_label=&#8221;row_inner&#8221; _builder_version=&#8221;4.16&#8243; global_colors_info=&#8221;{}&#8221;][et_pb_column_inner type=&#8221;1_2&#8243; saved_specialty_column_type=&#8221;2_3&#8243; _builder_version=&#8221;4.16&#8243; custom_padding=&#8221;|||&#8221; global_colors_info=&#8221;{}&#8221; custom_padding__hover=&#8221;|||&#8221;][et_pb_image src=&#8221;https:\/\/www.mirtoscrete.gr\/wp-content\/uploads\/2016\/04\/museum12.jpg&#8221; show_in_lightbox=&#8221;on&#8221; align_tablet=&#8221;center&#8221; align_phone=&#8221;&#8221; align_last_edited=&#8221;on|desktop&#8221; admin_label=&#8221;Image&#8221; _builder_version=&#8221;4.16&#8243; use_border_color=&#8221;off&#8221; border_color=&#8221;#ffffff&#8221; border_style=&#8221;solid&#8221; sticky=&#8221;off&#8221; always_center_on_mobile=&#8221;on&#8221; global_colors_info=&#8221;{}&#8221;][\/et_pb_image][\/et_pb_column_inner][et_pb_column_inner type=&#8221;1_2&#8243; saved_specialty_column_type=&#8221;2_3&#8243; _builder_version=&#8221;4.16&#8243; custom_padding=&#8221;|||&#8221; global_colors_info=&#8221;{}&#8221; custom_padding__hover=&#8221;|||&#8221;][et_pb_image src=&#8221;https:\/\/www.mirtoscrete.gr\/wp-content\/uploads\/2016\/04\/museum14.jpg&#8221; show_in_lightbox=&#8221;on&#8221; align_tablet=&#8221;center&#8221; align_phone=&#8221;&#8221; align_last_edited=&#8221;on|desktop&#8221; admin_label=&#8221;Image&#8221; _builder_version=&#8221;4.16&#8243; use_border_color=&#8221;off&#8221; border_color=&#8221;#ffffff&#8221; border_style=&#8221;solid&#8221; sticky=&#8221;off&#8221; always_center_on_mobile=&#8221;on&#8221; global_colors_info=&#8221;{}&#8221;][\/et_pb_image][\/et_pb_column_inner][\/et_pb_row_inner][\/et_pb_column][et_pb_column type=&#8221;1_3&#8243; _builder_version=&#8221;4.16&#8243; custom_padding=&#8221;|||&#8221; global_colors_info=&#8221;{}&#8221; custom_padding__hover=&#8221;|||&#8221;][et_pb_image src=&#8221;https:\/\/www.mirtoscrete.gr\/wp-content\/uploads\/2016\/04\/dimitrianakis001.jpg&#8221; show_in_lightbox=&#8221;on&#8221; align_tablet=&#8221;center&#8221; align_phone=&#8221;&#8221; align_last_edited=&#8221;on|desktop&#8221; admin_label=&#8221;Image&#8221; _builder_version=&#8221;4.16&#8243; use_border_color=&#8221;off&#8221; border_color=&#8221;#ffffff&#8221; border_style=&#8221;solid&#8221; sticky=&#8221;off&#8221; always_center_on_mobile=&#8221;on&#8221; global_colors_info=&#8221;{}&#8221;][\/et_pb_image][et_pb_text _builder_version=&#8221;4.25.1&#8243; _module_preset=&#8221;default&#8221; background_color=&#8221;rgba(255,255,255,0.87)&#8221; custom_padding=&#8221;1%|2%|1%|2%|true|true&#8221; locked=&#8221;off&#8221; global_colors_info=&#8221;{}&#8221;]<\/p>\n<h2 id=\"tablepress-4-name\" class=\"tablepress-table-name tablepress-table-name-id-4\">Openingstijden<\/h2>\n\n<table id=\"tablepress-4\" class=\"tablepress tablepress-id-4\" aria-labelledby=\"tablepress-4-name\">\n<tbody class=\"row-striping row-hover\">\n<tr class=\"row-1\">\n\t<td class=\"column-1\">Maandag<\/td><td class=\"column-2\">17:00 - 18:30<\/td>\n<\/tr>\n<\/tbody>\n<\/table>\n<!-- #tablepress-4 from cache -->\n<p>[\/et_pb_text][\/et_pb_column][\/et_pb_section][et_pb_section fb_built=&#8221;1&#8243; custom_padding_last_edited=&#8221;on|desktop&#8221; admin_label=&#8221;section&#8221; module_id=&#8221;fournou-korifi&#8221; _builder_version=&#8221;4.16&#8243; background_color=&#8221;rgba(255,248,232,0.8)&#8221; custom_padding_tablet=&#8221;50px|0|50px|0&#8243; custom_padding_phone=&#8221;&#8221; da_disable_devices=&#8221;off|off|off&#8221; transparent_background=&#8221;off&#8221; padding_mobile=&#8221;off&#8221; make_fullwidth=&#8221;off&#8221; use_custom_width=&#8221;off&#8221; width_unit=&#8221;on&#8221; global_colors_info=&#8221;{}&#8221; da_is_popup=&#8221;off&#8221; da_exit_intent=&#8221;off&#8221; da_has_close=&#8221;on&#8221; da_alt_close=&#8221;off&#8221; da_dark_close=&#8221;off&#8221; da_not_modal=&#8221;on&#8221; da_is_singular=&#8221;off&#8221; da_with_loader=&#8221;off&#8221; da_has_shadow=&#8221;on&#8221;][et_pb_row use_custom_gutter=&#8221;on&#8221; gutter_width=&#8221;1&#8243; admin_label=&#8221;row&#8221; _builder_version=&#8221;4.18.0&#8243; background_color=&#8221;rgba(255,255,255,0.8)&#8221; background_size=&#8221;initial&#8221; background_position=&#8221;top_left&#8221; background_repeat=&#8221;repeat&#8221; global_colors_info=&#8221;{}&#8221;][et_pb_column type=&#8221;4_4&#8243; _builder_version=&#8221;4.16&#8243; custom_padding=&#8221;|||&#8221; global_colors_info=&#8221;{}&#8221; custom_padding__hover=&#8221;|||&#8221;][et_pb_text admin_label=&#8221;museum maps&#8221; _builder_version=&#8221;4.16&#8243; locked=&#8221;off&#8221; global_colors_info=&#8221;{}&#8221;]<iframe loading=\"lazy\" src=\"https:\/\/www.google.com\/maps\/embed?pb=!1m18!1m12!1m3!1d4153.2124932310535!2d25.581213515730067!3d35.00416088035774!2m3!1f0!2f0!3f0!3m2!1i1024!2i768!4f13.1!3m3!1m2!1s0x149a8343acf618a1%3A0xbee1f9810c4a6ca4!2sMuseum!5e1!3m2!1sen!2sgr!4v1568814061835!5m2!1sen!2sgr\" width=\"1200\" height=\"500\" frameborder=\"0\" style=\"border:0;\" allowfullscreen=\"\"><\/iframe>[\/et_pb_text][et_pb_text admin_label=&#8221;schaalmodel&#8221; _builder_version=&#8221;4.18.0&#8243; background_size=&#8221;initial&#8221; background_position=&#8221;top_left&#8221; background_repeat=&#8221;repeat&#8221; custom_padding=&#8221;3%|3%|3%|3%|true|true&#8221; global_colors_info=&#8221;{}&#8221;]<\/p>\n<h2>Het Schaalmodel van Fournou Korifi<\/h2>\n<p>[\/et_pb_text][et_pb_gallery gallery_ids=&#8221;15332,15333,15334,15335&#8243; show_title_and_caption=&#8221;off&#8221; show_pagination=&#8221;off&#8221; admin_label=&#8221;Gallery&#8221; _builder_version=&#8221;4.18.0&#8243; border_width_all=&#8221;2px&#8221; border_color_all=&#8221;RGBA(255,255,255,0)&#8221; use_border_color=&#8221;off&#8221; border_color=&#8221;#ffffff&#8221; border_style=&#8221;solid&#8221; saved_tabs=&#8221;all&#8221; global_colors_info=&#8221;{}&#8221;][\/et_pb_gallery][et_pb_text admin_label=&#8221;Text&#8221; _builder_version=&#8221;4.20.0&#8243; background_size=&#8221;initial&#8221; background_position=&#8221;top_left&#8221; background_repeat=&#8221;repeat&#8221; custom_padding=&#8221;3%|3%|3%|3%|true|true&#8221; global_colors_info=&#8221;{}&#8221;]<\/p>\n<p>Tegen mei 2004 begon Professor John Atkinson, de in maart 2023 overleden Curator van het Museum van Mirtos, een schaalmodel samen te stellen van de Fournou Korifi site, ongeveer 1 km van Mirtos vandaan. De bouw van het model werd uitsluitend gebaseerd op het gevonden bewijsmateriaal, zonder acht te slaan op bestaande idee\u00ebn over hoe een Mino\u00efsch gebouw er zou moeten uitzien.<\/p>\n<p>Het aardewerk in het model is echt, John Atkinson was pottenbakker. Kleine figuurtjes zijn toegevoegd om ons een idee van de schaal te geven. Een schaal die \u00e9\u00e9n inch op \u00e9\u00e9n meter bedraagt. Elk aspect, elk d\u00e9tail en elke afmeting van het model is zorgvuldig overgenomen om met het rapport van de oorspronkelijke opgraver Peter Warren overeen te komen. John bezocht de site gedurende zes maanden elke dag in 2002, en nog een keer zes maanden lang elke dag in 2003,\u00a0 voor hij zelfs maar een eerste bouwpoging waagde.<\/p>\n<p>Meer\u00a0d\u00e9tails over de opbouw van het model vindt u in een wetenschappelijk\u00a0<em>paper<\/em>, dat u\u00a0<a title=\"The archaeology of houses and households in ancient Greece\" href=\"https:\/\/www.mirtoscrete.gr\/\/www.ascsa.edu.gr\/pdf\/uploads\/STEGA_Sample.pdf\">hier<\/a>\u00a0kunt downloaden.\u00a0John Atkinson&#8217;s bijdrage begint op\u00a0pagina 27, hieronder ziet u enkele foto&#8217;s.<\/p>\n<p>[\/et_pb_text][et_pb_gallery gallery_ids=&#8221;15327,15328,15329,15330,15331&#8243; show_title_and_caption=&#8221;off&#8221; show_pagination=&#8221;off&#8221; admin_label=&#8221;Gallery&#8221; _builder_version=&#8221;4.18.0&#8243; border_width_all=&#8221;2px&#8221; border_color_all=&#8221;RGBA(255,255,255,0)&#8221; use_border_color=&#8221;off&#8221; border_color=&#8221;#ffffff&#8221; border_style=&#8221;solid&#8221; saved_tabs=&#8221;all&#8221; global_colors_info=&#8221;{}&#8221;][\/et_pb_gallery][et_pb_text admin_label=&#8221;Text&#8221; _builder_version=&#8221;4.16&#8243; background_size=&#8221;initial&#8221; background_position=&#8221;top_left&#8221; background_repeat=&#8221;repeat&#8221; custom_padding=&#8221;3%|3%|3%|3%|true|true&#8221; global_colors_info=&#8221;{}&#8221;]Op onze <a title=\"De Geschiedenis van Mirtos\" href=\"https:\/\/www.mirtoscrete.gr\/de-geschiedenis-van-mirtos\/?lang=nl\/#top\">Geschiedenispagina<\/a>\u00a0John&#8217;s korte samenvatting over de <a title=\"De Mino\u00efsche Bezetting van Mirtos\" href=\"https:\/\/www.mirtoscrete.gr\/de-geschiedenis-van-mirtos\/?lang=nl\/#minoan\">Mino\u00efsche Bezetting van Mirtos<\/a>.<br \/>\n[\/et_pb_text][\/et_pb_column][\/et_pb_row][\/et_pb_section]<\/p>\n","protected":false},"excerpt":{"rendered":"<p>De aanstichter en oprichter van het Museum van Mirtos was wijlen Georgios Dimitrianakis. Werkzaam als onderwijzer in Mirtos was hem de grote verscheidenheid aan vazen, stukken van gereedschap en beelden en diverse voorwerpen opgevallen, die in het bouwland ten oosten van het dorp werden gevonden. Om beschadiging, verval en diefstal van de voorwerpen te voorkomen [&hellip;]<\/p>\n","protected":false},"author":1,"featured_media":0,"parent":0,"menu_order":0,"comment_status":"open","ping_status":"closed","template":"","meta":{"_et_pb_use_builder":"on","_et_pb_old_content":"","_et_gb_content_width":"","footnotes":""},"class_list":["post-2225","page","type-page","status-publish","hentry"],"_links":{"self":[{"href":"https:\/\/www.mirtoscrete.gr\/nl\/wp-json\/wp\/v2\/pages\/2225","targetHints":{"allow":["GET"]}}],"collection":[{"href":"https:\/\/www.mirtoscrete.gr\/nl\/wp-json\/wp\/v2\/pages"}],"about":[{"href":"https:\/\/www.mirtoscrete.gr\/nl\/wp-json\/wp\/v2\/types\/page"}],"author":[{"embeddable":true,"href":"https:\/\/www.mirtoscrete.gr\/nl\/wp-json\/wp\/v2\/users\/1"}],"replies":[{"embeddable":true,"href":"https:\/\/www.mirtoscrete.gr\/nl\/wp-json\/wp\/v2\/comments?post=2225"}],"version-history":[{"count":0,"href":"https:\/\/www.mirtoscrete.gr\/nl\/wp-json\/wp\/v2\/pages\/2225\/revisions"}],"wp:attachment":[{"href":"https:\/\/www.mirtoscrete.gr\/nl\/wp-json\/wp\/v2\/media?parent=2225"}],"curies":[{"name":"wp","href":"https:\/\/api.w.org\/{rel}","templated":true}]}}