{"id":2163,"date":"2014-08-02T00:12:57","date_gmt":"2014-08-01T21:12:57","guid":{"rendered":"https:\/\/www.mirtoscrete.gr\/\/www.mirtoscrete.gr\/the-history-of-mirtos-2\/"},"modified":"2024-09-20T15:36:18","modified_gmt":"2024-09-20T12:36:18","slug":"de-geschiedenis-van-mirtos","status":"publish","type":"page","link":"https:\/\/www.mirtoscrete.gr\/nl\/de-geschiedenis-van-mirtos\/","title":{"rendered":"De Geschiedenis van Mirtos"},"content":{"rendered":"<p>[et_pb_section fb_built=&#8221;1&#8243; custom_padding_last_edited=&#8221;on|desktop&#8221; admin_label=&#8221;section&#8221; module_id=&#8221;top&#8221; _builder_version=&#8221;4.16&#8243; background_color=&#8221;rgba(255,255,255,0)&#8221; parallax=&#8221;on&#8221; custom_padding_tablet=&#8221;50px|0|50px|0&#8243; custom_padding_phone=&#8221;&#8221; da_disable_devices=&#8221;off|off|off&#8221; transparent_background=&#8221;on&#8221; padding_mobile=&#8221;off&#8221; make_fullwidth=&#8221;off&#8221; use_custom_width=&#8221;off&#8221; width_unit=&#8221;on&#8221; global_colors_info=&#8221;{}&#8221; da_is_popup=&#8221;off&#8221; da_exit_intent=&#8221;off&#8221; da_has_close=&#8221;on&#8221; da_alt_close=&#8221;off&#8221; da_dark_close=&#8221;off&#8221; da_not_modal=&#8221;on&#8221; da_is_singular=&#8221;off&#8221; da_with_loader=&#8221;off&#8221; da_has_shadow=&#8221;on&#8221;][et_pb_row admin_label=&#8221;row&#8221; _builder_version=&#8221;4.16&#8243; background_size=&#8221;initial&#8221; background_position=&#8221;top_left&#8221; background_repeat=&#8221;repeat&#8221; global_colors_info=&#8221;{}&#8221;][et_pb_column type=&#8221;4_4&#8243; _builder_version=&#8221;4.16&#8243; custom_padding=&#8221;|||&#8221; global_colors_info=&#8221;{}&#8221; custom_padding__hover=&#8221;|||&#8221;][et_pb_text admin_label=&#8221;Text&#8221; _builder_version=&#8221;4.16&#8243; background_color=&#8221;rgba(255,255,255,0.86)&#8221; background_size=&#8221;initial&#8221; background_position=&#8221;top_left&#8221; background_repeat=&#8221;repeat&#8221; custom_padding=&#8221;4px|8px|4px|8px|true|true&#8221; custom_css_main_element=&#8221;display: inline-block;&#8221; border_radii=&#8221;on|10px|10px|10px|10px&#8221; global_colors_info=&#8221;{}&#8221;]<\/p>\n<h1><strong><b>De geschiedenis van Mirtos in vogelvlucht<\/b><\/strong><\/h1>\n<p><a title=\"De Mino\u00efsche Bezetting van Mirtos\" href=\"#minoan\"><strong>en een korte samenvatting over de Mino\u00efsche bezetting<\/strong><\/a><br \/>\n[\/et_pb_text][\/et_pb_column][\/et_pb_row][et_pb_row column_structure=&#8221;1_3,2_3&#8243; use_custom_gutter=&#8221;on&#8221; gutter_width=&#8221;1&#8243; padding_mobile=&#8221;off&#8221; column_padding_mobile=&#8221;on&#8221; admin_label=&#8221;row&#8221; _builder_version=&#8221;4.16&#8243; background_size=&#8221;initial&#8221; background_position=&#8221;top_left&#8221; background_repeat=&#8221;repeat&#8221; make_fullwidth=&#8221;off&#8221; use_custom_width=&#8221;off&#8221; width_unit=&#8221;on&#8221; global_colors_info=&#8221;{}&#8221;][et_pb_column type=&#8221;1_3&#8243; _builder_version=&#8221;4.16&#8243; custom_padding=&#8221;|||&#8221; global_colors_info=&#8221;{}&#8221; custom_padding__hover=&#8221;|||&#8221;][et_pb_image src=&#8221;https:\/\/www.mirtoscrete.gr\/wp-content\/uploads\/2016\/04\/monument00.png&#8221; align_tablet=&#8221;center&#8221; align_phone=&#8221;&#8221; align_last_edited=&#8221;on|desktop&#8221; admin_label=&#8221;Image&#8221; _builder_version=&#8221;4.16&#8243; use_border_color=&#8221;off&#8221; border_color=&#8221;#ffffff&#8221; border_style=&#8221;solid&#8221; sticky=&#8221;off&#8221; always_center_on_mobile=&#8221;on&#8221; global_colors_info=&#8221;{}&#8221;][\/et_pb_image][et_pb_menu menu_id=&#8221;53&#8243; module_class=&#8221;pa-open-mobile-menu&#8221; _builder_version=&#8221;4.27.0&#8243; _module_preset=&#8221;default&#8221; background_color=&#8221;RGBA(255,255,255,0)&#8221; positioning=&#8221;fixed&#8221; position_origin_f=&#8221;top_right&#8221; text_orientation=&#8221;right&#8221; width=&#8221;100%&#8221; custom_margin=&#8221;|10px|||false|false&#8221; custom_margin_tablet=&#8221;|5px|||false|false&#8221; custom_margin_phone=&#8221;|0px|||false|false&#8221; custom_margin_last_edited=&#8221;on|phone&#8221; locked=&#8221;off&#8221; global_colors_info=&#8221;{}&#8221;][\/et_pb_menu][\/et_pb_column][et_pb_column type=&#8221;2_3&#8243; _builder_version=&#8221;4.16&#8243; custom_padding=&#8221;|||&#8221; global_colors_info=&#8221;{}&#8221; custom_padding__hover=&#8221;|||&#8221;][et_pb_accordion admin_label=&#8221;dick tekst accordeon&#8221; _builder_version=&#8221;4.16&#8243; toggle_text_color=&#8221;#c87c51&#8243; toggle_font=&#8221;|600|||||||&#8221; toggle_font_size=&#8221;17px&#8221; use_border_color=&#8221;off&#8221; border_color=&#8221;#ffffff&#8221; border_style=&#8221;solid&#8221; global_colors_info=&#8221;{}&#8221;][et_pb_accordion_item title=&#8221;Hoe Mirtos een woonplaats werd&#8221; open=&#8221;on&#8221; _builder_version=&#8221;4.16&#8243; global_colors_info=&#8221;{}&#8221;]V\u00f3\u00f3r de voorlaatste eeuwwisseling was er van de woongemeenschap Mirtos nog geen sprake. Het was vroeger niet de gewoonte om aan zee te wonen. Reden? Het was te gevaarlijk. Op zee waren piraten actief. Toen eind negentiende eeuw dit gevaar was bezworen trokken bergdorpbewoners langzaamaan richting kust. Veel van die eerste bewoners van Mirtos kwamen uit het zeven kilometer hogerop gelegen dorp Gdochia.<br \/>\nDat de woonbestemming Mirtos werd is goed te verklaren. Er was al handel in Mirtos. Producten uit het achterland werden naar het bestaande haventje, destijds westelijk in de baai gelegen, gebracht om daar te worden verscheept naar Ierapetra. Van daaruit werden de goederen verder naar binnen- en buitenlandse bestemmingen vervoerd.<br \/>\n[\/et_pb_accordion_item][et_pb_accordion_item title=&#8221;De 2e Wereldoorlog&#8221; _builder_version=&#8221;4.16&#8243; global_colors_info=&#8221;{}&#8221; open=&#8221;off&#8221;]Mirtos groeide gestaag. Er was nog lang geen grote welvaart, maar men kwam rond en er was vrede. Tot de tweede wereldoorlog. De Duitsers die in 1941 op Kreta waren geland, wilden om strategische redenen vooral aan de zuidkust sperzones instellen. Zij ondervonden daarbij veel tegenstand van de partizanen. Dit heeft veel strijders, maar ook gewone burgers het leven gekost. Mirtos moest uiteindelijk op 15 september 1943 op bevel van de machthebbers worden ontruimd. Achttien jongens en mannen weigerden dit en werden ge\u00ebxecuteerd. De huizen werden in brand gestoken. Dat grote drama van Mirtos is op een eenvoudige zuil in het dorp terug te vinden. Daarop staan de namen van de achttien omgekomenen, die ieder jaar op 15 september worden herdacht met een kerkdienst en het leggen van kransen.<br \/>\n[\/et_pb_accordion_item][et_pb_accordion_item title=&#8221;De wederopbouw&#8221; _builder_version=&#8221;4.16&#8243; global_colors_info=&#8221;{}&#8221; open=&#8221;off&#8221;]Na de oorlog wilde de bevolking aanvankelijk niet terugkeren. Met enige dwang van de overheid gingen zij uiteindelijk terug. De muren van de afgebrande huizen stonden nog overeind en zo begon men langzaamaan aan de wederopbouw.<\/p>\n<p>De berooide bevolking bleef het arm hebben. Tot eind jaren zestig de Nederlandse Paul Kuiper naar Ierapetra kwam en daar de kassen introduceerde. Meerdere oogsten werden mogelijk en de planten werden resistenter tegen weer en ziekten. De enorme groei qua welvaart is ook aan Mirtos niet voorbij gegaan.<br \/>\n[\/et_pb_accordion_item][et_pb_accordion_item title=&#8221;Het toerisme&#8221; _builder_version=&#8221;4.16&#8243; global_colors_info=&#8221;{}&#8221; open=&#8221;off&#8221;]Begin jaren tachtig kwam op Kreta het grotere toerisme op gang. In het noorden ging die groei steeds explosiever. Aan de zuidkust, dus ook in Mirtos, langzaam maar gestaag. In diezelfde periode besloot de overheid in Mirtos een boulevard te bouwen als bescherming tegen de soms verzengende zee. De combinatie van die twee gebeurtenissen heeft ervoor gezorgd dat aan de boulevard gebouwen verrezen waarin zich horeca ging vestigen. Een gezellige flaneerplek met een prettig strand was het resultaat. De boulevard geldt tot op de dag vandaag als \u00e9\u00e9n van de grote trekpleisters van Mirtos. Goed dus voor het toerisme van het dorp.<br \/>\n[\/et_pb_accordion_item][et_pb_accordion_item title=&#8221;Nu&#8221; _builder_version=&#8221;4.16&#8243; global_colors_info=&#8221;{}&#8221; open=&#8221;off&#8221;]Vandaag de dag leven ruim 600 mensen \u2019s zomers en \u2019s winters in Mirtos. Men leeft voor een groot deel van land- en tuinbouw en deels ook van het toerisme, dat plaatsvindt tussen 1 april en 1 november. Men is overwegend Grieks Orthodox. Mirtos kent een oude kleine kerk uit de periode van de eerste bewoners en een nieuwe grotere kerk van latere datum. Mirtos heeft een kleuterschool en een basisschool. Voor vervolgonderwijs moeten kinderen naar Ierapetra. Het dorp valt onder deze gemeente en heeft een, door de bevolking gekozen, vertegenwoordiger in de gemeenteraad van Ierapetra.<\/p>\n<p>\u00a9 Dick Ridder<br \/>\n[\/et_pb_accordion_item][\/et_pb_accordion][\/et_pb_column][\/et_pb_row][\/et_pb_section][et_pb_section fb_built=&#8221;1&#8243; inner_shadow=&#8221;on&#8221; custom_padding_last_edited=&#8221;on|desktop&#8221; admin_label=&#8221;section&#8221; _builder_version=&#8221;4.16&#8243; background_color=&#8221;rgba(245,236,208,0.85)&#8221; custom_padding_tablet=&#8221;50px|0|50px|0&#8243; custom_padding_phone=&#8221;&#8221; da_disable_devices=&#8221;off|off|off&#8221; transparent_background=&#8221;off&#8221; padding_mobile=&#8221;off&#8221; make_fullwidth=&#8221;off&#8221; use_custom_width=&#8221;off&#8221; width_unit=&#8221;on&#8221; global_colors_info=&#8221;{}&#8221; da_is_popup=&#8221;off&#8221; da_exit_intent=&#8221;off&#8221; da_has_close=&#8221;on&#8221; da_alt_close=&#8221;off&#8221; da_dark_close=&#8221;off&#8221; da_not_modal=&#8221;on&#8221; da_is_singular=&#8221;off&#8221; da_with_loader=&#8221;off&#8221; da_has_shadow=&#8221;on&#8221;][et_pb_row column_structure=&#8221;2_3,1_3&#8243; use_custom_gutter=&#8221;on&#8221; gutter_width=&#8221;1&#8243; padding_mobile=&#8221;off&#8221; make_equal=&#8221;on&#8221; column_padding_mobile=&#8221;on&#8221; admin_label=&#8221;row&#8221; _builder_version=&#8221;4.16&#8243; background_size=&#8221;initial&#8221; background_position=&#8221;top_left&#8221; background_repeat=&#8221;repeat&#8221; make_fullwidth=&#8221;off&#8221; use_custom_width=&#8221;off&#8221; width_unit=&#8221;on&#8221; global_colors_info=&#8221;{}&#8221;][et_pb_column type=&#8221;2_3&#8243; _builder_version=&#8221;4.16&#8243; background_color=&#8221;rgba(255,248,232,0.9)&#8221; custom_padding=&#8221;3%|3%|3%|3%&#8221; global_colors_info=&#8221;{}&#8221; custom_padding__hover=&#8221;|||&#8221;][et_pb_image src=&#8221;https:\/\/www.mirtoscrete.gr\/wp-content\/uploads\/2016\/04\/MirtosMuseo3.jpg&#8221; align_tablet=&#8221;center&#8221; align_phone=&#8221;&#8221; align_last_edited=&#8221;on|desktop&#8221; admin_label=&#8221;Image&#8221; _builder_version=&#8221;4.16&#8243; sticky=&#8221;off&#8221; global_colors_info=&#8221;{}&#8221;][\/et_pb_image][\/et_pb_column][et_pb_column type=&#8221;1_3&#8243; _builder_version=&#8221;4.16&#8243; background_color=&#8221;rgba(255,248,232,0.9)&#8221; custom_padding=&#8221;3%|3%|3%|3%&#8221; global_colors_info=&#8221;{}&#8221; custom_padding__hover=&#8221;|||&#8221;][et_pb_testimonial author=&#8221;John Atkinson&#8221; job_title=&#8221;Museum Curator&#8221; url=&#8221;https:\/\/www.mirtoscrete.gr\/\/www.mithipottery.com&#8221; portrait_url=&#8221;https:\/\/www.mirtoscrete.gr\/wp-content\/uploads\/2016\/04\/John.jpg&#8221; admin_label=&#8221;Testimonial&#8221; _builder_version=&#8221;4.16&#8243; use_background_color=&#8221;off&#8221; background_size=&#8221;initial&#8221; background_position=&#8221;top_left&#8221; background_repeat=&#8221;repeat&#8221; use_border_color=&#8221;off&#8221; border_color=&#8221;#ffffff&#8221; border_style=&#8221;solid&#8221; global_colors_info=&#8221;{}&#8221;]Wilt u meer over de geschiedenis van Mirtos weten, bezoek dan het&nbsp;<a title=\"Het Museum van Mirtos\" href=\"https:\/\/www.mirtoscrete.gr\/het-museum-van-mirtos\/?lang=nl\/#top\">Museum<\/a> bij de oude kerk.<br \/>\n[\/et_pb_testimonial][\/et_pb_column][\/et_pb_row][\/et_pb_section][et_pb_section fb_built=&#8221;1&#8243; custom_padding_last_edited=&#8221;on|desktop&#8221; admin_label=&#8221;section&#8221; module_id=&#8221;minoan&#8221; _builder_version=&#8221;4.16&#8243; background_color=&#8221;rgba(255,248,232,0.9)&#8221; custom_padding_tablet=&#8221;50px|0|50px|0&#8243; custom_padding_phone=&#8221;&#8221; da_disable_devices=&#8221;off|off|off&#8221; transparent_background=&#8221;off&#8221; padding_mobile=&#8221;off&#8221; make_fullwidth=&#8221;off&#8221; use_custom_width=&#8221;off&#8221; width_unit=&#8221;on&#8221; global_colors_info=&#8221;{}&#8221; da_is_popup=&#8221;off&#8221; da_exit_intent=&#8221;off&#8221; da_has_close=&#8221;on&#8221; da_alt_close=&#8221;off&#8221; da_dark_close=&#8221;off&#8221; da_not_modal=&#8221;on&#8221; da_is_singular=&#8221;off&#8221; da_with_loader=&#8221;off&#8221; da_has_shadow=&#8221;on&#8221;][et_pb_row column_structure=&#8221;1_3,2_3&#8243; admin_label=&#8221;row&#8221; _builder_version=&#8221;4.16&#8243; background_size=&#8221;initial&#8221; background_position=&#8221;top_left&#8221; background_repeat=&#8221;repeat&#8221; global_colors_info=&#8221;{}&#8221;][et_pb_column type=&#8221;1_3&#8243; _builder_version=&#8221;4.16&#8243; custom_padding=&#8221;|||&#8221; global_colors_info=&#8221;{}&#8221; custom_padding__hover=&#8221;|||&#8221;][et_pb_image src=&#8221;https:\/\/www.mirtoscrete.gr\/wp-content\/uploads\/2016\/04\/goddess-of-mirtos.png&#8221; align_tablet=&#8221;center&#8221; align_phone=&#8221;&#8221; align_last_edited=&#8221;on|desktop&#8221; admin_label=&#8221;Image&#8221; _builder_version=&#8221;4.16&#8243; animation_style=&#8221;slide&#8221; animation_direction=&#8221;left&#8221; animation_duration=&#8221;500ms&#8221; animation_intensity_slide=&#8221;10%&#8221; use_border_color=&#8221;off&#8221; border_color=&#8221;#ffffff&#8221; border_style=&#8221;solid&#8221; animation=&#8221;left&#8221; sticky=&#8221;off&#8221; always_center_on_mobile=&#8221;on&#8221; global_colors_info=&#8221;{}&#8221;][\/et_pb_image][\/et_pb_column][et_pb_column type=&#8221;2_3&#8243; _builder_version=&#8221;4.16&#8243; custom_padding=&#8221;|||&#8221; global_colors_info=&#8221;{}&#8221; custom_padding__hover=&#8221;|||&#8221;][et_pb_text admin_label=&#8221;mino\u00efsch&#8221; _builder_version=&#8221;4.16&#8243; background_size=&#8221;initial&#8221; background_position=&#8221;top_left&#8221; background_repeat=&#8221;repeat&#8221; global_colors_info=&#8221;{}&#8221;]<\/p>\n<h3>De Mino\u00efsche Bezetting van\u00a0Mirtos<\/h3>\n<p>De Mino\u00ebrs waren in het gebied rond Mirtos vanaf het allereerste begin tot het eind van de paleisperioden in de Bronstijd.<br \/>\nMensen (die later Mino\u00ebrs genoemd werden) arriveerden in het gebied rond\u00a0Mirtos voor 3000 BC. Ze waren boeren. Ze kwamen met koeien, schapen, varkens en geiten. Het was de Nieuwe Steentijd en al hun gereedschap was van steen. Tegen 2800 BC waren er twee kleine nederzettingen. E\u00e9n bevond zich op de heuvel die wij <strong>Pyrgos<\/strong> noemen, direct boven het dorp. De andere was een kilometer naar het oosten op de heuvel die als <strong>Fournou Korifi <\/strong>bekend staat.<br \/>\nRond deze tijd werd het Brons ge\u00efntroduceerd op Kreta. Het kwam uit het Nabije Oosten. Pyrgos en Fournou Korifi waren nu in de Mino\u00efsche Bronstijd en hadden zowel stenen als bronzen werktuigen.<br \/>\n[\/et_pb_text][\/et_pb_column][\/et_pb_row][et_pb_row column_structure=&#8221;2_3,1_3&#8243; admin_label=&#8221;row&#8221; _builder_version=&#8221;4.16&#8243; background_size=&#8221;initial&#8221; background_position=&#8221;top_left&#8221; background_repeat=&#8221;repeat&#8221; global_colors_info=&#8221;{}&#8221;][et_pb_column type=&#8221;2_3&#8243; _builder_version=&#8221;4.16&#8243; custom_padding=&#8221;|||&#8221; global_colors_info=&#8221;{}&#8221; custom_padding__hover=&#8221;|||&#8221;][et_pb_text admin_label=&#8221;fournou&#8221; _builder_version=&#8221;4.16&#8243; background_size=&#8221;initial&#8221; background_position=&#8221;top_left&#8221; background_repeat=&#8221;repeat&#8221; global_colors_info=&#8221;{}&#8221;]<\/p>\n<h3>Fournou Korifi<\/h3>\n<p>Bij het opgraven van\u00a0Fournou Korifi vonden de\u00a0archeologen de volgende zaken:<\/p>\n<ul>\n<li>Stenen werktuigen.<\/li>\n<li>Bronzen werktuigen.<\/li>\n<li>De mensen hadden druiven en maakten wijn.<\/li>\n<li>Resten van olijfolie wezen op olie voor honderd mensen.<\/li>\n<li>Ze maakten aardewerk.<\/li>\n<li>Ze waren wevers en maakten kleren.<\/li>\n<li>In \u00e9\u00e9n van de kamers werd een aardewerk beeld van een godin gevonden.<\/li>\n<li>Bewijs van handel met andere gemeenschappen in Griekenland en daarbuiten.<\/li>\n<\/ul>\n<p>Na 400 jaar werd de nederzetting door vuur verwoest. De mensen vertrokken haastig en lieten alles liggen op dezelfde plaats waar ze het gebruikten. Ze kwamen nooit meer terug. Om deze reden is Fournou Korifi \u00e9\u00e9n van de beste voorbeelden van het leven aan het begin van de Bronstijd. De opgegraven resten vindt u op de berg Fournou Korifi, \u00e9\u00e9n kilometer ten oosten van Mirtos.<\/p>\n<p>In het museum van Mirtos staat een <a title=\"Het schaalmodel van Fournou Korifi in het Mirtos Museum\" href=\"https:\/\/www.mirtoscrete.gr\/het-museum-van-mirtos\/?lang=nl\/#fournou-korifi\">schaalmodel van de Fournou Korifi site<\/a>.<br \/>\n[\/et_pb_text][\/et_pb_column][et_pb_column type=&#8221;1_3&#8243; _builder_version=&#8221;4.16&#8243; custom_padding=&#8221;|||&#8221; global_colors_info=&#8221;{}&#8221; custom_padding__hover=&#8221;|||&#8221;][et_pb_image src=&#8221;https:\/\/www.mirtoscrete.gr\/wp-content\/uploads\/2016\/04\/fournou.gif&#8221; show_in_lightbox=&#8221;on&#8221; align_tablet=&#8221;center&#8221; align_phone=&#8221;&#8221; align_last_edited=&#8221;on|desktop&#8221; admin_label=&#8221;Image&#8221; _builder_version=&#8221;4.16&#8243; use_border_color=&#8221;off&#8221; border_color=&#8221;#ffffff&#8221; border_style=&#8221;solid&#8221; sticky=&#8221;off&#8221; always_center_on_mobile=&#8221;on&#8221; global_colors_info=&#8221;{}&#8221;][\/et_pb_image][\/et_pb_column][\/et_pb_row][et_pb_row column_structure=&#8221;1_3,2_3&#8243; admin_label=&#8221;row&#8221; _builder_version=&#8221;4.16&#8243; background_size=&#8221;initial&#8221; background_position=&#8221;top_left&#8221; background_repeat=&#8221;repeat&#8221; global_colors_info=&#8221;{}&#8221;][et_pb_column type=&#8221;1_3&#8243; _builder_version=&#8221;4.16&#8243; custom_padding=&#8221;|||&#8221; global_colors_info=&#8221;{}&#8221; custom_padding__hover=&#8221;|||&#8221;][et_pb_text admin_label=&#8221;Text&#8221; _builder_version=&#8221;4.16&#8243; background_size=&#8221;initial&#8221; background_position=&#8221;top_left&#8221; background_repeat=&#8221;repeat&#8221; global_colors_info=&#8221;{}&#8221;]<\/p>\n<h3>Pyrgos<\/h3>\n<p>De nederzetting op de heuvel Pyrgos werd niet vernietigd. Ze groeide door gedurende twee paleisperioden. Aan het eind van deze 1350 jaar stond er een groot en prachtig huis met veel rijkdom erin, in de stijl van een paleis. Dit werd in 1450BC vernietigd, net als alle andere paleizen op het eiland. Sommigen denken dat de uitbarsting van de vulkaan Thera, op het eiland Santorini, de oorzaak was van het einde van de Paleisperioden. De resten van het mooie huis kunnen nog steeds bekeken worden op de heuvel Pyrgos boven Mirtos.<\/p>\n<hr \/>\n<p><strong>\u00a9John Atkinson<\/strong><br \/>\n[\/et_pb_text][\/et_pb_column][et_pb_column type=&#8221;2_3&#8243; _builder_version=&#8221;4.16&#8243; custom_padding=&#8221;|||&#8221; global_colors_info=&#8221;{}&#8221; custom_padding__hover=&#8221;|||&#8221;][et_pb_map address=&#8221;Mirtos, Griekenland&#8221; zoom_level=&#8221;16&#8243; address_lat=&#8221;35.007021674506454&#8243; address_lng=&#8221;25.593763141408544&#8243; mouse_wheel=&#8221;off&#8221; admin_label=&#8221;Map&#8221; _builder_version=&#8221;4.16&#8243; global_colors_info=&#8221;{}&#8221;][et_pb_map_pin title=&#8221;Fournou Korfi&#8221; pin_address=&#8221;Eparchiaki Odos Pachias Amou &#8211; Gdochia, Ierapetra 720 56, Griekenland&#8221; pin_address_lat=&#8221;35.008178359678354&#8243; pin_address_lng=&#8221;25.597547738328558&#8243; _builder_version=&#8221;3.0.47&#8243; global_colors_info=&#8221;{}&#8221;][\/et_pb_map_pin][et_pb_map_pin title=&#8221;Pirgos&#8221; pin_address=&#8221;Eparchiaki Odos Pachias Amou &#8211; Gdochia, Ierapetra 720 56, Griekenland&#8221; pin_address_lat=&#8221;35.00581444242482&#8243; pin_address_lng=&#8221;25.58879837252198&#8243; _builder_version=&#8221;3.0.47&#8243; global_colors_info=&#8221;{}&#8221;][\/et_pb_map_pin][\/et_pb_map][\/et_pb_column][\/et_pb_row][et_pb_row _builder_version=&#8221;4.16&#8243; background_size=&#8221;initial&#8221; background_position=&#8221;top_left&#8221; background_repeat=&#8221;repeat&#8221; locked=&#8221;off&#8221; global_colors_info=&#8221;{}&#8221;][et_pb_column type=&#8221;4_4&#8243; _builder_version=&#8221;4.16&#8243; custom_padding=&#8221;|||&#8221; global_colors_info=&#8221;{}&#8221; custom_padding__hover=&#8221;|||&#8221;][et_pb_text admin_label=&#8221;vimeo&#8221; _builder_version=&#8221;4.16&#8243; z_index_tablet=&#8221;500&#8243; text_text_shadow_horizontal_length_tablet=&#8221;0px&#8221; text_text_shadow_vertical_length_tablet=&#8221;0px&#8221; text_text_shadow_blur_strength_tablet=&#8221;1px&#8221; link_text_shadow_horizontal_length_tablet=&#8221;0px&#8221; link_text_shadow_vertical_length_tablet=&#8221;0px&#8221; link_text_shadow_blur_strength_tablet=&#8221;1px&#8221; ul_text_shadow_horizontal_length_tablet=&#8221;0px&#8221; ul_text_shadow_vertical_length_tablet=&#8221;0px&#8221; ul_text_shadow_blur_strength_tablet=&#8221;1px&#8221; ol_text_shadow_horizontal_length_tablet=&#8221;0px&#8221; ol_text_shadow_vertical_length_tablet=&#8221;0px&#8221; ol_text_shadow_blur_strength_tablet=&#8221;1px&#8221; quote_text_shadow_horizontal_length_tablet=&#8221;0px&#8221; quote_text_shadow_vertical_length_tablet=&#8221;0px&#8221; quote_text_shadow_blur_strength_tablet=&#8221;1px&#8221; header_text_shadow_horizontal_length_tablet=&#8221;0px&#8221; header_text_shadow_vertical_length_tablet=&#8221;0px&#8221; header_text_shadow_blur_strength_tablet=&#8221;1px&#8221; header_2_text_shadow_horizontal_length_tablet=&#8221;0px&#8221; header_2_text_shadow_vertical_length_tablet=&#8221;0px&#8221; header_2_text_shadow_blur_strength_tablet=&#8221;1px&#8221; header_3_text_shadow_horizontal_length_tablet=&#8221;0px&#8221; header_3_text_shadow_vertical_length_tablet=&#8221;0px&#8221; header_3_text_shadow_blur_strength_tablet=&#8221;1px&#8221; header_4_text_shadow_horizontal_length_tablet=&#8221;0px&#8221; header_4_text_shadow_vertical_length_tablet=&#8221;0px&#8221; header_4_text_shadow_blur_strength_tablet=&#8221;1px&#8221; header_5_text_shadow_horizontal_length_tablet=&#8221;0px&#8221; header_5_text_shadow_vertical_length_tablet=&#8221;0px&#8221; header_5_text_shadow_blur_strength_tablet=&#8221;1px&#8221; header_6_text_shadow_horizontal_length_tablet=&#8221;0px&#8221; header_6_text_shadow_vertical_length_tablet=&#8221;0px&#8221; header_6_text_shadow_blur_strength_tablet=&#8221;1px&#8221; box_shadow_horizontal_tablet=&#8221;0px&#8221; box_shadow_vertical_tablet=&#8221;0px&#8221; box_shadow_blur_tablet=&#8221;40px&#8221; box_shadow_spread_tablet=&#8221;0px&#8221; global_colors_info=&#8221;{}&#8221;]<iframe loading=\"lazy\" src=\"https:\/\/player.vimeo.com\/video\/351760512\" width=\"1280\" height=\"720\" frameborder=\"0\" allow=\"autoplay; fullscreen\" allowfullscreen=\"\"><\/iframe><br \/>\n[\/et_pb_text][\/et_pb_column][\/et_pb_row][\/et_pb_section]<\/p>\n","protected":false},"excerpt":{"rendered":"<p>De geschiedenis van Mirtos in vogelvlucht en een korte samenvatting over de Mino\u00efsche bezetting V\u00f3\u00f3r de voorlaatste eeuwwisseling was er van de woongemeenschap Mirtos nog geen sprake. Het was vroeger niet de gewoonte om aan zee te wonen. Reden? Het was te gevaarlijk. Op zee waren piraten actief. Toen eind negentiende eeuw dit gevaar was [&hellip;]<\/p>\n","protected":false},"author":1,"featured_media":0,"parent":0,"menu_order":3,"comment_status":"open","ping_status":"closed","template":"","meta":{"_et_pb_use_builder":"on","_et_pb_old_content":"","_et_gb_content_width":"","footnotes":""},"class_list":["post-2163","page","type-page","status-publish","hentry"],"_links":{"self":[{"href":"https:\/\/www.mirtoscrete.gr\/nl\/wp-json\/wp\/v2\/pages\/2163","targetHints":{"allow":["GET"]}}],"collection":[{"href":"https:\/\/www.mirtoscrete.gr\/nl\/wp-json\/wp\/v2\/pages"}],"about":[{"href":"https:\/\/www.mirtoscrete.gr\/nl\/wp-json\/wp\/v2\/types\/page"}],"author":[{"embeddable":true,"href":"https:\/\/www.mirtoscrete.gr\/nl\/wp-json\/wp\/v2\/users\/1"}],"replies":[{"embeddable":true,"href":"https:\/\/www.mirtoscrete.gr\/nl\/wp-json\/wp\/v2\/comments?post=2163"}],"version-history":[{"count":0,"href":"https:\/\/www.mirtoscrete.gr\/nl\/wp-json\/wp\/v2\/pages\/2163\/revisions"}],"wp:attachment":[{"href":"https:\/\/www.mirtoscrete.gr\/nl\/wp-json\/wp\/v2\/media?parent=2163"}],"curies":[{"name":"wp","href":"https:\/\/api.w.org\/{rel}","templated":true}]}}