{"id":9089,"date":"2014-08-02T00:34:32","date_gmt":"2014-08-01T21:34:32","guid":{"rendered":"https:\/\/www.mirtoscrete.gr\/\/www.mirtoscrete.gr\/?page_id=9089"},"modified":"2024-09-20T21:27:38","modified_gmt":"2024-09-20T18:27:38","slug":"magasins-a-mirtos","status":"publish","type":"page","link":"https:\/\/www.mirtoscrete.gr\/fr\/magasins-a-mirtos\/","title":{"rendered":"Magasins \u00e0 Mirtos"},"content":{"rendered":"<p>[et_pb_section fb_built=\u00a0\u00bb1&Prime; custom_padding_last_edited=\u00a0\u00bbon|desktop\u00a0\u00bb module_id=\u00a0\u00bbindex\u00a0\u00bb _builder_version=\u00a0\u00bb4.20.2&Prime; _module_preset=\u00a0\u00bbdefault\u00a0\u00bb background_color=\u00a0\u00bb#f4efd7&Prime; background_enable_pattern_style=\u00a0\u00bbon\u00a0\u00bb background_pattern_color=\u00a0\u00bb#FFFFFF\u00a0\u00bb background_pattern_size=\u00a0\u00bbcustom\u00a0\u00bb background_pattern_width=\u00a0\u00bb10px\u00a0\u00bb background_pattern_height=\u00a0\u00bb20px\u00a0\u00bb background_pattern_repeat_origin=\u00a0\u00bbtop_center\u00a0\u00bb custom_margin=\u00a0\u00bb0px||0px||false|false\u00a0\u00bb custom_padding=\u00a0\u00bb0px||0px||false|false\u00a0\u00bb custom_padding_tablet=\u00a0\u00bb50px|0|50px|0&Prime; custom_padding_phone=\u00a0\u00bb50px|0|50px|0&Prime; da_disable_devices=\u00a0\u00bboff|off|off\u00a0\u00bb locked=\u00a0\u00bboff\u00a0\u00bb global_colors_info=\u00a0\u00bb{}\u00a0\u00bb da_is_popup=\u00a0\u00bboff\u00a0\u00bb da_exit_intent=\u00a0\u00bboff\u00a0\u00bb da_has_close=\u00a0\u00bbon\u00a0\u00bb da_alt_close=\u00a0\u00bboff\u00a0\u00bb da_dark_close=\u00a0\u00bboff\u00a0\u00bb da_not_modal=\u00a0\u00bbon\u00a0\u00bb da_is_singular=\u00a0\u00bboff\u00a0\u00bb da_with_loader=\u00a0\u00bboff\u00a0\u00bb da_has_shadow=\u00a0\u00bbon\u00a0\u00bb][et_pb_row use_custom_gutter=\u00a0\u00bbon\u00a0\u00bb gutter_width=\u00a0\u00bb2&Prime; _builder_version=\u00a0\u00bb4.20.2&Prime; _module_preset=\u00a0\u00bbdefault\u00a0\u00bb background_color=\u00a0\u00bbRGBA(255,255,255,0)\u00a0\u00bb min_height=\u00a0\u00bb20px\u00a0\u00bb height=\u00a0\u00bb20px\u00a0\u00bb max_height=\u00a0\u00bb20px\u00a0\u00bb custom_margin=\u00a0\u00bb0px||0px||false|false\u00a0\u00bb custom_padding=\u00a0\u00bb0px||0px|1%|false|false\u00a0\u00bb global_colors_info=\u00a0\u00bb{}\u00a0\u00bb][et_pb_column type=\u00a0\u00bb4_4&Prime; _builder_version=\u00a0\u00bb4.20.2&Prime; _module_preset=\u00a0\u00bbdefault\u00a0\u00bb global_colors_info=\u00a0\u00bb{}\u00a0\u00bb][et_pb_menu menu_id=\u00a0\u00bb53&Prime; module_class=\u00a0\u00bbpa-open-mobile-menu\u00a0\u00bb _builder_version=\u00a0\u00bb4.27.0&Prime; _module_preset=\u00a0\u00bbdefault\u00a0\u00bb background_color=\u00a0\u00bbRGBA(255,255,255,0)\u00a0\u00bb positioning=\u00a0\u00bbfixed\u00a0\u00bb position_origin_f=\u00a0\u00bbtop_right\u00a0\u00bb text_orientation=\u00a0\u00bbright\u00a0\u00bb width=\u00a0\u00bb100%\u00a0\u00bb custom_margin=\u00a0\u00bb|10px|||false|false\u00a0\u00bb custom_margin_tablet=\u00a0\u00bb|5px|||false|false\u00a0\u00bb custom_margin_phone=\u00a0\u00bb|0px|||false|false\u00a0\u00bb custom_margin_last_edited=\u00a0\u00bbon|phone\u00a0\u00bb locked=\u00a0\u00bboff\u00a0\u00bb global_colors_info=\u00a0\u00bb{}\u00a0\u00bb][\/et_pb_menu][\/et_pb_column][\/et_pb_row][et_pb_row use_custom_gutter=\u00a0\u00bbon\u00a0\u00bb gutter_width=\u00a0\u00bb2&Prime; _builder_version=\u00a0\u00bb4.20.2&Prime; _module_preset=\u00a0\u00bbdefault\u00a0\u00bb background_color=\u00a0\u00bb#FFFFFF\u00a0\u00bb background_size=\u00a0\u00bbinitial\u00a0\u00bb background_position=\u00a0\u00bbtop_left\u00a0\u00bb background_repeat=\u00a0\u00bbrepeat\u00a0\u00bb custom_padding=\u00a0\u00bb|1%||1%|false|true\u00a0\u00bb border_radii=\u00a0\u00bbon|10px|10px|10px|10px\u00a0\u00bb global_colors_info=\u00a0\u00bb{}\u00a0\u00bb][et_pb_column type=\u00a0\u00bb4_4&Prime; _builder_version=\u00a0\u00bb4.20.2&Prime; _module_preset=\u00a0\u00bbdefault\u00a0\u00bb global_colors_info=\u00a0\u00bb{}\u00a0\u00bb][et_pb_post_title meta=\u00a0\u00bboff\u00a0\u00bb featured_image=\u00a0\u00bboff\u00a0\u00bb _builder_version=\u00a0\u00bb4.20.2&Prime; _module_preset=\u00a0\u00bbdefault\u00a0\u00bb global_colors_info=\u00a0\u00bb{}\u00a0\u00bb][\/et_pb_post_title][et_pb_text _builder_version=\u00a0\u00bb4.20.2&Prime; _module_preset=\u00a0\u00bbdefault\u00a0\u00bb global_colors_info=\u00a0\u00bb{}\u00a0\u00bb]<\/p>\n<h2>Faites du shopping \u00e0 votre aise<\/h2>\n<p><img loading=\"lazy\" decoding=\"async\" class=\"alignright wp-image-27886\" src=\"https:\/\/www.mirtoscrete.gr\/wp-content\/uploads\/2018\/02\/mirtos-crete-ATM-1.jpg\" alt=\"\" width=\"150\" height=\"150\" srcset=\"https:\/\/www.mirtoscrete.gr\/wp-content\/uploads\/2018\/02\/mirtos-crete-ATM-1.jpg 300w, https:\/\/www.mirtoscrete.gr\/wp-content\/uploads\/2018\/02\/mirtos-crete-ATM-1-284x284.jpg 284w\" sizes=\"(max-width: 150px) 100vw, 150px\" \/>Se presser n\u2019est pas courant \u00e0 Mirtos. Ici, le temps ne passe pas \u00e0 toute vitesse, mais s\u2019\u00e9coule paisiblement. Les aimables propri\u00e9taires de magasins ont encore le temps pour une conversation.<\/p>\n<h3>Nous avons tout ce dont vous avez besoin<\/h3>\n<p>Nous avons une diversit\u00e9 de magasins \u00e0 Mirtos : un boucher, deux supermarch\u00e9s, un boulanger, un salon de coiffure, quelques boutiques sympathiques et des magasins pour l\u2019achat de souvenirs. Pensez bien au fait que la majorit\u00e9 des magasins n\u2019accepte qu\u2019un paiement comptant. Mirtos a depuis 2017 un distributeur de billets situ\u00e9 pr\u00e8s de l&rsquo;h\u00f4tel Mirtos.<\/p>\n<p>[\/et_pb_text][et_pb_button button_url=\u00a0\u00bb#phones\u00a0\u00bb button_text=\u00a0\u00bbListe des num\u00e9ros de t\u00e9l\u00e9phone\u00a0\u00bb _builder_version=\u00a0\u00bb4.20.2&Prime; _module_preset=\u00a0\u00bbdefault\u00a0\u00bb custom_button=\u00a0\u00bbon\u00a0\u00bb button_icon=\u00a0\u00bb&#xf879;||fa||900&Prime; button_text_size_tablet=\u00a0\u00bb18px\u00a0\u00bb button_text_size_phone=\u00a0\u00bb16px\u00a0\u00bb button_text_size_last_edited=\u00a0\u00bbon|phone\u00a0\u00bb locked=\u00a0\u00bboff\u00a0\u00bb global_colors_info=\u00a0\u00bb{}\u00a0\u00bb][\/et_pb_button][et_pb_filterable_portfolio fullwidth=\u00a0\u00bboff\u00a0\u00bb posts_number=\u00a0\u00bb20&Prime; include_categories=\u00a0\u00bb75&Prime; show_categories=\u00a0\u00bboff\u00a0\u00bb show_pagination=\u00a0\u00bboff\u00a0\u00bb zoom_icon_color=\u00a0\u00bbRGBA(255,255,255,0)\u00a0\u00bb hover_overlay_color=\u00a0\u00bbrgba(255,255,255,0.4)\u00a0\u00bb module_class=\u00a0\u00bbthree-column-grid\u00a0\u00bb _builder_version=\u00a0\u00bb4.20.2&Prime; title_font=\u00a0\u00bb||||||||\u00a0\u00bb title_text_align=\u00a0\u00bbleft\u00a0\u00bb title_text_color=\u00a0\u00bb#9e5b3a\u00a0\u00bb title_font_size=\u00a0\u00bb18px\u00a0\u00bb background_color=\u00a0\u00bbRGBA(255,255,255,0)\u00a0\u00bb background_size=\u00a0\u00bbinitial\u00a0\u00bb background_position=\u00a0\u00bbtop_left\u00a0\u00bb background_repeat=\u00a0\u00bbrepeat\u00a0\u00bb border_radii_image=\u00a0\u00bbon|10px|10px|10px|10px\u00a0\u00bb border_color_all_image=\u00a0\u00bbRGBA(255,255,255,0)\u00a0\u00bb box_shadow_style_image=\u00a0\u00bbpreset1&Prime; global_colors_info=\u00a0\u00bb{}\u00a0\u00bb border_width_all_image__hover_enabled=\u00a0\u00bbon|hover\u00a0\u00bb box_shadow_vertical_image__hover_enabled=\u00a0\u00bbon|hover\u00a0\u00bb box_shadow_horizontal_image__hover_enabled=\u00a0\u00bbon|hover\u00a0\u00bb box_shadow_horizontal_image__hover=\u00a0\u00bb0px\u00a0\u00bb box_shadow_vertical_image__hover=\u00a0\u00bb0px\u00a0\u00bb border_width_all_image__hover=\u00a0\u00bb0px\u00a0\u00bb box_shadow_blur_image__hover_enabled=\u00a0\u00bbon|hover\u00a0\u00bb box_shadow_blur_image__hover=\u00a0\u00bb0px\u00a0\u00bb][\/et_pb_filterable_portfolio][\/et_pb_column][\/et_pb_row][et_pb_row use_custom_gutter=\u00a0\u00bbon\u00a0\u00bb gutter_width=\u00a0\u00bb1&Prime; _builder_version=\u00a0\u00bb4.20.2&Prime; _module_preset=\u00a0\u00bbdefault\u00a0\u00bb background_color=\u00a0\u00bbRGBA(255,255,255,0)\u00a0\u00bb min_height=\u00a0\u00bb20px\u00a0\u00bb height=\u00a0\u00bb20px\u00a0\u00bb max_height=\u00a0\u00bb20px\u00a0\u00bb custom_margin=\u00a0\u00bb0px||0px||false|false\u00a0\u00bb custom_padding=\u00a0\u00bb0px||0px|1%|false|false\u00a0\u00bb border_radii=\u00a0\u00bboff|10px|10px||\u00a0\u00bb locked=\u00a0\u00bboff\u00a0\u00bb global_colors_info=\u00a0\u00bb{}\u00a0\u00bb][et_pb_column type=\u00a0\u00bb4_4&Prime; _builder_version=\u00a0\u00bb4.20.2&Prime; _module_preset=\u00a0\u00bbdefault\u00a0\u00bb global_colors_info=\u00a0\u00bb{}\u00a0\u00bb][\/et_pb_column][\/et_pb_row][\/et_pb_section][et_pb_section fb_built=\u00a0\u00bb1&Prime; admin_label=\u00a0\u00bbPopup &#8211; #phones\u00a0\u00bb module_id=\u00a0\u00bbphones\u00a0\u00bb module_class=\u00a0\u00bbpopup\u00a0\u00bb _builder_version=\u00a0\u00bb4.20.2&Prime; _module_preset=\u00a0\u00bbdefault\u00a0\u00bb width=\u00a0\u00bb100%\u00a0\u00bb max_width=\u00a0\u00bb680px\u00a0\u00bb custom_margin=\u00a0\u00bb|0px||0px|false|false\u00a0\u00bb custom_padding=\u00a0\u00bb|0px||0px|false|false\u00a0\u00bb da_is_popup=\u00a0\u00bbon\u00a0\u00bb da_popup_slug=\u00a0\u00bbphones\u00a0\u00bb da_disable_devices=\u00a0\u00bboff|off|off\u00a0\u00bb locked=\u00a0\u00bboff\u00a0\u00bb global_colors_info=\u00a0\u00bb{}\u00a0\u00bb da_exit_intent=\u00a0\u00bboff\u00a0\u00bb da_has_close=\u00a0\u00bbon\u00a0\u00bb da_alt_close=\u00a0\u00bboff\u00a0\u00bb da_dark_close=\u00a0\u00bboff\u00a0\u00bb da_not_modal=\u00a0\u00bbon\u00a0\u00bb da_is_singular=\u00a0\u00bboff\u00a0\u00bb da_with_loader=\u00a0\u00bboff\u00a0\u00bb da_has_shadow=\u00a0\u00bbon\u00a0\u00bb][et_pb_row use_custom_gutter=\u00a0\u00bbon\u00a0\u00bb gutter_width=\u00a0\u00bb1&Prime; _builder_version=\u00a0\u00bb4.20.2&Prime; _module_preset=\u00a0\u00bbdefault\u00a0\u00bb width=\u00a0\u00bb100%\u00a0\u00bb max_width=\u00a0\u00bb600px\u00a0\u00bb module_alignment=\u00a0\u00bbcenter\u00a0\u00bb custom_margin=\u00a0\u00bb|0px||0px|false|false\u00a0\u00bb custom_padding=\u00a0\u00bb|0px||0px|false|false\u00a0\u00bb global_colors_info=\u00a0\u00bb{}\u00a0\u00bb][et_pb_column type=\u00a0\u00bb4_4&Prime; _builder_version=\u00a0\u00bb4.20.2&Prime; _module_preset=\u00a0\u00bbdefault\u00a0\u00bb global_colors_info=\u00a0\u00bb{}\u00a0\u00bb][et_pb_text _builder_version=\u00a0\u00bb4.20.2&Prime; _module_preset=\u00a0\u00bbdefault\u00a0\u00bb custom_margin=\u00a0\u00bb|0px||0px|false|false\u00a0\u00bb custom_padding=\u00a0\u00bb|0px||0px|false|false\u00a0\u00bb global_colors_info=\u00a0\u00bb{}\u00a0\u00bb]<\/p>\n\n<table id=\"tablepress-17\" class=\"tablepress tablepress-id-17\">\n<thead>\n<tr class=\"row-1\">\n\t<th class=\"column-1\">Shops<\/th><td class=\"column-2\"><\/td>\n<\/tr>\n<\/thead>\n<tbody class=\"row-striping\">\n<tr class=\"row-2\">\n\t<td class=\"column-1\">Bak\u00e1liko<\/td><td class=\"column-2\"><a href=\"tel:00302842051008\">28420 51 008<\/a><\/td>\n<\/tr>\n<tr class=\"row-3\">\n\t<td class=\"column-1\">Mirtos Bakery<\/td><td class=\"column-2\"><a href=\"tel:00302842051272\">28420 51 272<\/a><\/td>\n<\/tr>\n<tr class=\"row-4\">\n\t<td class=\"column-1\">Boukamvil\u00eda<\/td><td class=\"column-2\"><a href=\"tel:00302842051382\">28420 51 382<\/a><\/td>\n<\/tr>\n<tr class=\"row-5\">\n\t<td class=\"column-1\">Butchery Kritsot\u00e1kis<\/td><td class=\"column-2\"><a href=\"tel:00306979520491\">69 795 20 491<\/a><\/td>\n<\/tr>\n<tr class=\"row-6\">\n\t<td class=\"column-1\"> \"<\/td><td class=\"column-2\"><a href=\"tel:00302842051229\">28420 51 229<\/a><\/td>\n<\/tr>\n<tr class=\"row-7\">\n\t<td class=\"column-1\">I \u2665 Mirtos<\/td><td class=\"column-2\"><a href=\"tel:00302842051401\">28420 51 401<\/a><\/td>\n<\/tr>\n<tr class=\"row-8\">\n\t<td class=\"column-1\">Malathr\u00e1kis Coiffures<\/td><td class=\"column-2\"><a href=\"tel:00306970255376\">69 702 55 376<\/a><\/td>\n<\/tr>\n<tr class=\"row-9\">\n\t<td class=\"column-1\">Maria's Supermarket<\/td><td class=\"column-2\"><a href=\"tel:00302842051229\">28420 51 229<\/a><\/td>\n<\/tr>\n<tr class=\"row-10\">\n\t<td class=\"column-1\">Mirtos Market<\/td><td class=\"column-2\"><a href=\"tel:00302842051580\">28420 51 580<\/a><\/td>\n<\/tr>\n<tr class=\"row-11\">\n\t<td class=\"column-1\">Silver Box<\/td><td class=\"column-2\"><a href=\"tel:00302842502402\">28425 02 402<\/a><\/td>\n<\/tr>\n<tr class=\"row-12\">\n\t<td class=\"column-1\">Soul's Art<\/td><td class=\"column-2\"><a href=\"tel:00302842051560\">28420 51 560<\/a><\/td>\n<\/tr>\n<tr class=\"row-13\">\n\t<td class=\"column-1\"> \"<\/td><td class=\"column-2\"><a href=\"tel:00306947216836\">69 472 16 836<\/a><\/td>\n<\/tr>\n<tr class=\"row-14\">\n\t<td class=\"column-1\"> \"<\/td><td class=\"column-2\"><a href=\"tel:00306907992705\">69 079 92 705<\/a><\/td>\n<\/tr>\n<\/tbody>\n<\/table>\n\n<p>[\/et_pb_text][et_pb_code _builder_version=\u00a0\u00bb4.20.2&Prime; _module_preset=\u00a0\u00bbdefault\u00a0\u00bb global_colors_info=\u00a0\u00bb{}\u00a0\u00bb]<\/p>\n<style><!-- [et_pb_line_break_holder] -->#et-boc .area-outer-wrap .da-close {<!-- [et_pb_line_break_holder] -->    font-size: 60px;<!-- [et_pb_line_break_holder] -->    width: 50px;<!-- [et_pb_line_break_holder] -->}<!-- [et_pb_line_break_holder] --><\/style>\n<p>[\/et_pb_code][\/et_pb_column][\/et_pb_row][\/et_pb_section]<\/p>\n","protected":false},"excerpt":{"rendered":"<p>Magasins \u00e0 Mirtos, Sud de la Cr\u00e8te | Crete Cars, Boulangerie Mirtos, Charcuterie Bakaliko, Boukamvilea, I &#x2665; Mirtos, Boucherie de Kritsotakis, Coiffures Malathrakis, Mirtos Market, Supermarch\u00e9 de Maria, Soul&rsquo;s Art, Silverbox<\/p>\n","protected":false},"author":1,"featured_media":226074,"parent":0,"menu_order":0,"comment_status":"open","ping_status":"closed","template":"","meta":{"_et_pb_use_builder":"on","_et_pb_old_content":"","_et_gb_content_width":"","footnotes":""},"class_list":["post-9089","page","type-page","status-publish","has-post-thumbnail","hentry"],"_links":{"self":[{"href":"https:\/\/www.mirtoscrete.gr\/fr\/wp-json\/wp\/v2\/pages\/9089","targetHints":{"allow":["GET"]}}],"collection":[{"href":"https:\/\/www.mirtoscrete.gr\/fr\/wp-json\/wp\/v2\/pages"}],"about":[{"href":"https:\/\/www.mirtoscrete.gr\/fr\/wp-json\/wp\/v2\/types\/page"}],"author":[{"embeddable":true,"href":"https:\/\/www.mirtoscrete.gr\/fr\/wp-json\/wp\/v2\/users\/1"}],"replies":[{"embeddable":true,"href":"https:\/\/www.mirtoscrete.gr\/fr\/wp-json\/wp\/v2\/comments?post=9089"}],"version-history":[{"count":0,"href":"https:\/\/www.mirtoscrete.gr\/fr\/wp-json\/wp\/v2\/pages\/9089\/revisions"}],"wp:featuredmedia":[{"embeddable":true,"href":"https:\/\/www.mirtoscrete.gr\/fr\/wp-json\/wp\/v2\/media\/226074"}],"wp:attachment":[{"href":"https:\/\/www.mirtoscrete.gr\/fr\/wp-json\/wp\/v2\/media?parent=9089"}],"curies":[{"name":"wp","href":"https:\/\/api.w.org\/{rel}","templated":true}]}}