{"id":234714,"date":"2023-04-01T14:28:46","date_gmt":"2023-04-01T11:28:46","guid":{"rendered":"https:\/\/www.mirtoscrete.gr\/winter-in-mirtos\/"},"modified":"2024-08-27T19:54:50","modified_gmt":"2024-08-27T16:54:50","slug":"hiver-a-mirtos","status":"publish","type":"page","link":"https:\/\/www.mirtoscrete.gr\/fr\/hiver-a-mirtos\/","title":{"rendered":"L&rsquo;hiver \u00e0 Mirtos"},"content":{"rendered":"<p>[et_pb_section fb_built=\u00a0\u00bb1&Prime; custom_padding_last_edited=\u00a0\u00bbon|desktop\u00a0\u00bb module_id=\u00a0\u00bbindex\u00a0\u00bb _builder_version=\u00a0\u00bb4.20.2&Prime; _module_preset=\u00a0\u00bbdefault\u00a0\u00bb background_color=\u00a0\u00bb#f4efd7&Prime; background_enable_pattern_style=\u00a0\u00bbon\u00a0\u00bb background_pattern_color=\u00a0\u00bb#FFFFFF\u00a0\u00bb background_pattern_size=\u00a0\u00bbcustom\u00a0\u00bb background_pattern_width=\u00a0\u00bb10px\u00a0\u00bb background_pattern_height=\u00a0\u00bb20px\u00a0\u00bb background_pattern_repeat_origin=\u00a0\u00bbtop_center\u00a0\u00bb custom_margin=\u00a0\u00bb0px||0px||false|false\u00a0\u00bb custom_padding=\u00a0\u00bb0px||0px||false|false\u00a0\u00bb custom_padding_tablet=\u00a0\u00bb50px|0|50px|0&Prime; custom_padding_phone=\u00a0\u00bb50px|0|50px|0&Prime; da_disable_devices=\u00a0\u00bboff|off|off\u00a0\u00bb locked=\u00a0\u00bboff\u00a0\u00bb global_colors_info=\u00a0\u00bb{}\u00a0\u00bb da_is_popup=\u00a0\u00bboff\u00a0\u00bb da_exit_intent=\u00a0\u00bboff\u00a0\u00bb da_has_close=\u00a0\u00bbon\u00a0\u00bb da_alt_close=\u00a0\u00bboff\u00a0\u00bb da_dark_close=\u00a0\u00bboff\u00a0\u00bb da_not_modal=\u00a0\u00bbon\u00a0\u00bb da_is_singular=\u00a0\u00bboff\u00a0\u00bb da_with_loader=\u00a0\u00bboff\u00a0\u00bb da_has_shadow=\u00a0\u00bbon\u00a0\u00bb][et_pb_row use_custom_gutter=\u00a0\u00bbon\u00a0\u00bb gutter_width=\u00a0\u00bb2&Prime; _builder_version=\u00a0\u00bb4.20.2&Prime; _module_preset=\u00a0\u00bbdefault\u00a0\u00bb background_color=\u00a0\u00bbRGBA(255,255,255,0)\u00a0\u00bb min_height=\u00a0\u00bb20px\u00a0\u00bb height=\u00a0\u00bb20px\u00a0\u00bb max_height=\u00a0\u00bb20px\u00a0\u00bb custom_margin=\u00a0\u00bb0px||0px||false|false\u00a0\u00bb custom_padding=\u00a0\u00bb0px||0px|1%|false|false\u00a0\u00bb global_colors_info=\u00a0\u00bb{}\u00a0\u00bb][et_pb_column type=\u00a0\u00bb4_4&Prime; _builder_version=\u00a0\u00bb4.20.2&Prime; _module_preset=\u00a0\u00bbdefault\u00a0\u00bb global_colors_info=\u00a0\u00bb{}\u00a0\u00bb][\/et_pb_column][\/et_pb_row][et_pb_row use_custom_gutter=\u00a0\u00bbon\u00a0\u00bb gutter_width=\u00a0\u00bb2&Prime; _builder_version=\u00a0\u00bb4.20.2&Prime; _module_preset=\u00a0\u00bbdefault\u00a0\u00bb background_color=\u00a0\u00bb#FFFFFF\u00a0\u00bb background_size=\u00a0\u00bbinitial\u00a0\u00bb background_position=\u00a0\u00bbtop_left\u00a0\u00bb background_repeat=\u00a0\u00bbrepeat\u00a0\u00bb custom_padding=\u00a0\u00bb|1%||1%|false|true\u00a0\u00bb border_radii=\u00a0\u00bbon|10px|10px|10px|10px\u00a0\u00bb global_colors_info=\u00a0\u00bb{}\u00a0\u00bb][et_pb_column type=\u00a0\u00bb4_4&Prime; _builder_version=\u00a0\u00bb4.20.2&Prime; _module_preset=\u00a0\u00bbdefault\u00a0\u00bb global_colors_info=\u00a0\u00bb{}\u00a0\u00bb][et_pb_menu menu_id=\u00a0\u00bb53&Prime; module_class=\u00a0\u00bbpa-open-mobile-menu\u00a0\u00bb _builder_version=\u00a0\u00bb4.20.2&Prime; _module_preset=\u00a0\u00bbdefault\u00a0\u00bb global_colors_info=\u00a0\u00bb{}\u00a0\u00bb][\/et_pb_menu][et_pb_post_title meta=\u00a0\u00bboff\u00a0\u00bb featured_image=\u00a0\u00bboff\u00a0\u00bb _builder_version=\u00a0\u00bb4.20.2&Prime; _module_preset=\u00a0\u00bbdefault\u00a0\u00bb global_colors_info=\u00a0\u00bb{}\u00a0\u00bb][\/et_pb_post_title][et_pb_text _builder_version=\u00a0\u00bb4.20.2&Prime; _module_preset=\u00a0\u00bbdefault\u00a0\u00bb global_colors_info=\u00a0\u00bb{}\u00a0\u00bb]<\/p>\n<p>De plus en plus de visiteurs choisissent de venir \u00e0 Mirtos en hiver. Voici les facilit\u00e9s qui restent ouvertes toute l&rsquo;ann\u00e9e&nbsp;:<\/p>\n<p>[\/et_pb_text][et_pb_text module_id=\u00a0\u00bbaccommodation\u00a0\u00bb _builder_version=\u00a0\u00bb4.20.2&Prime; _module_preset=\u00a0\u00bbdefault\u00a0\u00bb custom_margin=\u00a0\u00bb35px||-35px||false|false\u00a0\u00bb custom_padding=\u00a0\u00bb0px||0px||false|false\u00a0\u00bb global_colors_info=\u00a0\u00bb{}\u00a0\u00bb]<\/p>\n<h2>H\u00e9bergements<\/h2>\n<p>[\/et_pb_text][et_pb_filterable_portfolio fullwidth=\u00a0\u00bboff\u00a0\u00bb posts_number=\u00a0\u00bb24&Prime; include_categories=\u00a0\u00bb142&Prime; show_categories=\u00a0\u00bboff\u00a0\u00bb show_pagination=\u00a0\u00bboff\u00a0\u00bb zoom_icon_color=\u00a0\u00bbRGBA(255,255,255,0)\u00a0\u00bb hover_overlay_color=\u00a0\u00bbrgba(255,255,255,0.4)\u00a0\u00bb module_class=\u00a0\u00bbthree-column-grid\u00a0\u00bb _builder_version=\u00a0\u00bb4.20.2&Prime; title_font=\u00a0\u00bb||||||||\u00a0\u00bb title_text_align=\u00a0\u00bbleft\u00a0\u00bb title_text_color=\u00a0\u00bb#9e5b3a\u00a0\u00bb title_font_size=\u00a0\u00bb18px\u00a0\u00bb border_radii_image=\u00a0\u00bbon|10px|10px|10px|10px\u00a0\u00bb border_color_all_image=\u00a0\u00bbRGBA(255,255,255,0)\u00a0\u00bb box_shadow_style_image=\u00a0\u00bbpreset1&Prime; global_colors_info=\u00a0\u00bb{}\u00a0\u00bb border_width_all_image__hover_enabled=\u00a0\u00bbon|hover\u00a0\u00bb box_shadow_vertical_image__hover_enabled=\u00a0\u00bbon|hover\u00a0\u00bb box_shadow_horizontal_image__hover_enabled=\u00a0\u00bbon|hover\u00a0\u00bb box_shadow_horizontal_image__hover=\u00a0\u00bb0px\u00a0\u00bb box_shadow_vertical_image__hover=\u00a0\u00bb0px\u00a0\u00bb border_width_all_image__hover=\u00a0\u00bb0px\u00a0\u00bb box_shadow_blur_image__hover_enabled=\u00a0\u00bbon|hover\u00a0\u00bb box_shadow_blur_image__hover=\u00a0\u00bb0px\u00a0\u00bb background_color=\u00a0\u00bbRGBA(255,255,255,0)\u00a0\u00bb background_size=\u00a0\u00bbinitial\u00a0\u00bb background_position=\u00a0\u00bbtop_left\u00a0\u00bb background_repeat=\u00a0\u00bbrepeat\u00a0\u00bb][\/et_pb_filterable_portfolio][et_pb_text module_id=\u00a0\u00bbaccommodation\u00a0\u00bb _builder_version=\u00a0\u00bb4.20.2&Prime; _module_preset=\u00a0\u00bbdefault\u00a0\u00bb custom_margin=\u00a0\u00bb35px||-35px||false|false\u00a0\u00bb custom_padding=\u00a0\u00bb0px||0px||false|false\u00a0\u00bb global_colors_info=\u00a0\u00bb{}\u00a0\u00bb]<\/p>\n<h2>Manger et Boire<\/h2>\n<p>[\/et_pb_text][et_pb_filterable_portfolio fullwidth=\u00a0\u00bboff\u00a0\u00bb posts_number=\u00a0\u00bb24&Prime; include_categories=\u00a0\u00bb147&Prime; show_categories=\u00a0\u00bboff\u00a0\u00bb show_pagination=\u00a0\u00bboff\u00a0\u00bb zoom_icon_color=\u00a0\u00bbRGBA(255,255,255,0)\u00a0\u00bb hover_overlay_color=\u00a0\u00bbrgba(255,255,255,0.4)\u00a0\u00bb module_class=\u00a0\u00bbthree-column-grid\u00a0\u00bb _builder_version=\u00a0\u00bb4.20.2&Prime; title_font=\u00a0\u00bb||||||||\u00a0\u00bb title_text_align=\u00a0\u00bbleft\u00a0\u00bb title_text_color=\u00a0\u00bb#9e5b3a\u00a0\u00bb title_font_size=\u00a0\u00bb18px\u00a0\u00bb border_radii_image=\u00a0\u00bbon|10px|10px|10px|10px\u00a0\u00bb border_color_all_image=\u00a0\u00bbRGBA(255,255,255,0)\u00a0\u00bb box_shadow_style_image=\u00a0\u00bbpreset1&Prime; global_colors_info=\u00a0\u00bb{}\u00a0\u00bb border_width_all_image__hover_enabled=\u00a0\u00bbon|hover\u00a0\u00bb box_shadow_vertical_image__hover_enabled=\u00a0\u00bbon|hover\u00a0\u00bb box_shadow_horizontal_image__hover_enabled=\u00a0\u00bbon|hover\u00a0\u00bb box_shadow_horizontal_image__hover=\u00a0\u00bb0px\u00a0\u00bb box_shadow_vertical_image__hover=\u00a0\u00bb0px\u00a0\u00bb border_width_all_image__hover=\u00a0\u00bb0px\u00a0\u00bb box_shadow_blur_image__hover_enabled=\u00a0\u00bbon|hover\u00a0\u00bb box_shadow_blur_image__hover=\u00a0\u00bb0px\u00a0\u00bb background_color=\u00a0\u00bbRGBA(255,255,255,0)\u00a0\u00bb background_size=\u00a0\u00bbinitial\u00a0\u00bb background_position=\u00a0\u00bbtop_left\u00a0\u00bb background_repeat=\u00a0\u00bbrepeat\u00a0\u00bb][\/et_pb_filterable_portfolio][et_pb_text module_id=\u00a0\u00bbaccommodation\u00a0\u00bb _builder_version=\u00a0\u00bb4.20.2&Prime; _module_preset=\u00a0\u00bbdefault\u00a0\u00bb custom_margin=\u00a0\u00bb35px||-35px||false|false\u00a0\u00bb custom_padding=\u00a0\u00bb0px||0px||false|false\u00a0\u00bb global_colors_info=\u00a0\u00bb{}\u00a0\u00bb]<\/p>\n<h2>Magasins<\/h2>\n<p>[\/et_pb_text][et_pb_filterable_portfolio fullwidth=\u00a0\u00bboff\u00a0\u00bb posts_number=\u00a0\u00bb24&Prime; include_categories=\u00a0\u00bb152&Prime; show_categories=\u00a0\u00bboff\u00a0\u00bb show_pagination=\u00a0\u00bboff\u00a0\u00bb zoom_icon_color=\u00a0\u00bbRGBA(255,255,255,0)\u00a0\u00bb hover_overlay_color=\u00a0\u00bbrgba(255,255,255,0.4)\u00a0\u00bb module_class=\u00a0\u00bbthree-column-grid\u00a0\u00bb _builder_version=\u00a0\u00bb4.20.2&Prime; title_font=\u00a0\u00bb||||||||\u00a0\u00bb title_text_align=\u00a0\u00bbleft\u00a0\u00bb title_text_color=\u00a0\u00bb#9e5b3a\u00a0\u00bb title_font_size=\u00a0\u00bb18px\u00a0\u00bb border_radii_image=\u00a0\u00bbon|10px|10px|10px|10px\u00a0\u00bb border_color_all_image=\u00a0\u00bbRGBA(255,255,255,0)\u00a0\u00bb box_shadow_style_image=\u00a0\u00bbpreset1&Prime; global_colors_info=\u00a0\u00bb{}\u00a0\u00bb border_width_all_image__hover_enabled=\u00a0\u00bbon|hover\u00a0\u00bb box_shadow_vertical_image__hover_enabled=\u00a0\u00bbon|hover\u00a0\u00bb box_shadow_horizontal_image__hover_enabled=\u00a0\u00bbon|hover\u00a0\u00bb box_shadow_horizontal_image__hover=\u00a0\u00bb0px\u00a0\u00bb box_shadow_vertical_image__hover=\u00a0\u00bb0px\u00a0\u00bb border_width_all_image__hover=\u00a0\u00bb0px\u00a0\u00bb box_shadow_blur_image__hover_enabled=\u00a0\u00bbon|hover\u00a0\u00bb box_shadow_blur_image__hover=\u00a0\u00bb0px\u00a0\u00bb background_color=\u00a0\u00bbRGBA(255,255,255,0)\u00a0\u00bb background_size=\u00a0\u00bbinitial\u00a0\u00bb background_position=\u00a0\u00bbtop_left\u00a0\u00bb background_repeat=\u00a0\u00bbrepeat\u00a0\u00bb][\/et_pb_filterable_portfolio][et_pb_text module_id=\u00a0\u00bbaccommodation\u00a0\u00bb _builder_version=\u00a0\u00bb4.20.4&Prime; _module_preset=\u00a0\u00bbdefault\u00a0\u00bb custom_margin=\u00a0\u00bb35px||-35px||false|false\u00a0\u00bb custom_padding=\u00a0\u00bb0px||0px||false|false\u00a0\u00bb global_colors_info=\u00a0\u00bb{}\u00a0\u00bb]<\/p>\n<h2>D&rsquo;autres<\/h2>\n<p>[\/et_pb_text][et_pb_filterable_portfolio fullwidth=\u00a0\u00bboff\u00a0\u00bb posts_number=\u00a0\u00bb24&Prime; include_categories=\u00a0\u00bb159&Prime; show_categories=\u00a0\u00bboff\u00a0\u00bb show_pagination=\u00a0\u00bboff\u00a0\u00bb zoom_icon_color=\u00a0\u00bbRGBA(255,255,255,0)\u00a0\u00bb hover_overlay_color=\u00a0\u00bbrgba(255,255,255,0.4)\u00a0\u00bb module_class=\u00a0\u00bbthree-column-grid\u00a0\u00bb _builder_version=\u00a0\u00bb4.20.4&Prime; title_font=\u00a0\u00bb||||||||\u00a0\u00bb title_text_align=\u00a0\u00bbleft\u00a0\u00bb title_text_color=\u00a0\u00bb#9e5b3a\u00a0\u00bb title_font_size=\u00a0\u00bb18px\u00a0\u00bb border_radii_image=\u00a0\u00bbon|10px|10px|10px|10px\u00a0\u00bb border_color_all_image=\u00a0\u00bbRGBA(255,255,255,0)\u00a0\u00bb box_shadow_style_image=\u00a0\u00bbpreset1&Prime; global_colors_info=\u00a0\u00bb{}\u00a0\u00bb border_width_all_image__hover_enabled=\u00a0\u00bbon|hover\u00a0\u00bb box_shadow_vertical_image__hover_enabled=\u00a0\u00bbon|hover\u00a0\u00bb box_shadow_horizontal_image__hover_enabled=\u00a0\u00bbon|hover\u00a0\u00bb box_shadow_horizontal_image__hover=\u00a0\u00bb0px\u00a0\u00bb box_shadow_vertical_image__hover=\u00a0\u00bb0px\u00a0\u00bb border_width_all_image__hover=\u00a0\u00bb0px\u00a0\u00bb box_shadow_blur_image__hover_enabled=\u00a0\u00bbon|hover\u00a0\u00bb box_shadow_blur_image__hover=\u00a0\u00bb0px\u00a0\u00bb background_color=\u00a0\u00bbRGBA(255,255,255,0)\u00a0\u00bb background_size=\u00a0\u00bbinitial\u00a0\u00bb background_position=\u00a0\u00bbtop_left\u00a0\u00bb background_repeat=\u00a0\u00bbrepeat\u00a0\u00bb][\/et_pb_filterable_portfolio][\/et_pb_column][\/et_pb_row][et_pb_row use_custom_gutter=\u00a0\u00bbon\u00a0\u00bb gutter_width=\u00a0\u00bb1&Prime; _builder_version=\u00a0\u00bb4.20.2&Prime; _module_preset=\u00a0\u00bbdefault\u00a0\u00bb background_color=\u00a0\u00bbRGBA(255,255,255,0)\u00a0\u00bb min_height=\u00a0\u00bb20px\u00a0\u00bb height=\u00a0\u00bb20px\u00a0\u00bb max_height=\u00a0\u00bb20px\u00a0\u00bb custom_margin=\u00a0\u00bb0px||0px||false|false\u00a0\u00bb custom_padding=\u00a0\u00bb0px||0px|1%|false|false\u00a0\u00bb border_radii=\u00a0\u00bboff|10px|10px||\u00a0\u00bb locked=\u00a0\u00bboff\u00a0\u00bb global_colors_info=\u00a0\u00bb{}\u00a0\u00bb][et_pb_column type=\u00a0\u00bb4_4&Prime; _builder_version=\u00a0\u00bb4.20.2&Prime; _module_preset=\u00a0\u00bbdefault\u00a0\u00bb global_colors_info=\u00a0\u00bb{}\u00a0\u00bb][\/et_pb_column][\/et_pb_row][\/et_pb_section]<\/p>\n","protected":false},"excerpt":{"rendered":"<p>De plus en plus de visiteurs choisissent de venir \u00e0 Mirtos en hiver. Voici les facilit\u00e9s qui restent ouvertes toute l&rsquo;ann\u00e9e&nbsp;:H\u00e9bergementsManger et BoireMagasinsD&rsquo;autres<\/p>\n","protected":false},"author":1,"featured_media":0,"parent":0,"menu_order":0,"comment_status":"closed","ping_status":"closed","template":"","meta":{"_et_pb_use_builder":"on","_et_pb_old_content":"","_et_gb_content_width":"","footnotes":""},"class_list":["post-234714","page","type-page","status-publish","hentry"],"_links":{"self":[{"href":"https:\/\/www.mirtoscrete.gr\/fr\/wp-json\/wp\/v2\/pages\/234714","targetHints":{"allow":["GET"]}}],"collection":[{"href":"https:\/\/www.mirtoscrete.gr\/fr\/wp-json\/wp\/v2\/pages"}],"about":[{"href":"https:\/\/www.mirtoscrete.gr\/fr\/wp-json\/wp\/v2\/types\/page"}],"author":[{"embeddable":true,"href":"https:\/\/www.mirtoscrete.gr\/fr\/wp-json\/wp\/v2\/users\/1"}],"replies":[{"embeddable":true,"href":"https:\/\/www.mirtoscrete.gr\/fr\/wp-json\/wp\/v2\/comments?post=234714"}],"version-history":[{"count":0,"href":"https:\/\/www.mirtoscrete.gr\/fr\/wp-json\/wp\/v2\/pages\/234714\/revisions"}],"wp:attachment":[{"href":"https:\/\/www.mirtoscrete.gr\/fr\/wp-json\/wp\/v2\/media?parent=234714"}],"curies":[{"name":"wp","href":"https:\/\/api.w.org\/{rel}","templated":true}]}}