{"id":2468,"date":"2014-08-02T00:34:32","date_gmt":"2014-08-01T21:34:32","guid":{"rendered":"https:\/\/www.mirtoscrete.gr\/\/www.mirtoscrete.gr\/shops-in-mirtos-2\/"},"modified":"2024-09-20T21:26:53","modified_gmt":"2024-09-20T18:26:53","slug":"geschaefte-in-mirtos","status":"publish","type":"page","link":"https:\/\/www.mirtoscrete.gr\/de\/geschaefte-in-mirtos\/","title":{"rendered":"Gesch\u00e4fte in Mirtos"},"content":{"rendered":"<p>[et_pb_section fb_built=&#8220;1&#8243; custom_padding_last_edited=&#8220;on|desktop&#8220; module_id=&#8220;index&#8220; _builder_version=&#8220;4.20.2&#8243; _module_preset=&#8220;default&#8220; background_color=&#8220;#f4efd7&#8243; background_enable_pattern_style=&#8220;on&#8220; background_pattern_color=&#8220;#FFFFFF&#8220; background_pattern_size=&#8220;custom&#8220; background_pattern_width=&#8220;10px&#8220; background_pattern_height=&#8220;20px&#8220; background_pattern_repeat_origin=&#8220;top_center&#8220; custom_margin=&#8220;0px||0px||false|false&#8220; custom_padding=&#8220;0px||0px||false|false&#8220; custom_padding_tablet=&#8220;50px|0|50px|0&#8243; custom_padding_phone=&#8220;50px|0|50px|0&#8243; da_disable_devices=&#8220;off|off|off&#8220; locked=&#8220;off&#8220; global_colors_info=&#8220;{}&#8220; da_is_popup=&#8220;off&#8220; da_exit_intent=&#8220;off&#8220; da_has_close=&#8220;on&#8220; da_alt_close=&#8220;off&#8220; da_dark_close=&#8220;off&#8220; da_not_modal=&#8220;on&#8220; da_is_singular=&#8220;off&#8220; da_with_loader=&#8220;off&#8220; da_has_shadow=&#8220;on&#8220;][et_pb_row use_custom_gutter=&#8220;on&#8220; gutter_width=&#8220;2&#8243; _builder_version=&#8220;4.20.2&#8243; _module_preset=&#8220;default&#8220; background_color=&#8220;RGBA(255,255,255,0)&#8220; min_height=&#8220;20px&#8220; height=&#8220;20px&#8220; max_height=&#8220;20px&#8220; custom_margin=&#8220;0px||0px||false|false&#8220; custom_padding=&#8220;0px||0px|1%|false|false&#8220; global_colors_info=&#8220;{}&#8220;][et_pb_column type=&#8220;4_4&#8243; _builder_version=&#8220;4.20.2&#8243; _module_preset=&#8220;default&#8220; global_colors_info=&#8220;{}&#8220;][et_pb_menu menu_id=&#8220;53&#8243; module_class=&#8220;pa-open-mobile-menu&#8220; _builder_version=&#8220;4.27.0&#8243; _module_preset=&#8220;default&#8220; background_color=&#8220;RGBA(255,255,255,0)&#8220; positioning=&#8220;fixed&#8220; position_origin_f=&#8220;top_right&#8220; text_orientation=&#8220;right&#8220; width=&#8220;100%&#8220; custom_margin=&#8220;|10px|||false|false&#8220; custom_margin_tablet=&#8220;|5px|||false|false&#8220; custom_margin_phone=&#8220;|0px|||false|false&#8220; custom_margin_last_edited=&#8220;on|phone&#8220; locked=&#8220;off&#8220; global_colors_info=&#8220;{}&#8220;][\/et_pb_menu][\/et_pb_column][\/et_pb_row][et_pb_row use_custom_gutter=&#8220;on&#8220; gutter_width=&#8220;2&#8243; _builder_version=&#8220;4.20.2&#8243; _module_preset=&#8220;default&#8220; background_color=&#8220;#FFFFFF&#8220; background_size=&#8220;initial&#8220; background_position=&#8220;top_left&#8220; background_repeat=&#8220;repeat&#8220; custom_padding=&#8220;|1%||1%|false|true&#8220; border_radii=&#8220;on|10px|10px|10px|10px&#8220; global_colors_info=&#8220;{}&#8220;][et_pb_column type=&#8220;4_4&#8243; _builder_version=&#8220;4.20.2&#8243; _module_preset=&#8220;default&#8220; global_colors_info=&#8220;{}&#8220;][et_pb_post_title meta=&#8220;off&#8220; featured_image=&#8220;off&#8220; _builder_version=&#8220;4.20.2&#8243; _module_preset=&#8220;default&#8220; global_colors_info=&#8220;{}&#8220;][\/et_pb_post_title][et_pb_text _builder_version=&#8220;4.20.2&#8243; _module_preset=&#8220;default&#8220; global_colors_info=&#8220;{}&#8220;]<\/p>\n<h2>Entspanntes Einkaufen<\/h2>\n<p><img loading=\"lazy\" decoding=\"async\" class=\"alignright wp-image-27886\" src=\"https:\/\/www.mirtoscrete.gr\/wp-content\/uploads\/2018\/02\/mirtos-crete-ATM-1.jpg\" alt=\"\" width=\"150\" height=\"150\" srcset=\"https:\/\/www.mirtoscrete.gr\/wp-content\/uploads\/2018\/02\/mirtos-crete-ATM-1.jpg 300w, https:\/\/www.mirtoscrete.gr\/wp-content\/uploads\/2018\/02\/mirtos-crete-ATM-1-284x284.jpg 284w\" sizes=\"(max-width: 150px) 100vw, 150px\" \/>Es gibt keine Eile in Mirtos. Die Zeit fliegt nicht sondern geht gem\u00e4chlich dahin. Unsere freundlichen Gesch\u00e4ftsinhaber nehmen sich noch Zeit um mit Ihnen zu sprechen.<\/p>\n<h3>Wir haben alles was Sie ben\u00f6tigen<\/h3>\n<p>Es sind genug Gesch\u00e4fte im Dorf: eine Apotheke, ein Metzger, zwei kleine Superm\u00e4rkte, ein B\u00e4cker, ein Friseur und ein paar geschmackvolle Boutiquen und Souvenirl\u00e4den. Seit 2017 gibt es in Mirtos einen ATM. Beachten Sie dass er nur von April bis Oktober in Funktion ist.<\/p>\n<p>[\/et_pb_text][et_pb_button button_url=&#8220;#phones&#8220; button_text=&#8220;Liste der Telefonnummern&#8220; _builder_version=&#8220;4.20.2&#8243; _module_preset=&#8220;default&#8220; custom_button=&#8220;on&#8220; button_icon=&#8220;&#xf879;||fa||900&#8243; button_text_size_tablet=&#8220;18px&#8220; button_text_size_phone=&#8220;16px&#8220; button_text_size_last_edited=&#8220;on|phone&#8220; locked=&#8220;off&#8220; global_colors_info=&#8220;{}&#8220;][\/et_pb_button][et_pb_filterable_portfolio fullwidth=&#8220;off&#8220; posts_number=&#8220;20&#8243; include_categories=&#8220;75&#8243; show_categories=&#8220;off&#8220; show_pagination=&#8220;off&#8220; zoom_icon_color=&#8220;RGBA(255,255,255,0)&#8220; hover_overlay_color=&#8220;rgba(255,255,255,0.4)&#8220; module_class=&#8220;three-column-grid&#8220; _builder_version=&#8220;4.20.2&#8243; title_font=&#8220;||||||||&#8220; title_text_align=&#8220;left&#8220; title_text_color=&#8220;#9e5b3a&#8220; title_font_size=&#8220;18px&#8220; background_color=&#8220;RGBA(255,255,255,0)&#8220; background_size=&#8220;initial&#8220; background_position=&#8220;top_left&#8220; background_repeat=&#8220;repeat&#8220; border_radii_image=&#8220;on|10px|10px|10px|10px&#8220; border_color_all_image=&#8220;RGBA(255,255,255,0)&#8220; box_shadow_style_image=&#8220;preset1&#8243; global_colors_info=&#8220;{}&#8220; border_width_all_image__hover_enabled=&#8220;on|hover&#8220; box_shadow_vertical_image__hover_enabled=&#8220;on|hover&#8220; box_shadow_horizontal_image__hover_enabled=&#8220;on|hover&#8220; box_shadow_horizontal_image__hover=&#8220;0px&#8220; box_shadow_vertical_image__hover=&#8220;0px&#8220; border_width_all_image__hover=&#8220;0px&#8220; box_shadow_blur_image__hover_enabled=&#8220;on|hover&#8220; box_shadow_blur_image__hover=&#8220;0px&#8220;][\/et_pb_filterable_portfolio][\/et_pb_column][\/et_pb_row][et_pb_row use_custom_gutter=&#8220;on&#8220; gutter_width=&#8220;1&#8243; _builder_version=&#8220;4.20.2&#8243; _module_preset=&#8220;default&#8220; background_color=&#8220;RGBA(255,255,255,0)&#8220; min_height=&#8220;20px&#8220; height=&#8220;20px&#8220; max_height=&#8220;20px&#8220; custom_margin=&#8220;0px||0px||false|false&#8220; custom_padding=&#8220;0px||0px|1%|false|false&#8220; border_radii=&#8220;off|10px|10px||&#8220; locked=&#8220;off&#8220; global_colors_info=&#8220;{}&#8220;][et_pb_column type=&#8220;4_4&#8243; _builder_version=&#8220;4.20.2&#8243; _module_preset=&#8220;default&#8220; global_colors_info=&#8220;{}&#8220;][\/et_pb_column][\/et_pb_row][\/et_pb_section][et_pb_section fb_built=&#8220;1&#8243; admin_label=&#8220;Popup &#8211; #phones&#8220; module_id=&#8220;phones&#8220; module_class=&#8220;popup&#8220; _builder_version=&#8220;4.20.2&#8243; _module_preset=&#8220;default&#8220; width=&#8220;100%&#8220; max_width=&#8220;680px&#8220; custom_margin=&#8220;|0px||0px|false|false&#8220; custom_padding=&#8220;|0px||0px|false|false&#8220; da_is_popup=&#8220;on&#8220; da_popup_slug=&#8220;phones&#8220; da_disable_devices=&#8220;off|off|off&#8220; locked=&#8220;off&#8220; global_colors_info=&#8220;{}&#8220; da_exit_intent=&#8220;off&#8220; da_has_close=&#8220;on&#8220; da_alt_close=&#8220;off&#8220; da_dark_close=&#8220;off&#8220; da_not_modal=&#8220;on&#8220; da_is_singular=&#8220;off&#8220; da_with_loader=&#8220;off&#8220; da_has_shadow=&#8220;on&#8220;][et_pb_row use_custom_gutter=&#8220;on&#8220; gutter_width=&#8220;1&#8243; _builder_version=&#8220;4.20.2&#8243; _module_preset=&#8220;default&#8220; width=&#8220;100%&#8220; max_width=&#8220;600px&#8220; module_alignment=&#8220;center&#8220; custom_margin=&#8220;|0px||0px|false|false&#8220; custom_padding=&#8220;|0px||0px|false|false&#8220; global_colors_info=&#8220;{}&#8220;][et_pb_column type=&#8220;4_4&#8243; _builder_version=&#8220;4.20.2&#8243; _module_preset=&#8220;default&#8220; global_colors_info=&#8220;{}&#8220;][et_pb_text _builder_version=&#8220;4.20.2&#8243; _module_preset=&#8220;default&#8220; custom_margin=&#8220;|0px||0px|false|false&#8220; custom_padding=&#8220;|0px||0px|false|false&#8220; global_colors_info=&#8220;{}&#8220;]<\/p>\n\n<table id=\"tablepress-17\" class=\"tablepress tablepress-id-17\">\n<thead>\n<tr class=\"row-1\">\n\t<th class=\"column-1\">Shops<\/th><td class=\"column-2\"><\/td>\n<\/tr>\n<\/thead>\n<tbody class=\"row-striping\">\n<tr class=\"row-2\">\n\t<td class=\"column-1\">Bak\u00e1liko<\/td><td class=\"column-2\"><a href=\"tel:00302842051008\">28420 51 008<\/a><\/td>\n<\/tr>\n<tr class=\"row-3\">\n\t<td class=\"column-1\">Mirtos Bakery<\/td><td class=\"column-2\"><a href=\"tel:00302842051272\">28420 51 272<\/a><\/td>\n<\/tr>\n<tr class=\"row-4\">\n\t<td class=\"column-1\">Boukamvil\u00eda<\/td><td class=\"column-2\"><a href=\"tel:00302842051382\">28420 51 382<\/a><\/td>\n<\/tr>\n<tr class=\"row-5\">\n\t<td class=\"column-1\">Butchery Kritsot\u00e1kis<\/td><td class=\"column-2\"><a href=\"tel:00306979520491\">69 795 20 491<\/a><\/td>\n<\/tr>\n<tr class=\"row-6\">\n\t<td class=\"column-1\"> \"<\/td><td class=\"column-2\"><a href=\"tel:00302842051229\">28420 51 229<\/a><\/td>\n<\/tr>\n<tr class=\"row-7\">\n\t<td class=\"column-1\">I \u2665 Mirtos<\/td><td class=\"column-2\"><a href=\"tel:00302842051401\">28420 51 401<\/a><\/td>\n<\/tr>\n<tr class=\"row-8\">\n\t<td class=\"column-1\">Malathr\u00e1kis Coiffures<\/td><td class=\"column-2\"><a href=\"tel:00306970255376\">69 702 55 376<\/a><\/td>\n<\/tr>\n<tr class=\"row-9\">\n\t<td class=\"column-1\">Maria's Supermarket<\/td><td class=\"column-2\"><a href=\"tel:00302842051229\">28420 51 229<\/a><\/td>\n<\/tr>\n<tr class=\"row-10\">\n\t<td class=\"column-1\">Mirtos Market<\/td><td class=\"column-2\"><a href=\"tel:00302842051580\">28420 51 580<\/a><\/td>\n<\/tr>\n<tr class=\"row-11\">\n\t<td class=\"column-1\">Silver Box<\/td><td class=\"column-2\"><a href=\"tel:00302842502402\">28425 02 402<\/a><\/td>\n<\/tr>\n<tr class=\"row-12\">\n\t<td class=\"column-1\">Soul's Art<\/td><td class=\"column-2\"><a href=\"tel:00302842051560\">28420 51 560<\/a><\/td>\n<\/tr>\n<tr class=\"row-13\">\n\t<td class=\"column-1\"> \"<\/td><td class=\"column-2\"><a href=\"tel:00306947216836\">69 472 16 836<\/a><\/td>\n<\/tr>\n<tr class=\"row-14\">\n\t<td class=\"column-1\"> \"<\/td><td class=\"column-2\"><a href=\"tel:00306907992705\">69 079 92 705<\/a><\/td>\n<\/tr>\n<\/tbody>\n<\/table>\n<!-- #tablepress-17 from cache -->\n<p>[\/et_pb_text][et_pb_code _builder_version=&#8220;4.20.2&#8243; _module_preset=&#8220;default&#8220; global_colors_info=&#8220;{}&#8220;]<\/p>\n<style><!-- [et_pb_line_break_holder] -->#et-boc .area-outer-wrap .da-close {<!-- [et_pb_line_break_holder] -->    font-size: 60px;<!-- [et_pb_line_break_holder] -->    width: 50px;<!-- [et_pb_line_break_holder] -->}<!-- [et_pb_line_break_holder] --><\/style>\n<p>[\/et_pb_code][\/et_pb_column][\/et_pb_row][\/et_pb_section]<\/p>\n","protected":false},"excerpt":{"rendered":"<p>Gesch\u00e4fte in Mirtos, S\u00fcdkreta | Kreta Autos, B\u00e4ckerei Mirtos, Delikatessen Bakaliko, Boukamvilea, I &#x2665; Mirtos, Kritsotakis Metzgerei, Malathrakis Coiffures, Mirtos Market, Marias Supermarkt, Soul&#8217;s Art, Silverbox<\/p>\n","protected":false},"author":1,"featured_media":226071,"parent":0,"menu_order":0,"comment_status":"open","ping_status":"closed","template":"","meta":{"_et_pb_use_builder":"on","_et_pb_old_content":"","_et_gb_content_width":"","footnotes":""},"class_list":["post-2468","page","type-page","status-publish","has-post-thumbnail","hentry"],"_links":{"self":[{"href":"https:\/\/www.mirtoscrete.gr\/de\/wp-json\/wp\/v2\/pages\/2468","targetHints":{"allow":["GET"]}}],"collection":[{"href":"https:\/\/www.mirtoscrete.gr\/de\/wp-json\/wp\/v2\/pages"}],"about":[{"href":"https:\/\/www.mirtoscrete.gr\/de\/wp-json\/wp\/v2\/types\/page"}],"author":[{"embeddable":true,"href":"https:\/\/www.mirtoscrete.gr\/de\/wp-json\/wp\/v2\/users\/1"}],"replies":[{"embeddable":true,"href":"https:\/\/www.mirtoscrete.gr\/de\/wp-json\/wp\/v2\/comments?post=2468"}],"version-history":[{"count":0,"href":"https:\/\/www.mirtoscrete.gr\/de\/wp-json\/wp\/v2\/pages\/2468\/revisions"}],"wp:featuredmedia":[{"embeddable":true,"href":"https:\/\/www.mirtoscrete.gr\/de\/wp-json\/wp\/v2\/media\/226071"}],"wp:attachment":[{"href":"https:\/\/www.mirtoscrete.gr\/de\/wp-json\/wp\/v2\/media?parent=2468"}],"curies":[{"name":"wp","href":"https:\/\/api.w.org\/{rel}","templated":true}]}}