{"id":2420,"date":"2014-08-02T00:32:39","date_gmt":"2014-08-01T21:32:39","guid":{"rendered":"https:\/\/www.mirtoscrete.gr\/\/www.mirtoscrete.gr\/accommodation-in-mirtos-2\/"},"modified":"2024-09-20T17:38:46","modified_gmt":"2024-09-20T14:38:46","slug":"unterkunfte-in-mirtos","status":"publish","type":"page","link":"https:\/\/www.mirtoscrete.gr\/de\/unterkunfte-in-mirtos\/","title":{"rendered":"Unterk\u00fcnfte in Mirtos und rundherum"},"content":{"rendered":"<p>[et_pb_section fb_built=&#8220;1&#8243; custom_padding_last_edited=&#8220;on|desktop&#8220; module_id=&#8220;index&#8220; _builder_version=&#8220;4.20.2&#8243; _module_preset=&#8220;default&#8220; background_color=&#8220;#f4efd7&#8243; background_enable_pattern_style=&#8220;on&#8220; background_pattern_color=&#8220;#FFFFFF&#8220; background_pattern_size=&#8220;custom&#8220; background_pattern_width=&#8220;10px&#8220; background_pattern_height=&#8220;20px&#8220; background_pattern_repeat_origin=&#8220;top_center&#8220; custom_margin=&#8220;0px||0px||false|false&#8220; custom_padding=&#8220;0px||0px||false|false&#8220; custom_padding_tablet=&#8220;50px|0|50px|0&#8243; custom_padding_phone=&#8220;50px|0|50px|0&#8243; da_disable_devices=&#8220;off|off|off&#8220; locked=&#8220;off&#8220; global_colors_info=&#8220;{}&#8220; da_is_popup=&#8220;off&#8220; da_exit_intent=&#8220;off&#8220; da_has_close=&#8220;on&#8220; da_alt_close=&#8220;off&#8220; da_dark_close=&#8220;off&#8220; da_not_modal=&#8220;on&#8220; da_is_singular=&#8220;off&#8220; da_with_loader=&#8220;off&#8220; da_has_shadow=&#8220;on&#8220;][et_pb_row use_custom_gutter=&#8220;on&#8220; gutter_width=&#8220;2&#8243; _builder_version=&#8220;4.20.2&#8243; _module_preset=&#8220;default&#8220; background_color=&#8220;RGBA(255,255,255,0)&#8220; min_height=&#8220;20px&#8220; height=&#8220;20px&#8220; max_height=&#8220;20px&#8220; custom_margin=&#8220;0px||0px||false|false&#8220; custom_padding=&#8220;0px||0px|1%|false|false&#8220; global_colors_info=&#8220;{}&#8220;][et_pb_column type=&#8220;4_4&#8243; _builder_version=&#8220;4.20.2&#8243; _module_preset=&#8220;default&#8220; global_colors_info=&#8220;{}&#8220;][et_pb_menu menu_id=&#8220;53&#8243; module_class=&#8220;pa-open-mobile-menu&#8220; _builder_version=&#8220;4.27.0&#8243; _module_preset=&#8220;default&#8220; background_color=&#8220;RGBA(255,255,255,0)&#8220; positioning=&#8220;fixed&#8220; position_origin_f=&#8220;top_right&#8220; text_orientation=&#8220;right&#8220; width=&#8220;100%&#8220; custom_margin=&#8220;|10px|||false|false&#8220; custom_margin_tablet=&#8220;|5px|||false|false&#8220; custom_margin_phone=&#8220;|0px|||false|false&#8220; custom_margin_last_edited=&#8220;on|phone&#8220; locked=&#8220;off&#8220; global_colors_info=&#8220;{}&#8220;][\/et_pb_menu][\/et_pb_column][\/et_pb_row][et_pb_row use_custom_gutter=&#8220;on&#8220; gutter_width=&#8220;2&#8243; _builder_version=&#8220;4.20.2&#8243; _module_preset=&#8220;default&#8220; background_color=&#8220;#FFFFFF&#8220; background_size=&#8220;initial&#8220; background_position=&#8220;top_left&#8220; background_repeat=&#8220;repeat&#8220; custom_padding=&#8220;|1%||1%|false|true&#8220; border_radii=&#8220;on|10px|10px|10px|10px&#8220; global_colors_info=&#8220;{}&#8220;][et_pb_column type=&#8220;4_4&#8243; _builder_version=&#8220;4.20.2&#8243; _module_preset=&#8220;default&#8220; global_colors_info=&#8220;{}&#8220;][et_pb_post_title meta=&#8220;off&#8220; featured_image=&#8220;off&#8220; _builder_version=&#8220;4.20.2&#8243; _module_preset=&#8220;default&#8220; global_colors_info=&#8220;{}&#8220;][\/et_pb_post_title][et_pb_text _builder_version=&#8220;4.20.2&#8243; _module_preset=&#8220;default&#8220; global_colors_info=&#8220;{}&#8220;]<\/p>\n<p>Sie finden keine gro\u00dfen All-Inclusive-Hotels in Mirtos. Alle Unterk\u00fcnfte sind in Privatbesitz und bieten einen pers\u00f6nlichen Service.<\/p>\n<p>[\/et_pb_text][et_pb_button button_url=&#8220;#phones&#8220; button_text=&#8220;Liste der Telefonnummern&#8220; _builder_version=&#8220;4.20.2&#8243; _module_preset=&#8220;default&#8220; custom_button=&#8220;on&#8220; button_icon=&#8220;&#xf879;||fa||900&#8243; button_text_size_tablet=&#8220;18px&#8220; button_text_size_phone=&#8220;16px&#8220; button_text_size_last_edited=&#8220;on|phone&#8220; locked=&#8220;off&#8220; global_colors_info=&#8220;{}&#8220;][\/et_pb_button][et_pb_filterable_portfolio fullwidth=&#8220;off&#8220; posts_number=&#8220;36&#8243; include_categories=&#8220;56&#8243; show_categories=&#8220;off&#8220; show_pagination=&#8220;off&#8220; zoom_icon_color=&#8220;RGBA(255,255,255,0)&#8220; hover_overlay_color=&#8220;rgba(255,255,255,0.4)&#8220; module_class=&#8220;three-column-grid&#8220; _builder_version=&#8220;4.20.2&#8243; title_font=&#8220;||||||||&#8220; title_text_align=&#8220;left&#8220; title_text_color=&#8220;#9e5b3a&#8220; title_font_size=&#8220;18px&#8220; background_color=&#8220;RGBA(255,255,255,0)&#8220; background_size=&#8220;initial&#8220; background_position=&#8220;top_left&#8220; background_repeat=&#8220;repeat&#8220; border_radii_image=&#8220;on|10px|10px|10px|10px&#8220; border_color_all_image=&#8220;RGBA(255,255,255,0)&#8220; box_shadow_style_image=&#8220;preset1&#8243; global_colors_info=&#8220;{}&#8220; border_width_all_image__hover_enabled=&#8220;on|hover&#8220; box_shadow_vertical_image__hover_enabled=&#8220;on|hover&#8220; box_shadow_horizontal_image__hover_enabled=&#8220;on|hover&#8220; box_shadow_horizontal_image__hover=&#8220;0px&#8220; box_shadow_vertical_image__hover=&#8220;0px&#8220; border_width_all_image__hover=&#8220;0px&#8220; box_shadow_blur_image__hover_enabled=&#8220;on|hover&#8220; box_shadow_blur_image__hover=&#8220;0px&#8220;][\/et_pb_filterable_portfolio][\/et_pb_column][\/et_pb_row][et_pb_row use_custom_gutter=&#8220;on&#8220; gutter_width=&#8220;1&#8243; _builder_version=&#8220;4.20.2&#8243; _module_preset=&#8220;default&#8220; background_color=&#8220;RGBA(255,255,255,0)&#8220; min_height=&#8220;20px&#8220; height=&#8220;20px&#8220; max_height=&#8220;20px&#8220; custom_margin=&#8220;0px||0px||false|false&#8220; custom_padding=&#8220;0px||0px|1%|false|false&#8220; border_radii=&#8220;off|10px|10px||&#8220; locked=&#8220;off&#8220; global_colors_info=&#8220;{}&#8220;][et_pb_column type=&#8220;4_4&#8243; _builder_version=&#8220;4.20.2&#8243; _module_preset=&#8220;default&#8220; global_colors_info=&#8220;{}&#8220;][\/et_pb_column][\/et_pb_row][\/et_pb_section][et_pb_section fb_built=&#8220;1&#8243; admin_label=&#8220;Popup &#8211; #phones&#8220; module_id=&#8220;phones&#8220; module_class=&#8220;popup&#8220; _builder_version=&#8220;4.20.2&#8243; _module_preset=&#8220;default&#8220; width=&#8220;100%&#8220; max_width=&#8220;680px&#8220; custom_margin=&#8220;|0px||0px|false|false&#8220; custom_padding=&#8220;|0px||0px|false|false&#8220; da_is_popup=&#8220;on&#8220; da_popup_slug=&#8220;phones&#8220; da_disable_devices=&#8220;off|off|off&#8220; locked=&#8220;off&#8220; global_colors_info=&#8220;{}&#8220; da_exit_intent=&#8220;off&#8220; da_has_close=&#8220;on&#8220; da_alt_close=&#8220;off&#8220; da_dark_close=&#8220;off&#8220; da_not_modal=&#8220;on&#8220; da_is_singular=&#8220;off&#8220; da_with_loader=&#8220;off&#8220; da_has_shadow=&#8220;on&#8220;][et_pb_row use_custom_gutter=&#8220;on&#8220; gutter_width=&#8220;1&#8243; _builder_version=&#8220;4.20.2&#8243; _module_preset=&#8220;default&#8220; width=&#8220;100%&#8220; max_width=&#8220;600px&#8220; module_alignment=&#8220;center&#8220; custom_margin=&#8220;|0px||0px|false|false&#8220; custom_padding=&#8220;|0px||0px|false|false&#8220; global_colors_info=&#8220;{}&#8220;][et_pb_column type=&#8220;4_4&#8243; _builder_version=&#8220;4.20.2&#8243; _module_preset=&#8220;default&#8220; global_colors_info=&#8220;{}&#8220;][et_pb_text _builder_version=&#8220;4.20.2&#8243; _module_preset=&#8220;default&#8220; custom_margin=&#8220;|0px||0px|false|false&#8220; custom_padding=&#8220;|0px||0px|false|false&#8220; global_colors_info=&#8220;{}&#8220;]<\/p>\n\n<table id=\"tablepress-16\" class=\"tablepress tablepress-id-16\">\n<thead>\n<tr class=\"row-1\">\n\t<th class=\"column-1\">Accommodation<\/th><td class=\"column-2\"><\/td>\n<\/tr>\n<\/thead>\n<tbody class=\"row-striping\">\n<tr class=\"row-2\">\n\t<td class=\"column-1\"><a href=\"https:\/\/www.mirtoscrete.gr\/facilities\/villa-aliki\/\">Villa Al\u00edki<\/a><\/td><td class=\"column-2\"><a href=\"tel:00306936192083\">69 361 92 083<\/a><\/td>\n<\/tr>\n<tr class=\"row-3\">\n\t<td class=\"column-1\">Big Blue<\/td><td class=\"column-2\"><a href=\"tel:00306949103383\">69 491 03 383<\/a><\/td>\n<\/tr>\n<tr class=\"row-4\">\n\t<td class=\"column-1\">Blue Horizon<\/td><td class=\"column-2\"><a href=\"tel:00302842051047\">28420 51 047<\/a><\/td>\n<\/tr>\n<tr class=\"row-5\">\n\t<td class=\"column-1\">Blue Sea<\/td><td class=\"column-2\"><a href=\"tel:00306972876000\">69 728 76 000<\/a><\/td>\n<\/tr>\n<tr class=\"row-6\">\n\t<td class=\"column-1\">Villa Dianthe<\/td><td class=\"column-2\"><a href=\"tel:00306945897986\">69 458 97 986<\/a><\/td>\n<\/tr>\n<tr class=\"row-7\">\n\t<td class=\"column-1\">Hotel Esper\u00eddes<\/td><td class=\"column-2\"><a href=\"tel:00302842051207\">28420 51 207<\/a><\/td>\n<\/tr>\n<tr class=\"row-8\">\n\t<td class=\"column-1\">In 7th Heaven<\/td><td class=\"column-2\"><a href=\"tel:0031654908499\">+31 65 490 8499<\/a><\/td>\n<\/tr>\n<tr class=\"row-9\">\n\t<td class=\"column-1\">Ism\u00edni<\/td><td class=\"column-2\"><a href=\"tel:00306970868010\">69 708 68 010<\/a><\/td>\n<\/tr>\n<tr class=\"row-10\">\n\t<td class=\"column-1\">Kallith\u00e9a Apts<\/td><td class=\"column-2\"><a href=\"tel:00306981473909\">69 814 73 909<\/a><\/td>\n<\/tr>\n<tr class=\"row-11\">\n\t<td class=\"column-1\">Villa K\u00e1stro<\/td><td class=\"column-2\"><a href=\"tel:00302842051444\">28420 51 444<\/a><\/td>\n<\/tr>\n<tr class=\"row-12\">\n\t<td class=\"column-1\"> \"<\/td><td class=\"column-2\"><a href=\"tel:00306948724064\">69 487 24 064<\/a><\/td>\n<\/tr>\n<tr class=\"row-13\">\n\t<td class=\"column-1\">Left\u00e9ris Apts<\/td><td class=\"column-2\"><a href=\"tel:00306948000735\">69 480 00 735<\/a><\/td>\n<\/tr>\n<tr class=\"row-14\">\n\t<td class=\"column-1\">Villa Mare<\/td><td class=\"column-2\"><a href=\"tel:00302842051250\">28420 51 250<\/a><\/td>\n<\/tr>\n<tr class=\"row-15\">\n\t<td class=\"column-1\"> \"<\/td><td class=\"column-2\"><a href=\"tel:00302842051392\">28420 51 392<\/a><\/td>\n<\/tr>\n<tr class=\"row-16\">\n\t<td class=\"column-1\"> \"<\/td><td class=\"column-2\"><a href=\"tel:00306980603368\">69 806 03 368<\/a><\/td>\n<\/tr>\n<tr class=\"row-17\">\n\t<td class=\"column-1\"> \"<\/td><td class=\"column-2\"><a href=\"tel:00306975658099\">69 756 58 099<\/a><\/td>\n<\/tr>\n<tr class=\"row-18\">\n\t<td class=\"column-1\">Maria Mare<\/td><td class=\"column-2\"><a href=\"tel:00306972876000\">69 728 76 000<\/a><\/td>\n<\/tr>\n<tr class=\"row-19\">\n\t<td class=\"column-1\">Maria Suite<\/td><td class=\"column-2\"><a href=\"tel:00306972876000\">69 728 76 000<\/a><\/td>\n<\/tr>\n<tr class=\"row-20\">\n\t<td class=\"column-1\">Villa Mertiza<\/td><td class=\"column-2\"><a href=\"tel:00302842051208\">28420 51 208<\/a><\/td>\n<\/tr>\n<tr class=\"row-21\">\n\t<td class=\"column-1\"> \"<\/td><td class=\"column-2\"><a href=\"tel:00306934554335\">69 345 54 335<\/a><\/td>\n<\/tr>\n<tr class=\"row-22\">\n\t<td class=\"column-1\">Mirt\u00f3polis<\/td><td class=\"column-2\"><a href=\"tel:00306909105652\">69 091 056 52<\/a><\/td>\n<\/tr>\n<tr class=\"row-23\">\n\t<td class=\"column-1\">Mirt\u00edni<\/td><td class=\"column-2\"><a href=\"tel:00302842090120\">28420 90 120<\/a><\/td>\n<\/tr>\n<tr class=\"row-24\">\n\t<td class=\"column-1\"> \"<\/td><td class=\"column-2\"><a href=\"tel:00306977275764\">69 772 75 764<\/a><\/td>\n<\/tr>\n<tr class=\"row-25\">\n\t<td class=\"column-1\">Mirtos 4Seasons<\/td><td class=\"column-2\"><a href=\"tel:00306970300866\">69 703 00 866<\/a><\/td>\n<\/tr>\n<tr class=\"row-26\">\n\t<td class=\"column-1\">Mirtos Hotel<\/td><td class=\"column-2\"><a href=\"tel:00302842051227\">28420 51 227<\/a><\/td>\n<\/tr>\n<tr class=\"row-27\">\n\t<td class=\"column-1\"> \"<\/td><td class=\"column-2\"><a href=\"tel:00302842051209\">28420 51 209<\/a><\/td>\n<\/tr>\n<tr class=\"row-28\">\n\t<td class=\"column-1\"> \"<\/td><td class=\"column-2\"><a href=\"tel:00306974774257\">69 747 74 257<\/a><\/td>\n<\/tr>\n<tr class=\"row-29\">\n\t<td class=\"column-1\">Mirtos Inn<\/td><td class=\"column-2\"><a href=\"tel:00306984871321\">69 848 71 321<\/a><\/td>\n<\/tr>\n<tr class=\"row-30\">\n\t<td class=\"column-1\">\"<\/td><td class=\"column-2\"><a href=\"tel:00302842051134\">28420 51 134<\/a><\/td>\n<\/tr>\n<tr class=\"row-31\">\n\t<td class=\"column-1\">Mit\u00e1to Studios<\/td><td class=\"column-2\"><a href=\"tel:00302842051047\">28420 51 047<\/a><\/td>\n<\/tr>\n<tr class=\"row-32\">\n\t<td class=\"column-1\">Myrthe<\/td><td class=\"column-2\"><a href=\"tel:00306971747695\">69 717 47 695<\/a><\/td>\n<\/tr>\n<tr class=\"row-33\">\n\t<td class=\"column-1\">Nikos House<\/td><td class=\"column-2\"><a href=\"tel:00306972876000\">69 728 76 000<\/a><\/td>\n<\/tr>\n<tr class=\"row-34\">\n\t<td class=\"column-1\">Villa Nostos<\/td><td class=\"column-2\"><a href=\"tel:00302842051569\">28420 51 569<\/a><\/td>\n<\/tr>\n<tr class=\"row-35\">\n\t<td class=\"column-1\">Pan\u00f3rama<\/td><td class=\"column-2\"><a href=\"tel:00306972695854\">69 726 95 854<\/a><\/td>\n<\/tr>\n<tr class=\"row-36\">\n\t<td class=\"column-1\">P\u00e9lagos<\/td><td class=\"column-2\"><a href=\"tel:00306977359742\">69 773 59 742<\/a><\/td>\n<\/tr>\n<tr class=\"row-37\">\n\t<td class=\"column-1\">Sophies House<\/td><td class=\"column-2\"><a href=\"tel:00306944768711\">69 447 68 711<\/a><\/td>\n<\/tr>\n<tr class=\"row-38\">\n\t<td class=\"column-1\">Sp\u00edtimas<\/td><td class=\"column-2\"><a href=\"tel:0031621543298\">+31 62 154 3298<\/a><\/td>\n<\/tr>\n<tr class=\"row-39\">\n\t<td class=\"column-1\">Stonehouse El\u00eda<\/td><td class=\"column-2\"><a href=\"tel:00306977359742\">69 773 59 742<\/a><\/td>\n<\/tr>\n<tr class=\"row-40\">\n\t<td class=\"column-1\">Susannas Pension<\/td><td class=\"column-2\"><a href=\"tel:00302842051515\">28420 51 515<\/a><\/td>\n<\/tr>\n<tr class=\"row-41\">\n\t<td class=\"column-1\"> \"<\/td><td class=\"column-2\"><a href=\"tel:00306989805849\">69 898 05 849<\/a><\/td>\n<\/tr>\n<tr class=\"row-42\">\n\t<td class=\"column-1\">Th\u00e1lassa Apts<\/td><td class=\"column-2\"><a href=\"tel:00306972876000\">69 728 76 000<\/a><\/td>\n<\/tr>\n<tr class=\"row-43\">\n\t<td class=\"column-1\"> V\u00f3tsalo view<\/td><td class=\"column-2\"><a href=\"tel:00302842051457\">28420 51 457<\/a><\/td>\n<\/tr>\n<\/tbody>\n<\/table>\n\n<p>[\/et_pb_text][et_pb_code _builder_version=&#8220;4.20.2&#8243; _module_preset=&#8220;default&#8220; global_colors_info=&#8220;{}&#8220;]<\/p>\n<style><!-- [et_pb_line_break_holder] -->#et-boc .area-outer-wrap .da-close {<!-- [et_pb_line_break_holder] -->    font-size: 60px;<!-- [et_pb_line_break_holder] -->    width: 50px;<!-- [et_pb_line_break_holder] -->}<!-- [et_pb_line_break_holder] --><\/style>\n<p>[\/et_pb_code][\/et_pb_column][\/et_pb_row][\/et_pb_section]<\/p>\n","protected":false},"excerpt":{"rendered":"<p>Apartments, Studios &#038; Zimmer in Mirtos, S\u00fcdkreta | Hotel Esperides, Hotel Mirtos, Villa Kastro, Villa Mertiza, Villa Nostos, Mirtini &#038; Stone Houses, Villa Dianthe, Villa Aliki, Mirtopolis, Susannas Pension, Big Blue, Villa Mare, Mitato Studios, Kallithea Apartments, Myrthe Apartments, Lefteris Apartments, Maria Suite, Panorama, Nikos House, Sophie\u2019s Village House, Kagelo Apts, Blue Sea, Mirtos Inn, Maria Mare, Pelagos, In7thheaven, Villa Spitimas<\/p>\n","protected":false},"author":1,"featured_media":0,"parent":0,"menu_order":0,"comment_status":"open","ping_status":"closed","template":"","meta":{"_et_pb_use_builder":"on","_et_pb_old_content":"","_et_gb_content_width":"","footnotes":""},"class_list":["post-2420","page","type-page","status-publish","hentry"],"_links":{"self":[{"href":"https:\/\/www.mirtoscrete.gr\/de\/wp-json\/wp\/v2\/pages\/2420","targetHints":{"allow":["GET"]}}],"collection":[{"href":"https:\/\/www.mirtoscrete.gr\/de\/wp-json\/wp\/v2\/pages"}],"about":[{"href":"https:\/\/www.mirtoscrete.gr\/de\/wp-json\/wp\/v2\/types\/page"}],"author":[{"embeddable":true,"href":"https:\/\/www.mirtoscrete.gr\/de\/wp-json\/wp\/v2\/users\/1"}],"replies":[{"embeddable":true,"href":"https:\/\/www.mirtoscrete.gr\/de\/wp-json\/wp\/v2\/comments?post=2420"}],"version-history":[{"count":0,"href":"https:\/\/www.mirtoscrete.gr\/de\/wp-json\/wp\/v2\/pages\/2420\/revisions"}],"wp:attachment":[{"href":"https:\/\/www.mirtoscrete.gr\/de\/wp-json\/wp\/v2\/media?parent=2420"}],"curies":[{"name":"wp","href":"https:\/\/api.w.org\/{rel}","templated":true}]}}