{"id":234715,"date":"2023-04-01T14:28:46","date_gmt":"2023-04-01T11:28:46","guid":{"rendered":"https:\/\/www.mirtoscrete.gr\/winter-in-mirtos\/"},"modified":"2024-08-27T19:53:17","modified_gmt":"2024-08-27T16:53:17","slug":"winter-in-mirtos","status":"publish","type":"page","link":"https:\/\/www.mirtoscrete.gr\/de\/winter-in-mirtos\/","title":{"rendered":"Winter in Mirtos"},"content":{"rendered":"<p>[et_pb_section fb_built=&#8220;1&#8243; custom_padding_last_edited=&#8220;on|desktop&#8220; module_id=&#8220;index&#8220; _builder_version=&#8220;4.20.2&#8243; _module_preset=&#8220;default&#8220; background_color=&#8220;#f4efd7&#8243; background_enable_pattern_style=&#8220;on&#8220; background_pattern_color=&#8220;#FFFFFF&#8220; background_pattern_size=&#8220;custom&#8220; background_pattern_width=&#8220;10px&#8220; background_pattern_height=&#8220;20px&#8220; background_pattern_repeat_origin=&#8220;top_center&#8220; custom_margin=&#8220;0px||0px||false|false&#8220; custom_padding=&#8220;0px||0px||false|false&#8220; custom_padding_tablet=&#8220;50px|0|50px|0&#8243; custom_padding_phone=&#8220;50px|0|50px|0&#8243; da_disable_devices=&#8220;off|off|off&#8220; locked=&#8220;off&#8220; global_colors_info=&#8220;{}&#8220; da_is_popup=&#8220;off&#8220; da_exit_intent=&#8220;off&#8220; da_has_close=&#8220;on&#8220; da_alt_close=&#8220;off&#8220; da_dark_close=&#8220;off&#8220; da_not_modal=&#8220;on&#8220; da_is_singular=&#8220;off&#8220; da_with_loader=&#8220;off&#8220; da_has_shadow=&#8220;on&#8220;][et_pb_row use_custom_gutter=&#8220;on&#8220; gutter_width=&#8220;2&#8243; _builder_version=&#8220;4.20.2&#8243; _module_preset=&#8220;default&#8220; background_color=&#8220;RGBA(255,255,255,0)&#8220; min_height=&#8220;20px&#8220; height=&#8220;20px&#8220; max_height=&#8220;20px&#8220; custom_margin=&#8220;0px||0px||false|false&#8220; custom_padding=&#8220;0px||0px|1%|false|false&#8220; global_colors_info=&#8220;{}&#8220;][et_pb_column type=&#8220;4_4&#8243; _builder_version=&#8220;4.20.2&#8243; _module_preset=&#8220;default&#8220; global_colors_info=&#8220;{}&#8220;][\/et_pb_column][\/et_pb_row][et_pb_row use_custom_gutter=&#8220;on&#8220; gutter_width=&#8220;2&#8243; _builder_version=&#8220;4.20.2&#8243; _module_preset=&#8220;default&#8220; background_color=&#8220;#FFFFFF&#8220; background_size=&#8220;initial&#8220; background_position=&#8220;top_left&#8220; background_repeat=&#8220;repeat&#8220; custom_padding=&#8220;|1%||1%|false|true&#8220; border_radii=&#8220;on|10px|10px|10px|10px&#8220; global_colors_info=&#8220;{}&#8220;][et_pb_column type=&#8220;4_4&#8243; _builder_version=&#8220;4.20.2&#8243; _module_preset=&#8220;default&#8220; global_colors_info=&#8220;{}&#8220;][et_pb_menu menu_id=&#8220;53&#8243; module_class=&#8220;pa-open-mobile-menu&#8220; _builder_version=&#8220;4.20.2&#8243; _module_preset=&#8220;default&#8220; global_colors_info=&#8220;{}&#8220;][\/et_pb_menu][et_pb_post_title meta=&#8220;off&#8220; featured_image=&#8220;off&#8220; _builder_version=&#8220;4.20.2&#8243; _module_preset=&#8220;default&#8220; global_colors_info=&#8220;{}&#8220;][\/et_pb_post_title][et_pb_text _builder_version=&#8220;4.20.2&#8243; _module_preset=&#8220;default&#8220; global_colors_info=&#8220;{}&#8220;]<\/p>\n<p>Immer mehr G\u00e4ste entscheiden sich daf\u00fcr, im Winter nach Mirtos zu kommen. Dies sind die Unternehmen, die das ganze Jahr \u00fcber ge\u00f6ffnet sind:<\/p>\n<p>[\/et_pb_text][et_pb_text module_id=&#8220;accommodation&#8220; _builder_version=&#8220;4.20.2&#8243; _module_preset=&#8220;default&#8220; custom_margin=&#8220;35px||-35px||false|false&#8220; custom_padding=&#8220;0px||0px||false|false&#8220; global_colors_info=&#8220;{}&#8220;]<\/p>\n<h2>Unterk\u00fcnfte<\/h2>\n<p>[\/et_pb_text][et_pb_filterable_portfolio fullwidth=&#8220;off&#8220; posts_number=&#8220;24&#8243; include_categories=&#8220;142&#8243; show_categories=&#8220;off&#8220; show_pagination=&#8220;off&#8220; zoom_icon_color=&#8220;RGBA(255,255,255,0)&#8220; hover_overlay_color=&#8220;rgba(255,255,255,0.4)&#8220; module_class=&#8220;three-column-grid&#8220; _builder_version=&#8220;4.27.0&#8243; title_font=&#8220;||||||||&#8220; title_text_align=&#8220;left&#8220; title_text_color=&#8220;#9e5b3a&#8220; title_font_size=&#8220;18px&#8220; background_color=&#8220;RGBA(255,255,255,0)&#8220; background_size=&#8220;initial&#8220; background_position=&#8220;top_left&#8220; background_repeat=&#8220;repeat&#8220; hover_enabled=&#8220;0&#8243; border_radii_image=&#8220;on|10px|10px|10px|10px&#8220; border_color_all_image=&#8220;RGBA(255,255,255,0)&#8220; box_shadow_style_image=&#8220;preset1&#8243; global_colors_info=&#8220;{}&#8220; border_width_all_image__hover_enabled=&#8220;on|hover&#8220; box_shadow_vertical_image__hover_enabled=&#8220;on|hover&#8220; box_shadow_horizontal_image__hover_enabled=&#8220;on|hover&#8220; box_shadow_horizontal_image__hover=&#8220;0px&#8220; box_shadow_vertical_image__hover=&#8220;0px&#8220; border_width_all_image__hover=&#8220;0px&#8220; box_shadow_blur_image__hover_enabled=&#8220;on|hover&#8220; box_shadow_blur_image__hover=&#8220;0px&#8220; sticky_enabled=&#8220;0&#8243;][\/et_pb_filterable_portfolio][et_pb_text module_id=&#8220;accommodation&#8220; _builder_version=&#8220;4.20.2&#8243; _module_preset=&#8220;default&#8220; custom_margin=&#8220;35px||-35px||false|false&#8220; custom_padding=&#8220;0px||0px||false|false&#8220; global_colors_info=&#8220;{}&#8220;]<\/p>\n<h2>Essen und Trinken<\/h2>\n<p>[\/et_pb_text][et_pb_filterable_portfolio fullwidth=&#8220;off&#8220; posts_number=&#8220;24&#8243; include_categories=&#8220;147&#8243; show_categories=&#8220;off&#8220; show_pagination=&#8220;off&#8220; zoom_icon_color=&#8220;RGBA(255,255,255,0)&#8220; hover_overlay_color=&#8220;rgba(255,255,255,0.4)&#8220; module_class=&#8220;three-column-grid&#8220; _builder_version=&#8220;4.20.2&#8243; title_font=&#8220;||||||||&#8220; title_text_align=&#8220;left&#8220; title_text_color=&#8220;#9e5b3a&#8220; title_font_size=&#8220;18px&#8220; border_radii_image=&#8220;on|10px|10px|10px|10px&#8220; border_color_all_image=&#8220;RGBA(255,255,255,0)&#8220; box_shadow_style_image=&#8220;preset1&#8243; global_colors_info=&#8220;{}&#8220; border_width_all_image__hover_enabled=&#8220;on|hover&#8220; box_shadow_vertical_image__hover_enabled=&#8220;on|hover&#8220; box_shadow_horizontal_image__hover_enabled=&#8220;on|hover&#8220; box_shadow_horizontal_image__hover=&#8220;0px&#8220; box_shadow_vertical_image__hover=&#8220;0px&#8220; border_width_all_image__hover=&#8220;0px&#8220; box_shadow_blur_image__hover_enabled=&#8220;on|hover&#8220; box_shadow_blur_image__hover=&#8220;0px&#8220; background_color=&#8220;RGBA(255,255,255,0)&#8220; background_size=&#8220;initial&#8220; background_position=&#8220;top_left&#8220; background_repeat=&#8220;repeat&#8220;][\/et_pb_filterable_portfolio][et_pb_text module_id=&#8220;accommodation&#8220; _builder_version=&#8220;4.20.2&#8243; _module_preset=&#8220;default&#8220; custom_margin=&#8220;35px||-35px||false|false&#8220; custom_padding=&#8220;0px||0px||false|false&#8220; global_colors_info=&#8220;{}&#8220;]<\/p>\n<h2>Gesch\u00e4fte<\/h2>\n<p>[\/et_pb_text][et_pb_filterable_portfolio fullwidth=&#8220;off&#8220; posts_number=&#8220;24&#8243; include_categories=&#8220;152&#8243; show_categories=&#8220;off&#8220; show_pagination=&#8220;off&#8220; zoom_icon_color=&#8220;RGBA(255,255,255,0)&#8220; hover_overlay_color=&#8220;rgba(255,255,255,0.4)&#8220; module_class=&#8220;three-column-grid&#8220; _builder_version=&#8220;4.20.2&#8243; title_font=&#8220;||||||||&#8220; title_text_align=&#8220;left&#8220; title_text_color=&#8220;#9e5b3a&#8220; title_font_size=&#8220;18px&#8220; border_radii_image=&#8220;on|10px|10px|10px|10px&#8220; border_color_all_image=&#8220;RGBA(255,255,255,0)&#8220; box_shadow_style_image=&#8220;preset1&#8243; global_colors_info=&#8220;{}&#8220; border_width_all_image__hover_enabled=&#8220;on|hover&#8220; box_shadow_vertical_image__hover_enabled=&#8220;on|hover&#8220; box_shadow_horizontal_image__hover_enabled=&#8220;on|hover&#8220; box_shadow_horizontal_image__hover=&#8220;0px&#8220; box_shadow_vertical_image__hover=&#8220;0px&#8220; border_width_all_image__hover=&#8220;0px&#8220; box_shadow_blur_image__hover_enabled=&#8220;on|hover&#8220; box_shadow_blur_image__hover=&#8220;0px&#8220; background_color=&#8220;RGBA(255,255,255,0)&#8220; background_size=&#8220;initial&#8220; background_position=&#8220;top_left&#8220; background_repeat=&#8220;repeat&#8220;][\/et_pb_filterable_portfolio][et_pb_text module_id=&#8220;accommodation&#8220; _builder_version=&#8220;4.20.4&#8243; _module_preset=&#8220;default&#8220; custom_margin=&#8220;35px||-35px||false|false&#8220; custom_padding=&#8220;0px||0px||false|false&#8220; global_colors_info=&#8220;{}&#8220;]<\/p>\n<h2>Andere<\/h2>\n<p>[\/et_pb_text][et_pb_filterable_portfolio fullwidth=&#8220;off&#8220; posts_number=&#8220;24&#8243; include_categories=&#8220;160&#8243; show_categories=&#8220;off&#8220; show_pagination=&#8220;off&#8220; zoom_icon_color=&#8220;RGBA(255,255,255,0)&#8220; hover_overlay_color=&#8220;rgba(255,255,255,0.4)&#8220; module_class=&#8220;three-column-grid&#8220; _builder_version=&#8220;4.20.4&#8243; title_font=&#8220;||||||||&#8220; title_text_align=&#8220;left&#8220; title_text_color=&#8220;#9e5b3a&#8220; title_font_size=&#8220;18px&#8220; border_radii_image=&#8220;on|10px|10px|10px|10px&#8220; border_color_all_image=&#8220;RGBA(255,255,255,0)&#8220; box_shadow_style_image=&#8220;preset1&#8243; global_colors_info=&#8220;{}&#8220; border_width_all_image__hover_enabled=&#8220;on|hover&#8220; box_shadow_vertical_image__hover_enabled=&#8220;on|hover&#8220; box_shadow_horizontal_image__hover_enabled=&#8220;on|hover&#8220; box_shadow_horizontal_image__hover=&#8220;0px&#8220; box_shadow_vertical_image__hover=&#8220;0px&#8220; border_width_all_image__hover=&#8220;0px&#8220; box_shadow_blur_image__hover_enabled=&#8220;on|hover&#8220; box_shadow_blur_image__hover=&#8220;0px&#8220; background_color=&#8220;RGBA(255,255,255,0)&#8220; background_size=&#8220;initial&#8220; background_position=&#8220;top_left&#8220; background_repeat=&#8220;repeat&#8220;][\/et_pb_filterable_portfolio][\/et_pb_column][\/et_pb_row][et_pb_row use_custom_gutter=&#8220;on&#8220; gutter_width=&#8220;1&#8243; _builder_version=&#8220;4.20.2&#8243; _module_preset=&#8220;default&#8220; background_color=&#8220;RGBA(255,255,255,0)&#8220; min_height=&#8220;20px&#8220; height=&#8220;20px&#8220; max_height=&#8220;20px&#8220; custom_margin=&#8220;0px||0px||false|false&#8220; custom_padding=&#8220;0px||0px|1%|false|false&#8220; border_radii=&#8220;off|10px|10px||&#8220; locked=&#8220;off&#8220; global_colors_info=&#8220;{}&#8220;][et_pb_column type=&#8220;4_4&#8243; _builder_version=&#8220;4.20.2&#8243; _module_preset=&#8220;default&#8220; global_colors_info=&#8220;{}&#8220;][\/et_pb_column][\/et_pb_row][\/et_pb_section]<\/p>\n","protected":false},"excerpt":{"rendered":"<p>Immer mehr G\u00e4ste entscheiden sich daf\u00fcr, im Winter nach Mirtos zu kommen. Dies sind die Unternehmen, die das ganze Jahr \u00fcber ge\u00f6ffnet sind:Unterk\u00fcnfteEssen und TrinkenGesch\u00e4fteAndere<\/p>\n","protected":false},"author":1,"featured_media":0,"parent":0,"menu_order":0,"comment_status":"closed","ping_status":"closed","template":"","meta":{"_et_pb_use_builder":"on","_et_pb_old_content":"","_et_gb_content_width":"","footnotes":""},"class_list":["post-234715","page","type-page","status-publish","hentry"],"_links":{"self":[{"href":"https:\/\/www.mirtoscrete.gr\/de\/wp-json\/wp\/v2\/pages\/234715","targetHints":{"allow":["GET"]}}],"collection":[{"href":"https:\/\/www.mirtoscrete.gr\/de\/wp-json\/wp\/v2\/pages"}],"about":[{"href":"https:\/\/www.mirtoscrete.gr\/de\/wp-json\/wp\/v2\/types\/page"}],"author":[{"embeddable":true,"href":"https:\/\/www.mirtoscrete.gr\/de\/wp-json\/wp\/v2\/users\/1"}],"replies":[{"embeddable":true,"href":"https:\/\/www.mirtoscrete.gr\/de\/wp-json\/wp\/v2\/comments?post=234715"}],"version-history":[{"count":0,"href":"https:\/\/www.mirtoscrete.gr\/de\/wp-json\/wp\/v2\/pages\/234715\/revisions"}],"wp:attachment":[{"href":"https:\/\/www.mirtoscrete.gr\/de\/wp-json\/wp\/v2\/media?parent=234715"}],"curies":[{"name":"wp","href":"https:\/\/api.w.org\/{rel}","templated":true}]}}