{"id":2294,"date":"2014-11-10T21:48:53","date_gmt":"2014-11-10T18:48:53","guid":{"rendered":"https:\/\/www.mirtoscrete.gr\/\/www.mirtoscrete.gr\/the-museum-of-mirtos-2\/"},"modified":"2024-09-20T15:43:40","modified_gmt":"2024-09-20T12:43:40","slug":"das-museum-von-mirtos","status":"publish","type":"page","link":"https:\/\/www.mirtoscrete.gr\/de\/das-museum-von-mirtos\/","title":{"rendered":"Das Museum von Mirtos"},"content":{"rendered":"<p>[et_pb_section fb_built=&#8220;1&#8243; fullwidth=&#8220;on&#8220; custom_padding_last_edited=&#8220;on|desktop&#8220; admin_label=&#8220;section&#8220; _builder_version=&#8220;4.16&#8243; background_color=&#8220;rgba(255,255,255,0.6)&#8220; parallax=&#8220;on&#8220; parallax_method=&#8220;off&#8220; custom_padding_tablet=&#8220;50px|0|50px|0&#8243; custom_padding_phone=&#8220;&#8220; da_disable_devices=&#8220;off|off|off&#8220; transparent_background=&#8220;off&#8220; padding_mobile=&#8220;off&#8220; make_fullwidth=&#8220;off&#8220; use_custom_width=&#8220;off&#8220; width_unit=&#8220;on&#8220; global_colors_info=&#8220;{}&#8220; da_is_popup=&#8220;off&#8220; da_exit_intent=&#8220;off&#8220; da_has_close=&#8220;on&#8220; da_alt_close=&#8220;off&#8220; da_dark_close=&#8220;off&#8220; da_not_modal=&#8220;on&#8220; da_is_singular=&#8220;off&#8220; da_with_loader=&#8220;off&#8220; da_has_shadow=&#8220;on&#8220;][et_pb_fullwidth_header title=&#8220;Das Museum von Mirtos&#8220; subhead=&#8220;Mirtos hat ein kleines Museum neben der alten Kirche im Zentrum des Dorfes. Das Kernst\u00fcck ist ein masstabgetreues Modell der minoischen Siedlung Fournou Korifi.&#8220; content_max_width=&#8220;none&#8220; admin_label=&#8220;Fullwidth Header&#8220; module_id=&#8220;top&#8220; _builder_version=&#8220;4.16&#8243; background_color=&#8220;rgba(255,255,255,0.7)&#8220; background_layout=&#8220;light&#8220; button_one_letter_spacing_hover=&#8220;0&#8243; button_two_letter_spacing_hover=&#8220;0&#8243; global_colors_info=&#8220;{}&#8220; button_one_text_size__hover_enabled=&#8220;off&#8220; button_two_text_size__hover_enabled=&#8220;off&#8220; button_one_text_color__hover_enabled=&#8220;off&#8220; button_two_text_color__hover_enabled=&#8220;off&#8220; button_one_border_width__hover_enabled=&#8220;off&#8220; button_two_border_width__hover_enabled=&#8220;off&#8220; button_one_border_color__hover_enabled=&#8220;off&#8220; button_two_border_color__hover_enabled=&#8220;off&#8220; button_one_border_radius__hover_enabled=&#8220;off&#8220; button_two_border_radius__hover_enabled=&#8220;off&#8220; button_one_letter_spacing__hover_enabled=&#8220;on&#8220; button_one_letter_spacing__hover=&#8220;0&#8243; button_two_letter_spacing__hover_enabled=&#8220;on&#8220; button_two_letter_spacing__hover=&#8220;0&#8243; button_one_bg_color__hover_enabled=&#8220;off&#8220; button_two_bg_color__hover_enabled=&#8220;off&#8220;][\/et_pb_fullwidth_header][\/et_pb_section][et_pb_section fb_built=&#8220;1&#8243; custom_padding_last_edited=&#8220;on|desktop&#8220; admin_label=&#8220;section&#8220; _builder_version=&#8220;4.16&#8243; background_color=&#8220;rgba(255,255,255,0)&#8220; parallax=&#8220;on&#8220; parallax_method=&#8220;off&#8220; custom_padding_tablet=&#8220;50px|0|50px|0&#8243; custom_padding_phone=&#8220;&#8220; da_disable_devices=&#8220;off|off|off&#8220; transparent_background=&#8220;on&#8220; padding_mobile=&#8220;off&#8220; make_fullwidth=&#8220;off&#8220; use_custom_width=&#8220;off&#8220; width_unit=&#8220;on&#8220; global_colors_info=&#8220;{}&#8220; da_is_popup=&#8220;off&#8220; da_exit_intent=&#8220;off&#8220; da_has_close=&#8220;on&#8220; da_alt_close=&#8220;off&#8220; da_dark_close=&#8220;off&#8220; da_not_modal=&#8220;on&#8220; da_is_singular=&#8220;off&#8220; da_with_loader=&#8220;off&#8220; da_has_shadow=&#8220;on&#8220;][et_pb_row admin_label=&#8220;row&#8220; _builder_version=&#8220;4.16&#8243; background_size=&#8220;initial&#8220; background_position=&#8220;top_left&#8220; background_repeat=&#8220;repeat&#8220; global_colors_info=&#8220;{}&#8220;][et_pb_column type=&#8220;4_4&#8243; _builder_version=&#8220;4.16&#8243; custom_padding=&#8220;|||&#8220; global_colors_info=&#8220;{}&#8220; custom_padding__hover=&#8220;|||&#8220;][et_pb_text admin_label=&#8220;Text&#8220; _builder_version=&#8220;4.16&#8243; background_size=&#8220;initial&#8220; background_position=&#8220;top_left&#8220; background_repeat=&#8220;repeat&#8220; use_border_color=&#8220;off&#8220; border_color=&#8220;#ffffff&#8220; border_style=&#8220;solid&#8220; global_colors_info=&#8220;{}&#8220;]<img loading=\"lazy\" decoding=\"async\" class=\"alignnone wp-image-1698 size-full\" src=\"https:\/\/www.mirtoscrete.gr\/wp-content\/uploads\/2016\/04\/timeline.jpg\" alt=\"timeline\" width=\"1600\" height=\"103\"><br \/>\n[\/et_pb_text][et_pb_menu menu_id=&#8220;53&#8243; module_class=&#8220;pa-open-mobile-menu&#8220; _builder_version=&#8220;4.27.0&#8243; _module_preset=&#8220;default&#8220; background_color=&#8220;RGBA(255,255,255,0)&#8220; positioning=&#8220;fixed&#8220; position_origin_f=&#8220;top_right&#8220; text_orientation=&#8220;right&#8220; width=&#8220;100%&#8220; custom_margin=&#8220;|10px|||false|false&#8220; custom_margin_tablet=&#8220;|5px|||false|false&#8220; custom_margin_phone=&#8220;|0px|||false|false&#8220; custom_margin_last_edited=&#8220;on|phone&#8220; locked=&#8220;off&#8220; global_colors_info=&#8220;{}&#8220;][\/et_pb_menu][\/et_pb_column][\/et_pb_row][et_pb_row column_structure=&#8220;1_2,1_2&#8243; admin_label=&#8220;row&#8220; _builder_version=&#8220;4.16&#8243; background_size=&#8220;initial&#8220; background_position=&#8220;top_left&#8220; background_repeat=&#8220;repeat&#8220; global_colors_info=&#8220;{}&#8220;][et_pb_column type=&#8220;1_2&#8243; _builder_version=&#8220;4.16&#8243; custom_padding=&#8220;|||&#8220; global_colors_info=&#8220;{}&#8220; custom_padding__hover=&#8220;|||&#8220;][et_pb_image src=&#8220;https:\/\/www.mirtoscrete.gr\/wp-content\/uploads\/2016\/04\/museum03.jpg&#8220; show_in_lightbox=&#8220;on&#8220; align_tablet=&#8220;center&#8220; align_phone=&#8220;&#8220; align_last_edited=&#8220;on|desktop&#8220; admin_label=&#8220;Image&#8220; _builder_version=&#8220;4.16&#8243; use_border_color=&#8220;off&#8220; border_color=&#8220;#ffffff&#8220; border_style=&#8220;solid&#8220; sticky=&#8220;off&#8220; always_center_on_mobile=&#8220;on&#8220; global_colors_info=&#8220;{}&#8220;][\/et_pb_image][\/et_pb_column][et_pb_column type=&#8220;1_2&#8243; _builder_version=&#8220;4.16&#8243; custom_padding=&#8220;|||&#8220; global_colors_info=&#8220;{}&#8220; custom_padding__hover=&#8220;|||&#8220;][et_pb_image src=&#8220;https:\/\/www.mirtoscrete.gr\/wp-content\/uploads\/2016\/04\/museum002.jpg&#8220; show_in_lightbox=&#8220;on&#8220; align_tablet=&#8220;center&#8220; align_phone=&#8220;&#8220; align_last_edited=&#8220;on|desktop&#8220; admin_label=&#8220;Image&#8220; _builder_version=&#8220;4.16&#8243; use_border_color=&#8220;off&#8220; border_color=&#8220;#ffffff&#8220; border_style=&#8220;solid&#8220; sticky=&#8220;off&#8220; always_center_on_mobile=&#8220;on&#8220; global_colors_info=&#8220;{}&#8220;][\/et_pb_image][\/et_pb_column][\/et_pb_row][\/et_pb_section][et_pb_section fb_built=&#8220;1&#8243; specialty=&#8220;on&#8220; custom_padding_last_edited=&#8220;on|desktop&#8220; parallax_method_1=&#8220;off&#8220; parallax_method_2=&#8220;off&#8220; admin_label=&#8220;section&#8220; _builder_version=&#8220;4.16&#8243; background_color=&#8220;rgba(255,255,255,0)&#8220; parallax=&#8220;on&#8220; parallax_method=&#8220;off&#8220; custom_padding_tablet=&#8220;50px|0|50px|0&#8243; custom_padding_phone=&#8220;&#8220; da_disable_devices=&#8220;off|off|off&#8220; transparent_background=&#8220;on&#8220; padding_mobile=&#8220;off&#8220; make_fullwidth=&#8220;off&#8220; use_custom_width=&#8220;off&#8220; width_unit=&#8220;on&#8220; global_colors_info=&#8220;{}&#8220; da_is_popup=&#8220;off&#8220; da_exit_intent=&#8220;off&#8220; da_has_close=&#8220;on&#8220; da_alt_close=&#8220;off&#8220; da_dark_close=&#8220;off&#8220; da_not_modal=&#8220;on&#8220; da_is_singular=&#8220;off&#8220; da_with_loader=&#8220;off&#8220; da_has_shadow=&#8220;on&#8220;][et_pb_column type=&#8220;2_3&#8243; specialty_columns=&#8220;2&#8243; _builder_version=&#8220;4.16&#8243; custom_padding=&#8220;|||&#8220; global_colors_info=&#8220;{}&#8220; custom_padding__hover=&#8220;|||&#8220;][et_pb_row_inner admin_label=&#8220;row_inner&#8220; _builder_version=&#8220;4.16&#8243; global_colors_info=&#8220;{}&#8220;][et_pb_column_inner saved_specialty_column_type=&#8220;2_3&#8243; _builder_version=&#8220;4.16&#8243; custom_padding=&#8220;|||&#8220; global_colors_info=&#8220;{}&#8220; custom_padding__hover=&#8220;|||&#8220;][et_pb_toggle title=&#8220;Das Museum von Mirtos&#8220; open_toggle_text_color=&#8220;#c87c51&#8243; admin_label=&#8220;Toggle&#8220; _builder_version=&#8220;4.16&#8243; title_text_color=&#8220;#c87c51&#8243; title_font=&#8220;|600|||||||&#8220; title_font_size=&#8220;17px&#8220; background_size=&#8220;initial&#8220; background_position=&#8220;top_left&#8220; background_repeat=&#8220;repeat&#8220; use_border_color=&#8220;off&#8220; border_color=&#8220;#ffffff&#8220; border_style=&#8220;solid&#8220; global_colors_info=&#8220;{}&#8220;]Gr\u00fcnder und Stifter des Museums von Mirtos ist der mittlerweile verstorbene Georgios Dimintrianakis. Er war der Volksschullehrer des Dorfes. Er entdeckte dass auf den kultivierten Feldern \u00f6stlich von Mirtos immer wieder Tonst\u00fccke, Vasen, St\u00fccke von Werkzeugen und kleinen Statuen zum Vorschein kamen. Er begann so viel wie m\u00f6glich davon zu sammeln und brachte sie in Schulhaus, um sie vor Diebstahl und Besch\u00e4digungen zu sch\u00fctzen. Gleichzeitig informierte er den Verwalter f\u00fcr Antike Funde. Er glaubte fest daran dass es eines Tages eine offizielle Untersuchung der Umgebung geben werde.<\/p>\n<p>Und tats\u00e4chlich, 1962 kam der Vorsitzende der englischen arch\u00e4ologischen Schule aus Athen, Singlair Hood und zwei seiner Studenten, Peter Warren und Gerald Gadagan. Unter anderem besuchten sie die Volkschule von Mirtos. Ihre Aufmerksamkeit war geweckt als sie sahen was der Lehrer hier versammelt hatte, es waren deutlich Funde aus der minoischen Zeit. Sie untersuchten die Funde, fotografierten sie und wollten die Fundstellen besuchen. Sie wurden nach Fournou Korifi und Pyrgos gebracht. Sie untersuchten die obere Erdschicht und nahmen die dort vorhandenen Funde mit.<\/p>\n<p>1967 begannen durch ihre grosse Unterst\u00fctzung die Ausgrabungen und zwei minoische Siedlungen kamen ans Tageslicht. Trotz der grossen Anstrengungen des Lehrers blieben leider nur wenige der Funde in Mirtos. Im Lauf der Jahre sammelte er auch verschiedene Objekte von historischem und folkloristischem Wert. So bekam das Museum von Mirtos langsam seine Form, untergebracht in einem der Klassenzimmer der Volkschule. Dort verblieb es um die vierzig Jahre. Das Museum trug zum Ansehen des Dorfes bei.<\/p>\n<p>Nach dem Tod von Georgios Dimitrianakis wurde es an die Gemeinde Ierapetra \u00fcbergeben. Heutzutage ist das Museum von Mirtos in einem neuen Geb\u00e4ude, dass von der Diez\u00f6se Ierapetra und Sitia (Hiera Mitropolis von Ierapitna und Sitia) gestiftet wurde, der Bau wurde von der Gemeinde Ierapetra gef\u00f6rdert . Es ist seit 2001 in dieser Form ge\u00f6ffnet.<br \/>\n[\/et_pb_toggle][et_pb_toggle title=&#8220;Georgios Dimitrianakis&#8220; open_toggle_text_color=&#8220;#c87c51&#8243; admin_label=&#8220;Toggle&#8220; _builder_version=&#8220;4.16&#8243; title_text_color=&#8220;#c87c51&#8243; title_font=&#8220;|600|||||||&#8220; title_font_size=&#8220;17px&#8220; background_size=&#8220;initial&#8220; background_position=&#8220;top_left&#8220; background_repeat=&#8220;repeat&#8220; use_border_color=&#8220;off&#8220; border_color=&#8220;#ffffff&#8220; border_style=&#8220;solid&#8220; global_colors_info=&#8220;{}&#8220;]Georgios Dimitrianakis wurde 1923 in Gdochia geboren. Nachdem er die Volksschule abgeschlossen hatte besuchte er die h\u00f6here Schule in Ano Viannos und sp\u00e4ter das Gymnasium in Ierapetra wo er sein Diplom 1943 bekam. 1946 begann er auf der p\u00e4dagogischen Akademie in Heraklion zu studieren und wechselte nach dem zweiten Jahr \u00fcber in die p\u00e4dagogische Akademie Maraslios in Athen. 1947 machte er dort einen erfolgreichen Abschluss seiner Studien und begann seine Laufbahn als Lehrer. Seine Stationen waren die Volksschulen von Gdochia, Grevena, Gra Lygia, Metaxochori, Mirtos (1957 \u2013 77) und die zweite Volksschule von Ierapetra. Er wurde 1983 Leiter der Abteilung f\u00fcr Grundschulunterricht und ging ein Jahr sp\u00e4ter in Pension. 1994 verstarb er und ist in Mirtos begraben.<br \/>\n[\/et_pb_toggle][\/et_pb_column_inner][\/et_pb_row_inner][et_pb_row_inner column_structure=&#8220;1_2,1_2&#8243; admin_label=&#8220;row_inner&#8220; _builder_version=&#8220;4.16&#8243; global_colors_info=&#8220;{}&#8220;][et_pb_column_inner type=&#8220;1_2&#8243; saved_specialty_column_type=&#8220;2_3&#8243; _builder_version=&#8220;4.16&#8243; custom_padding=&#8220;|||&#8220; global_colors_info=&#8220;{}&#8220; custom_padding__hover=&#8220;|||&#8220;][et_pb_image src=&#8220;https:\/\/www.mirtoscrete.gr\/wp-content\/uploads\/2016\/04\/museum12.jpg&#8220; show_in_lightbox=&#8220;on&#8220; align_tablet=&#8220;center&#8220; align_phone=&#8220;&#8220; align_last_edited=&#8220;on|desktop&#8220; admin_label=&#8220;Image&#8220; _builder_version=&#8220;4.16&#8243; use_border_color=&#8220;off&#8220; border_color=&#8220;#ffffff&#8220; border_style=&#8220;solid&#8220; sticky=&#8220;off&#8220; always_center_on_mobile=&#8220;on&#8220; global_colors_info=&#8220;{}&#8220;][\/et_pb_image][\/et_pb_column_inner][et_pb_column_inner type=&#8220;1_2&#8243; saved_specialty_column_type=&#8220;2_3&#8243; _builder_version=&#8220;4.16&#8243; custom_padding=&#8220;|||&#8220; global_colors_info=&#8220;{}&#8220; custom_padding__hover=&#8220;|||&#8220;][et_pb_image src=&#8220;https:\/\/www.mirtoscrete.gr\/wp-content\/uploads\/2016\/04\/museum14.jpg&#8220; show_in_lightbox=&#8220;on&#8220; align_tablet=&#8220;center&#8220; align_phone=&#8220;&#8220; align_last_edited=&#8220;on|desktop&#8220; admin_label=&#8220;Image&#8220; _builder_version=&#8220;4.16&#8243; use_border_color=&#8220;off&#8220; border_color=&#8220;#ffffff&#8220; border_style=&#8220;solid&#8220; sticky=&#8220;off&#8220; always_center_on_mobile=&#8220;on&#8220; global_colors_info=&#8220;{}&#8220;][\/et_pb_image][\/et_pb_column_inner][\/et_pb_row_inner][\/et_pb_column][et_pb_column type=&#8220;1_3&#8243; _builder_version=&#8220;4.16&#8243; custom_padding=&#8220;|||&#8220; global_colors_info=&#8220;{}&#8220; custom_padding__hover=&#8220;|||&#8220;][et_pb_image src=&#8220;https:\/\/www.mirtoscrete.gr\/wp-content\/uploads\/2016\/04\/dimitrianakis001.jpg&#8220; show_in_lightbox=&#8220;on&#8220; align_tablet=&#8220;center&#8220; align_phone=&#8220;&#8220; align_last_edited=&#8220;on|desktop&#8220; admin_label=&#8220;Image&#8220; _builder_version=&#8220;4.16&#8243; use_border_color=&#8220;off&#8220; border_color=&#8220;#ffffff&#8220; border_style=&#8220;solid&#8220; sticky=&#8220;off&#8220; always_center_on_mobile=&#8220;on&#8220; global_colors_info=&#8220;{}&#8220;][\/et_pb_image][et_pb_text _builder_version=&#8220;4.25.1&#8243; _module_preset=&#8220;default&#8220; background_color=&#8220;rgba(255,255,255,0.87)&#8220; custom_padding=&#8220;1%|2%|1%|2%|true|true&#8220; locked=&#8220;off&#8220; global_colors_info=&#8220;{}&#8220;]<\/p>\n<h2 id=\"tablepress-5-name\" class=\"tablepress-table-name tablepress-table-name-id-5\">\u00d6ffnungszeiten<\/h2>\n\n<table id=\"tablepress-5\" class=\"tablepress tablepress-id-5\" aria-labelledby=\"tablepress-5-name\">\n<tbody class=\"row-striping row-hover\">\n<tr class=\"row-1\">\n\t<td class=\"column-1\">Montag<\/td><td class=\"column-2\">17:00 - 18:30<\/td>\n<\/tr>\n<\/tbody>\n<\/table>\n<!-- #tablepress-5 from cache -->\n<p>[\/et_pb_text][\/et_pb_column][\/et_pb_section][et_pb_section fb_built=&#8220;1&#8243; custom_padding_last_edited=&#8220;on|desktop&#8220; admin_label=&#8220;section&#8220; module_id=&#8220;fournou-korifi&#8220; _builder_version=&#8220;4.16&#8243; background_color=&#8220;rgba(255,248,232,0.8)&#8220; custom_padding_tablet=&#8220;50px|0|50px|0&#8243; custom_padding_phone=&#8220;&#8220; da_disable_devices=&#8220;off|off|off&#8220; transparent_background=&#8220;off&#8220; padding_mobile=&#8220;off&#8220; make_fullwidth=&#8220;off&#8220; use_custom_width=&#8220;off&#8220; width_unit=&#8220;on&#8220; global_colors_info=&#8220;{}&#8220; da_is_popup=&#8220;off&#8220; da_exit_intent=&#8220;off&#8220; da_has_close=&#8220;on&#8220; da_alt_close=&#8220;off&#8220; da_dark_close=&#8220;off&#8220; da_not_modal=&#8220;on&#8220; da_is_singular=&#8220;off&#8220; da_with_loader=&#8220;off&#8220; da_has_shadow=&#8220;on&#8220;][et_pb_row use_custom_gutter=&#8220;on&#8220; gutter_width=&#8220;1&#8243; admin_label=&#8220;row&#8220; _builder_version=&#8220;4.18.0&#8243; background_color=&#8220;rgba(255,255,255,0.8)&#8220; background_size=&#8220;initial&#8220; background_position=&#8220;top_left&#8220; background_repeat=&#8220;repeat&#8220; global_colors_info=&#8220;{}&#8220;][et_pb_column type=&#8220;4_4&#8243; _builder_version=&#8220;4.16&#8243; custom_padding=&#8220;|||&#8220; global_colors_info=&#8220;{}&#8220; custom_padding__hover=&#8220;|||&#8220;][et_pb_text admin_label=&#8220;museum maps&#8220; _builder_version=&#8220;4.16&#8243; locked=&#8220;off&#8220; global_colors_info=&#8220;{}&#8220;]<iframe loading=\"lazy\" src=\"https:\/\/www.google.com\/maps\/embed?pb=!1m18!1m12!1m3!1d4153.2124932310535!2d25.581213515730067!3d35.00416088035774!2m3!1f0!2f0!3f0!3m2!1i1024!2i768!4f13.1!3m3!1m2!1s0x149a8343acf618a1%3A0xbee1f9810c4a6ca4!2sMuseum!5e1!3m2!1sen!2sgr!4v1568814061835!5m2!1sen!2sgr\" width=\"1200\" height=\"500\" frameborder=\"0\" style=\"border:0;\" allowfullscreen=\"\"><\/iframe>[\/et_pb_text][et_pb_text admin_label=&#8220;Text&#8220; _builder_version=&#8220;4.16&#8243; background_size=&#8220;initial&#8220; background_position=&#8220;top_left&#8220; background_repeat=&#8220;repeat&#8220; custom_padding=&#8220;3%|3%|3%|3%|true|true&#8220; global_colors_info=&#8220;{}&#8220;]<\/p>\n<h2>Das Modell von Fournou Korifi<\/h2>\n<p>[\/et_pb_text][et_pb_gallery gallery_ids=&#8220;15332,15333,15334,15335&#8243; show_title_and_caption=&#8220;off&#8220; show_pagination=&#8220;off&#8220; admin_label=&#8220;Gallery&#8220; _builder_version=&#8220;4.18.0&#8243; border_width_all=&#8220;2px&#8220; border_color_all=&#8220;RGBA(255,255,255,0)&#8220; use_border_color=&#8220;off&#8220; border_color=&#8220;#ffffff&#8220; border_style=&#8220;solid&#8220; saved_tabs=&#8220;all&#8220; global_colors_info=&#8220;{}&#8220;][\/et_pb_gallery][et_pb_text admin_label=&#8220;Text&#8220; _builder_version=&#8220;4.18.0&#8243; background_size=&#8220;initial&#8220; background_position=&#8220;top_left&#8220; background_repeat=&#8220;repeat&#8220; custom_padding=&#8220;3%|3%|3%|3%|true|true&#8220; use_border_color=&#8220;off&#8220; border_color=&#8220;#ffffff&#8220; border_style=&#8220;solid&#8220; global_colors_info=&#8220;{}&#8220;]<\/p>\n<p>Anfang Mai 2004 begann Professor John Atkinson, der heutige Museumsverwalter ein masstabgetreues Modell der Ausgrabungsst\u00e4tte Fournou Korifi zu bauen. Das Modell ist auf Basis der vorhandenen Funde errichtet, ohne Anspruch an wissenschaftliche Beweise zu erheben wie minoische H\u00e4user ausgesehen haben k\u00f6nnten.<br \/>John Atkinson ist ein T\u00f6pfer, so sind alle Tongef\u00e4sse auf dem Modell echt. Miniaturfiguren wurden dazugesetzt um das Gr\u00f6ssenverh\u00e4ltniss besser darzustellen. Der Masstab ist 1 : 40. Jeder Aspekt, jedes Detail und die Gr\u00f6sse des Modells ist sorgf\u00e4ltig rekonstruiert worden um zu dem Bericht vom Ausgr\u00e4ber Peter Warren zu passen. John besuchte 2002 die Ausgrabungsst\u00e4tte sechs Monate lang jeden Tag, und 2003 weitere sechs Monate t\u00e4glich bevor er sich an die Ausf\u00fchrung wagte.<br \/>Mehr Details \u00fcber die Konstruktion des Modells kann man in einer englischsprachigen wissenschaftlichen Abhandlung <a href=\"https:\/\/www.staticdata.nl\/pdf\/STEGA_Sample.pdf\" target=\"_blank\" rel=\"noopener\">nachlesen.<\/a> John Atkinson\u2019s Beitrag beginnt auf Seite 27, wir haben ein paar seiner Aufnahmen unten beigef\u00fcgt.<\/p>\n<p>[\/et_pb_text][et_pb_gallery gallery_ids=&#8220;15327,15328,15329,15330,15331&#8243; show_title_and_caption=&#8220;off&#8220; show_pagination=&#8220;off&#8220; admin_label=&#8220;Gallery&#8220; _builder_version=&#8220;4.18.0&#8243; border_width_all=&#8220;2px&#8220; border_color_all=&#8220;RGBA(255,255,255,0)&#8220; use_border_color=&#8220;off&#8220; border_color=&#8220;#ffffff&#8220; border_style=&#8220;solid&#8220; saved_tabs=&#8220;all&#8220; global_colors_info=&#8220;{}&#8220;][\/et_pb_gallery][et_pb_text admin_label=&#8220;Text&#8220; _builder_version=&#8220;4.16&#8243; background_size=&#8220;initial&#8220; background_position=&#8220;top_left&#8220; background_repeat=&#8220;repeat&#8220; custom_padding=&#8220;3%|3%|3%|3%|true|true&#8220; global_colors_info=&#8220;{}&#8220;]John hat unter <a title=\"Unsere Geschichte\" href=\"https:\/\/www.mirtoscrete.gr\/geschichte-von-mirtos\/?lang=de#top\">Unsere Geschichte<\/a>\u00a0eine kurze Zusammenfassung der\u00a0<a title=\"Die Geschichte von Mirtos | Die  Minoer\" href=\"https:\/\/www.mirtoscrete.gr\/geschichte-von-mirtos\/?lang=de#minoan\">Minoischen Periode in Mirtos<\/a>\u00a0geschrieben.<br \/>\n[\/et_pb_text][\/et_pb_column][\/et_pb_row][\/et_pb_section]<\/p>\n","protected":false},"excerpt":{"rendered":"<p>Gr\u00fcnder und Stifter des Museums von Mirtos ist der mittlerweile verstorbene Georgios Dimintrianakis. Er war der Volksschullehrer des Dorfes. Er entdeckte dass auf den kultivierten Feldern \u00f6stlich von Mirtos immer wieder Tonst\u00fccke, Vasen, St\u00fccke von Werkzeugen und kleinen Statuen zum Vorschein kamen. Er begann so viel wie m\u00f6glich davon zu sammeln und brachte sie in [&hellip;]<\/p>\n","protected":false},"author":1,"featured_media":0,"parent":0,"menu_order":0,"comment_status":"open","ping_status":"closed","template":"","meta":{"_et_pb_use_builder":"on","_et_pb_old_content":"","_et_gb_content_width":"","footnotes":""},"class_list":["post-2294","page","type-page","status-publish","hentry"],"_links":{"self":[{"href":"https:\/\/www.mirtoscrete.gr\/de\/wp-json\/wp\/v2\/pages\/2294","targetHints":{"allow":["GET"]}}],"collection":[{"href":"https:\/\/www.mirtoscrete.gr\/de\/wp-json\/wp\/v2\/pages"}],"about":[{"href":"https:\/\/www.mirtoscrete.gr\/de\/wp-json\/wp\/v2\/types\/page"}],"author":[{"embeddable":true,"href":"https:\/\/www.mirtoscrete.gr\/de\/wp-json\/wp\/v2\/users\/1"}],"replies":[{"embeddable":true,"href":"https:\/\/www.mirtoscrete.gr\/de\/wp-json\/wp\/v2\/comments?post=2294"}],"version-history":[{"count":0,"href":"https:\/\/www.mirtoscrete.gr\/de\/wp-json\/wp\/v2\/pages\/2294\/revisions"}],"wp:attachment":[{"href":"https:\/\/www.mirtoscrete.gr\/de\/wp-json\/wp\/v2\/media?parent=2294"}],"curies":[{"name":"wp","href":"https:\/\/api.w.org\/{rel}","templated":true}]}}