{"id":2253,"date":"2014-08-02T00:12:57","date_gmt":"2014-08-01T21:12:57","guid":{"rendered":"https:\/\/www.mirtoscrete.gr\/\/www.mirtoscrete.gr\/?page_id=2253"},"modified":"2024-09-20T15:34:11","modified_gmt":"2024-09-20T12:34:11","slug":"geschichte-von-mirtos","status":"publish","type":"page","link":"https:\/\/www.mirtoscrete.gr\/de\/geschichte-von-mirtos\/","title":{"rendered":"Die Geschichte von Mirtos"},"content":{"rendered":"<p>[et_pb_section fb_built=&#8220;1&#8243; custom_padding_last_edited=&#8220;on|desktop&#8220; admin_label=&#8220;section&#8220; module_id=&#8220;top&#8220; _builder_version=&#8220;4.16&#8243; background_color=&#8220;rgba(255,255,255,0)&#8220; parallax=&#8220;on&#8220; custom_padding_tablet=&#8220;50px|0|50px|0&#8243; custom_padding_phone=&#8220;&#8220; da_disable_devices=&#8220;off|off|off&#8220; transparent_background=&#8220;on&#8220; padding_mobile=&#8220;off&#8220; make_fullwidth=&#8220;off&#8220; use_custom_width=&#8220;off&#8220; width_unit=&#8220;on&#8220; global_colors_info=&#8220;{}&#8220; da_is_popup=&#8220;off&#8220; da_exit_intent=&#8220;off&#8220; da_has_close=&#8220;on&#8220; da_alt_close=&#8220;off&#8220; da_dark_close=&#8220;off&#8220; da_not_modal=&#8220;on&#8220; da_is_singular=&#8220;off&#8220; da_with_loader=&#8220;off&#8220; da_has_shadow=&#8220;on&#8220;][et_pb_row admin_label=&#8220;row&#8220; _builder_version=&#8220;4.16&#8243; background_size=&#8220;initial&#8220; background_position=&#8220;top_left&#8220; background_repeat=&#8220;repeat&#8220; global_colors_info=&#8220;{}&#8220;][et_pb_column type=&#8220;4_4&#8243; _builder_version=&#8220;4.16&#8243; custom_padding=&#8220;|||&#8220; global_colors_info=&#8220;{}&#8220; custom_padding__hover=&#8220;|||&#8220;][et_pb_text _builder_version=&#8220;4.16&#8243; background_color=&#8220;rgba(255,255,255,0.86)&#8220; background_size=&#8220;initial&#8220; background_position=&#8220;top_left&#8220; background_repeat=&#8220;repeat&#8220; custom_padding=&#8220;4px|8px|4px|8px|true|true&#8220; custom_css_main_element=&#8220;display: inline-block;&#8220; border_radii=&#8220;on|10px|10px|10px|10px&#8220; global_colors_info=&#8220;{}&#8220;]<\/p>\n<h1><strong>Die Geschichte von Mirtos in Kurzfassung<\/strong><\/h1>\n<p><strong><a title=\"Der minoische Periode\" href=\"#minoan\">und eine Zusammenfassung der Minoische Periode<\/a><\/strong><br \/>\n[\/et_pb_text][\/et_pb_column][\/et_pb_row][et_pb_row column_structure=&#8220;1_3,2_3&#8243; use_custom_gutter=&#8220;on&#8220; gutter_width=&#8220;1&#8243; padding_mobile=&#8220;off&#8220; column_padding_mobile=&#8220;on&#8220; admin_label=&#8220;row&#8220; _builder_version=&#8220;4.16&#8243; background_size=&#8220;initial&#8220; background_position=&#8220;top_left&#8220; background_repeat=&#8220;repeat&#8220; make_fullwidth=&#8220;off&#8220; use_custom_width=&#8220;off&#8220; width_unit=&#8220;on&#8220; global_colors_info=&#8220;{}&#8220;][et_pb_column type=&#8220;1_3&#8243; _builder_version=&#8220;4.16&#8243; custom_padding=&#8220;|||&#8220; global_colors_info=&#8220;{}&#8220; custom_padding__hover=&#8220;|||&#8220;][et_pb_image src=&#8220;https:\/\/www.mirtoscrete.gr\/wp-content\/uploads\/2016\/04\/monument00.png&#8220; align_tablet=&#8220;center&#8220; align_phone=&#8220;&#8220; align_last_edited=&#8220;on|desktop&#8220; _builder_version=&#8220;4.16&#8243; use_border_color=&#8220;off&#8220; border_color=&#8220;#ffffff&#8220; border_style=&#8220;solid&#8220; sticky=&#8220;off&#8220; always_center_on_mobile=&#8220;on&#8220; global_colors_info=&#8220;{}&#8220;][\/et_pb_image][et_pb_menu menu_id=&#8220;53&#8243; module_class=&#8220;pa-open-mobile-menu&#8220; _builder_version=&#8220;4.27.0&#8243; _module_preset=&#8220;default&#8220; background_color=&#8220;RGBA(255,255,255,0)&#8220; positioning=&#8220;fixed&#8220; position_origin_f=&#8220;top_right&#8220; text_orientation=&#8220;right&#8220; width=&#8220;100%&#8220; custom_margin=&#8220;|10px|||false|false&#8220; custom_margin_tablet=&#8220;|5px|||false|false&#8220; custom_margin_phone=&#8220;|0px|||false|false&#8220; custom_margin_last_edited=&#8220;on|phone&#8220; locked=&#8220;off&#8220; global_colors_info=&#8220;{}&#8220;][\/et_pb_menu][\/et_pb_column][et_pb_column type=&#8220;2_3&#8243; _builder_version=&#8220;4.16&#8243; custom_padding=&#8220;|||&#8220; global_colors_info=&#8220;{}&#8220; custom_padding__hover=&#8220;|||&#8220;][et_pb_accordion _builder_version=&#8220;4.16&#8243; toggle_text_color=&#8220;#c87c51&#8243; toggle_font=&#8220;|600|||||||&#8220; toggle_font_size=&#8220;17px&#8220; use_border_color=&#8220;off&#8220; border_color=&#8220;#ffffff&#8220; border_style=&#8220;solid&#8220; global_colors_info=&#8220;{}&#8220;][et_pb_accordion_item title=&#8220;Wie Mirtos enstanden ist&#8220; open=&#8220;on&#8220; _builder_version=&#8220;4.16&#8243; global_colors_info=&#8220;{}&#8220;]Ende des 19. Jahrhunderts&nbsp;konnte man noch nicht \u00fcber ein Dorf Mirtos sprechen, weil damals die Menschen nicht direkt am Meer wohnten. Der Grund? Es war zu gef\u00e4hrlich. Auf dem Meer gab es viele Piratenschiffe die immer wieder die K\u00fcstenstriche angriffen. Erst als diese Gefahr abgewendet war begannen die Bewohner der umliegenden Bergd\u00f6rfer an die K\u00fcste zu ziehen. Viele der ersten Einwohner von Mirtos kommen aus dem Dorf Gdochia, ungef\u00e4hr sieben Kilometer oberhalb. Warum sie ausgerechnet diesen Platz w\u00e4hlten ist leicht zu erkl\u00e4ren. Mirtos war schon damals ein Handelsplatz. Die \u00f6rtlichen Produkte vom Hinterland wurden zum kleinen Hafen (<em>karavost\u00e1si)<\/em>, in dieser Zeit westlich der Bucht gelegen, gebracht um weiter nach Ierapetra verschifft zu werden. Von dort aus wurden die Waren weiter transportiert, sowohl auf das Festland also auch ins Ausland.<br \/>\n[\/et_pb_accordion_item][et_pb_accordion_item title=&#8220;Der zweite Weltkrieg&#8220; _builder_version=&#8220;4.16&#8243; global_colors_info=&#8220;{}&#8220; open=&#8220;off&#8220;]Mirtos wurde gr\u00f6sser. Es war noch keine Rede von Wohlstand aber man hatte sein Auskommen und es war Friede. Bis zum zweiten Weltkrieg. Die deutsche Wehrmacht landete 1941 auf Kreta und begann vorwiegend an der S\u00fcdk\u00fcste aus strategischen Gr\u00fcnden Sperrzonen zu errichten. Sie stiessen dabei auf heftigen Widerstand der kretischen Partisanen. Viele der K\u00e4mpfer, aber auch zivile Personen, verloren w\u00e4hrend dieser Zeit ihr Leben . Schliesslich wurde auf h\u00f6heren Befehl das Dorf am 15. September 1943 evakuiert. Achtzehn M\u00e4nner und Jungen weigerten sich und wurden exekutiert. Alle H\u00e4user wurden verbrannt. Das grosse Drama von Mirtos ist auf einer einfachen Tafel bei der kleinen Kirche Agios Antonios verewigt. Darauf stehen die Namen der achtzehn Umgekommenen und an jeden Jahrestag werden hier Kr\u00e4nze niedergelegt und eine Messe f\u00fcr ihre Seelen gelesen.<br \/>\n[\/et_pb_accordion_item][et_pb_accordion_item title=&#8220;Der Wiederaufbau&#8220; _builder_version=&#8220;4.16&#8243; global_colors_info=&#8220;{}&#8220; open=&#8220;off&#8220;]Anf\u00e4nglich wollte die Bev\u00f6lkerung nach dem Krieg nicht zur\u00fcckkehren. Mit etwas Druck der Regierung entschlossen sie sich doch dazu. Die verbrannten Mauern standen noch und langsam wurde alles wieder aufgebaut. Die stark reduzierte Bev\u00f6lkerung lebte in grosser Armut. Das dauerte an bis Ende der sechziger Jahre. Da kam der Niederl\u00e4nder Paul Kuiper nach Ierapetra und begann mit den Bauern die ersten Gew\u00e4chsh\u00e4user zu errichten. Gem\u00fcseanbau ausserhalb der Saison, Sommergem\u00fcse im Winter, neue Saatsorten. So kam Wohlstand in die Region, auch f\u00fcr Mirtos brachte das einen Aufschwung.<br \/>\n[\/et_pb_accordion_item][et_pb_accordion_item title=&#8220;Tourismus&#8220; _builder_version=&#8220;4.16&#8243; global_colors_info=&#8220;{}&#8220; open=&#8220;off&#8220;]In den fr\u00fchen achtziger Jahren hielt der Tourismus in gr\u00f6sserem Ausmass Einzug auf Kreta. An der Nordk\u00fcste wurde viel gebaut und verbaut. Diese Entwicklung ging an der S\u00fcdk\u00fcste viel langsamer vor sich, so auch in Mirtos. Als Schutz vor dem oft rauhen Meer im Winter wurde eine Strandpromenade gebaut. Dadurch war Platz geschaffen f\u00fcr kleine Familientavernen und Cafes. Ein gem\u00fctlicher Ort am Meer der bis heute der Anziehungpunkt des Dorfes geblieben ist.<\/p>\n<p>Die anfangs einfachen Zimmer wurden ausgebaut, neue Unterk\u00fcnfte kamen dazu, doch wurden keine grossen Hotelanlagen errichtet. Der Charakter des Dorfes ist nur geringf\u00fcgig ver\u00e4ndert worden. Ausserdem wurden ein paar kleine individuelle Gesch\u00e4fte ohne die andersorts \u00fcblichen Souvenirs ge\u00f6ffnet.<br \/>\n[\/et_pb_accordion_item][et_pb_accordion_item title=&#8220;Heute&#8220; _builder_version=&#8220;4.16&#8243; global_colors_info=&#8220;{}&#8220; open=&#8220;off&#8220;]Heutzutage wohnen ungef\u00e4hr 600 Menschen das ganze Jahr \u00fcber in Mirtos. Neben dem Tourismus ist die Landwirtschaft ein wichtiges Einkommen. Die touristische Saison dauert von April bis Anfang November. Die Einwohner sind fast ausschliesslich griechisch-orthodoxen Glaubens. Es gibt eine kleine Kirche aus der Gr\u00fcnderzeit und eine Gr\u00f6ssere neueren Datums. Im Dorf ist ein Kindergarten und eine Grundschule. F\u00fcr die h\u00f6here Schule m\u00fcssen die Kinder nach Ierapetra. Mirtos ist eingegliedert in die Grossgemeinde Ierapetra und hat einen vom Volk gew\u00e4hlten Vertreter im Gemeinderat.<\/p>\n<p>\u00a9 Dick Ridder<br \/>\n[\/et_pb_accordion_item][\/et_pb_accordion][\/et_pb_column][\/et_pb_row][\/et_pb_section][et_pb_section fb_built=&#8220;1&#8243; inner_shadow=&#8220;on&#8220; custom_padding_last_edited=&#8220;on|desktop&#8220; admin_label=&#8220;section&#8220; _builder_version=&#8220;4.16&#8243; background_color=&#8220;rgba(245,236,208,0.85)&#8220; custom_padding_tablet=&#8220;50px|0|50px|0&#8243; custom_padding_phone=&#8220;&#8220; da_disable_devices=&#8220;off|off|off&#8220; transparent_background=&#8220;off&#8220; padding_mobile=&#8220;off&#8220; make_fullwidth=&#8220;off&#8220; use_custom_width=&#8220;off&#8220; width_unit=&#8220;on&#8220; global_colors_info=&#8220;{}&#8220; da_is_popup=&#8220;off&#8220; da_exit_intent=&#8220;off&#8220; da_has_close=&#8220;on&#8220; da_alt_close=&#8220;off&#8220; da_dark_close=&#8220;off&#8220; da_not_modal=&#8220;on&#8220; da_is_singular=&#8220;off&#8220; da_with_loader=&#8220;off&#8220; da_has_shadow=&#8220;on&#8220;][et_pb_row column_structure=&#8220;2_3,1_3&#8243; use_custom_gutter=&#8220;on&#8220; gutter_width=&#8220;1&#8243; padding_mobile=&#8220;off&#8220; make_equal=&#8220;on&#8220; column_padding_mobile=&#8220;on&#8220; admin_label=&#8220;row&#8220; _builder_version=&#8220;4.16&#8243; background_size=&#8220;initial&#8220; background_position=&#8220;top_left&#8220; background_repeat=&#8220;repeat&#8220; make_fullwidth=&#8220;off&#8220; use_custom_width=&#8220;off&#8220; width_unit=&#8220;on&#8220; global_colors_info=&#8220;{}&#8220;][et_pb_column type=&#8220;2_3&#8243; _builder_version=&#8220;4.16&#8243; background_color=&#8220;rgba(255,248,232,0.9)&#8220; custom_padding=&#8220;3%|3%|3%|3%&#8220; global_colors_info=&#8220;{}&#8220; custom_padding__hover=&#8220;|||&#8220;][et_pb_image src=&#8220;https:\/\/www.mirtoscrete.gr\/wp-content\/uploads\/2016\/04\/MirtosMuseo3.jpg&#8220; align_tablet=&#8220;center&#8220; align_phone=&#8220;&#8220; align_last_edited=&#8220;on|desktop&#8220; _builder_version=&#8220;4.16&#8243; sticky=&#8220;off&#8220; global_colors_info=&#8220;{}&#8220;][\/et_pb_image][\/et_pb_column][et_pb_column type=&#8220;1_3&#8243; _builder_version=&#8220;4.16&#8243; background_color=&#8220;rgba(255,248,232,0.9)&#8220; custom_padding=&#8220;3%|3%|3%|3%&#8220; global_colors_info=&#8220;{}&#8220; custom_padding__hover=&#8220;|||&#8220;][et_pb_testimonial author=&#8220;John Atkinson&#8220; job_title=&#8220;Museumsverwalter&#8220; url=&#8220;https:\/\/www.mirtoscrete.gr\/\/www.mithipottery.com&#8220; portrait_url=&#8220;https:\/\/www.mirtoscrete.gr\/wp-content\/uploads\/2016\/04\/John.jpg&#8220; _builder_version=&#8220;4.16&#8243; use_background_color=&#8220;off&#8220; background_size=&#8220;initial&#8220; background_position=&#8220;top_left&#8220; background_repeat=&#8220;repeat&#8220; use_border_color=&#8220;off&#8220; border_color=&#8220;#ffffff&#8220; border_style=&#8220;solid&#8220; global_colors_info=&#8220;{}&#8220;]Mehr \u00fcber die Geschichte von Mirtos k\u00f6nnen Sie im&nbsp;<a title=\"Das Museum von Mirtos\" href=\"https:\/\/www.mirtoscrete.gr\/das-museum-von-mirtos\/?lang=de\/#top\">Museum<\/a> neben der alten Kirche erfahren.<br \/>\n[\/et_pb_testimonial][\/et_pb_column][\/et_pb_row][\/et_pb_section][et_pb_section fb_built=&#8220;1&#8243; custom_padding_last_edited=&#8220;on|desktop&#8220; admin_label=&#8220;section&#8220; module_id=&#8220;minoan&#8220; _builder_version=&#8220;4.16&#8243; background_color=&#8220;rgba(255,248,232,0.9)&#8220; custom_padding_tablet=&#8220;50px|0|50px|0&#8243; custom_padding_phone=&#8220;&#8220; da_disable_devices=&#8220;off|off|off&#8220; transparent_background=&#8220;off&#8220; padding_mobile=&#8220;off&#8220; make_fullwidth=&#8220;off&#8220; use_custom_width=&#8220;off&#8220; width_unit=&#8220;on&#8220; global_colors_info=&#8220;{}&#8220; da_is_popup=&#8220;off&#8220; da_exit_intent=&#8220;off&#8220; da_has_close=&#8220;on&#8220; da_alt_close=&#8220;off&#8220; da_dark_close=&#8220;off&#8220; da_not_modal=&#8220;on&#8220; da_is_singular=&#8220;off&#8220; da_with_loader=&#8220;off&#8220; da_has_shadow=&#8220;on&#8220;][et_pb_row column_structure=&#8220;1_3,2_3&#8243; admin_label=&#8220;row&#8220; _builder_version=&#8220;4.16&#8243; background_size=&#8220;initial&#8220; background_position=&#8220;top_left&#8220; background_repeat=&#8220;repeat&#8220; global_colors_info=&#8220;{}&#8220;][et_pb_column type=&#8220;1_3&#8243; _builder_version=&#8220;4.16&#8243; background_enable_color=&#8220;off&#8220; custom_padding=&#8220;|||&#8220; global_colors_info=&#8220;{}&#8220; custom_padding__hover=&#8220;|||&#8220;][et_pb_image src=&#8220;https:\/\/www.mirtoscrete.gr\/wp-content\/uploads\/2016\/04\/goddess-of-mirtos.png&#8220; align_tablet=&#8220;center&#8220; align_phone=&#8220;&#8220; align_last_edited=&#8220;on|desktop&#8220; _builder_version=&#8220;4.16&#8243; animation_style=&#8220;slide&#8220; animation_direction=&#8220;left&#8220; animation_duration=&#8220;500ms&#8220; animation_intensity_slide=&#8220;10%&#8220; use_border_color=&#8220;off&#8220; border_color=&#8220;#ffffff&#8220; border_style=&#8220;solid&#8220; animation=&#8220;left&#8220; sticky=&#8220;off&#8220; always_center_on_mobile=&#8220;on&#8220; global_colors_info=&#8220;{}&#8220;][\/et_pb_image][\/et_pb_column][et_pb_column type=&#8220;2_3&#8243; _builder_version=&#8220;4.16&#8243; background_enable_color=&#8220;off&#8220; custom_padding=&#8220;|||&#8220; global_colors_info=&#8220;{}&#8220; custom_padding__hover=&#8220;|||&#8220;][et_pb_text _builder_version=&#8220;4.16&#8243; background_size=&#8220;initial&#8220; background_position=&#8220;top_left&#8220; background_repeat=&#8220;repeat&#8220; use_border_color=&#8220;off&#8220; border_color=&#8220;#ffffff&#8220; border_style=&#8220;solid&#8220; global_colors_info=&#8220;{}&#8220;]<\/p>\n<h3>Mirtos zur Zeit der Minoer<\/h3>\n<p>Die Minoer waren in der Region von Mirtos vom Anfang bis zum Ende der Bronzezeit. Menschen (die erst viel sp\u00e4ter die Minoer genannt wurden) kamen vor 3000 v.Chr nach Mirtos . Es waren Bauern und sie brachten K\u00fche, Schafe, Schweine und Ziegen mit. Es war die Jungsteinzeit und all ihre Werkzeuge waren aus Stein gefertigt. Um 2800 v.Chr. gab es zwei kleine Siedlungen. Die eine ist bekannt als der H\u00fcgel von Pyrgos, direkt oberhalb des Dorfeingangs. Die zweite liegt ungef\u00e4hr einen Kilometer \u00f6stlich auf dem H\u00fcgel Fournou Korifi. Ungef\u00e4hr zu diesem Zeitpunkt begann man Bronze auf Kreta zu verwenden. Es wurde aus dem nahen Osten geliefert. In <strong>Pyrgos<\/strong> und <strong>Fournou Korifi<\/strong> hatte man zur Zeit der minoischen Bronzezeit sowohl Stein als auch Bronze in Benutzung.<br \/>\n[\/et_pb_text][\/et_pb_column][\/et_pb_row][et_pb_row column_structure=&#8220;2_3,1_3&#8243; admin_label=&#8220;row&#8220; _builder_version=&#8220;4.16&#8243; background_size=&#8220;initial&#8220; background_position=&#8220;top_left&#8220; background_repeat=&#8220;repeat&#8220; global_colors_info=&#8220;{}&#8220;][et_pb_column type=&#8220;2_3&#8243; _builder_version=&#8220;4.16&#8243; background_enable_color=&#8220;off&#8220; custom_padding=&#8220;|||&#8220; global_colors_info=&#8220;{}&#8220; custom_padding__hover=&#8220;|||&#8220;][et_pb_text _builder_version=&#8220;4.16&#8243; background_size=&#8220;initial&#8220; background_position=&#8220;top_left&#8220; background_repeat=&#8220;repeat&#8220; use_border_color=&#8220;off&#8220; border_color=&#8220;#ffffff&#8220; border_style=&#8220;solid&#8220; global_colors_info=&#8220;{}&#8220;]<\/p>\n<h3>Fournou Korifi<\/h3>\n<p>Bei den Ausgrabungen von Fournou Korifi fanden die Arch\u00e4ologen folgendes:<\/p>\n<p>\u2022 Werkzeuge aus Stein<\/p>\n<p>\u2022 Werkzeuge aus Bronze<\/p>\n<p>\u2022 Die Bewohner hatten Weinst\u00f6cke und machten Wein<\/p>\n<p>\u2022 Spuren von Oliven\u00f6l weisen auf \u00d6l f\u00fcr 100 Personen hin<\/p>\n<p>\u2022 Sie waren T\u00f6pfer<\/p>\n<p>\u2022 Sie waren Weber und stellten Kleidung her<\/p>\n<p>\u2022 Die aus Ton hergestellte Figur einer G\u00f6ttin wurde in einem der R\u00e4ume gefunden<\/p>\n<p>\u2022 Beweise von Handelsbeziehungen mit anderen Gemeinschaften, sowohl in der n\u00e4heren Umgebung als auch mit anderen L\u00e4ndern.<\/p>\n<p>Nach 400 Jahren wurde die Siedlung von einem Feuer zerst\u00f6rt. Die Bewohner liessen alles was sie gerade benutzten liegen und stehen um sich zu retten. Sie kehrten nie mehr zur\u00fcck. Deswegen ist Fournou Korifi eines der besten Beispiele wie die Menschen am Anfang der Bronzezeit gelebt haben. Die ausgegrabenen Mauerreste sind vor Ort zu besichtigen. Im Museum von Mirtos befindet sich ein <a title=\"Das Modell von Fournou Korifi im Mirtos Museum\" href=\"https:\/\/www.mirtoscrete.gr\/das-museum-von-mirtos\/?lang=de\/#fournou-korifi\">masstabgetreues Modell von Fournou Korifi<\/a>.<br \/>\n[\/et_pb_text][\/et_pb_column][et_pb_column type=&#8220;1_3&#8243; _builder_version=&#8220;4.16&#8243; background_color=&#8220;rgba(255,248,232,0.9)&#8220; custom_padding=&#8220;|||&#8220; global_colors_info=&#8220;{}&#8220; custom_padding__hover=&#8220;|||&#8220;][et_pb_image src=&#8220;https:\/\/www.mirtoscrete.gr\/wp-content\/uploads\/2016\/04\/fournou.gif&#8220; show_in_lightbox=&#8220;on&#8220; align_tablet=&#8220;center&#8220; align_phone=&#8220;&#8220; align_last_edited=&#8220;on|desktop&#8220; _builder_version=&#8220;4.16&#8243; use_border_color=&#8220;off&#8220; border_color=&#8220;#ffffff&#8220; border_style=&#8220;solid&#8220; sticky=&#8220;off&#8220; always_center_on_mobile=&#8220;on&#8220; global_colors_info=&#8220;{}&#8220;][\/et_pb_image][\/et_pb_column][\/et_pb_row][et_pb_row column_structure=&#8220;1_3,2_3&#8243; admin_label=&#8220;row&#8220; _builder_version=&#8220;4.16&#8243; background_size=&#8220;initial&#8220; background_position=&#8220;top_left&#8220; background_repeat=&#8220;repeat&#8220; global_colors_info=&#8220;{}&#8220;][et_pb_column type=&#8220;1_3&#8243; _builder_version=&#8220;4.16&#8243; background_enable_color=&#8220;off&#8220; custom_padding=&#8220;|||&#8220; global_colors_info=&#8220;{}&#8220; custom_padding__hover=&#8220;|||&#8220;][et_pb_text _builder_version=&#8220;4.16&#8243; background_size=&#8220;initial&#8220; background_position=&#8220;top_left&#8220; background_repeat=&#8220;repeat&#8220; use_border_color=&#8220;off&#8220; border_color=&#8220;#ffffff&#8220; border_style=&#8220;solid&#8220; global_colors_info=&#8220;{}&#8220;]<\/p>\n<h3>Pyrgos<\/h3>\n<p>Die Siedlung Pyrgos wurde nicht zerst\u00f6rt. Sie wuchs w\u00e4hrend zwei Palastzeiten f\u00fcr die n\u00e4chsten 1350 Jahre lang. Ein grosses sch\u00f6nes Haus im Stil eines Palastes gebaut zeugt von dem damaligen Wohlstand der Siedlung. Die Zerst\u00f6rung kam 1450 v.Chr. wie \u00fcberall auf der Insel. Man glaubt dass die Explosion des Vulkanes Thera auf Santorini der Grund war und das Ende der Palastzeiten einleitete. Die \u00dcberreste des Herrenhauses sind auf dem H\u00fcgel Pyrgos noch zu erkennen.<\/p>\n<hr \/>\n<p><strong>\u00a9John Atkinson<\/strong><br \/>\n[\/et_pb_text][\/et_pb_column][et_pb_column type=&#8220;2_3&#8243; _builder_version=&#8220;4.16&#8243; background_color=&#8220;rgba(255,248,232,0.9)&#8220; custom_padding=&#8220;|||&#8220; global_colors_info=&#8220;{}&#8220; custom_padding__hover=&#8220;|||&#8220;][et_pb_map address=&#8220;Mirtos, Griekenland&#8220; zoom_level=&#8220;16&#8243; address_lat=&#8220;35.007021674506454&#8243; address_lng=&#8220;25.593763141408544&#8243; mouse_wheel=&#8220;off&#8220; _builder_version=&#8220;4.16&#8243; global_colors_info=&#8220;{}&#8220;][et_pb_map_pin title=&#8220;Fournou Korfi&#8220; pin_address=&#8220;Eparchiaki Odos Pachias Amou &#8211; Gdochia, Ierapetra 720 56, Griekenland&#8220; pin_address_lat=&#8220;35.008178359678354&#8243; pin_address_lng=&#8220;25.597547738328558&#8243; _builder_version=&#8220;3.0.47&#8243; global_colors_info=&#8220;{}&#8220;][\/et_pb_map_pin][et_pb_map_pin title=&#8220;Pirgos&#8220; pin_address=&#8220;Eparchiaki Odos Pachias Amou &#8211; Gdochia, Ierapetra 720 56, Griekenland&#8220; pin_address_lat=&#8220;35.00581444242482&#8243; pin_address_lng=&#8220;25.58879837252198&#8243; _builder_version=&#8220;3.0.47&#8243; global_colors_info=&#8220;{}&#8220;][\/et_pb_map_pin][\/et_pb_map][\/et_pb_column][\/et_pb_row][et_pb_row _builder_version=&#8220;4.16&#8243; background_size=&#8220;initial&#8220; background_position=&#8220;top_left&#8220; background_repeat=&#8220;repeat&#8220; global_colors_info=&#8220;{}&#8220;][et_pb_column type=&#8220;4_4&#8243; _builder_version=&#8220;4.16&#8243; custom_padding=&#8220;|||&#8220; global_colors_info=&#8220;{}&#8220; custom_padding__hover=&#8220;|||&#8220;][et_pb_text admin_label=&#8220;vimeo&#8220; _builder_version=&#8220;4.16&#8243; z_index_tablet=&#8220;500&#8243; text_text_shadow_horizontal_length_tablet=&#8220;0px&#8220; text_text_shadow_vertical_length_tablet=&#8220;0px&#8220; text_text_shadow_blur_strength_tablet=&#8220;1px&#8220; link_text_shadow_horizontal_length_tablet=&#8220;0px&#8220; link_text_shadow_vertical_length_tablet=&#8220;0px&#8220; link_text_shadow_blur_strength_tablet=&#8220;1px&#8220; ul_text_shadow_horizontal_length_tablet=&#8220;0px&#8220; ul_text_shadow_vertical_length_tablet=&#8220;0px&#8220; ul_text_shadow_blur_strength_tablet=&#8220;1px&#8220; ol_text_shadow_horizontal_length_tablet=&#8220;0px&#8220; ol_text_shadow_vertical_length_tablet=&#8220;0px&#8220; ol_text_shadow_blur_strength_tablet=&#8220;1px&#8220; quote_text_shadow_horizontal_length_tablet=&#8220;0px&#8220; quote_text_shadow_vertical_length_tablet=&#8220;0px&#8220; quote_text_shadow_blur_strength_tablet=&#8220;1px&#8220; header_text_shadow_horizontal_length_tablet=&#8220;0px&#8220; header_text_shadow_vertical_length_tablet=&#8220;0px&#8220; header_text_shadow_blur_strength_tablet=&#8220;1px&#8220; header_2_text_shadow_horizontal_length_tablet=&#8220;0px&#8220; header_2_text_shadow_vertical_length_tablet=&#8220;0px&#8220; header_2_text_shadow_blur_strength_tablet=&#8220;1px&#8220; header_3_text_shadow_horizontal_length_tablet=&#8220;0px&#8220; header_3_text_shadow_vertical_length_tablet=&#8220;0px&#8220; header_3_text_shadow_blur_strength_tablet=&#8220;1px&#8220; header_4_text_shadow_horizontal_length_tablet=&#8220;0px&#8220; header_4_text_shadow_vertical_length_tablet=&#8220;0px&#8220; header_4_text_shadow_blur_strength_tablet=&#8220;1px&#8220; header_5_text_shadow_horizontal_length_tablet=&#8220;0px&#8220; header_5_text_shadow_vertical_length_tablet=&#8220;0px&#8220; header_5_text_shadow_blur_strength_tablet=&#8220;1px&#8220; header_6_text_shadow_horizontal_length_tablet=&#8220;0px&#8220; header_6_text_shadow_vertical_length_tablet=&#8220;0px&#8220; header_6_text_shadow_blur_strength_tablet=&#8220;1px&#8220; box_shadow_horizontal_tablet=&#8220;0px&#8220; box_shadow_vertical_tablet=&#8220;0px&#8220; box_shadow_blur_tablet=&#8220;40px&#8220; box_shadow_spread_tablet=&#8220;0px&#8220; global_colors_info=&#8220;{}&#8220;]<iframe loading=\"lazy\" src=\"https:\/\/player.vimeo.com\/video\/351760512\" width=\"1280\" height=\"720\" frameborder=\"0\" allow=\"autoplay; fullscreen\" allowfullscreen=\"\"><\/iframe><br \/>\n[\/et_pb_text][\/et_pb_column][\/et_pb_row][\/et_pb_section]<\/p>\n","protected":false},"excerpt":{"rendered":"<p>Die Geschichte von Mirtos in Kurzfassung und eine Zusammenfassung der Minoische Periode Ende des 19. Jahrhunderts&nbsp;konnte man noch nicht \u00fcber ein Dorf Mirtos sprechen, weil damals die Menschen nicht direkt am Meer wohnten. Der Grund? Es war zu gef\u00e4hrlich. Auf dem Meer gab es viele Piratenschiffe die immer wieder die K\u00fcstenstriche angriffen. Erst als diese [&hellip;]<\/p>\n","protected":false},"author":14,"featured_media":0,"parent":0,"menu_order":3,"comment_status":"open","ping_status":"closed","template":"","meta":{"_et_pb_use_builder":"on","_et_pb_old_content":"","_et_gb_content_width":"","footnotes":""},"class_list":["post-2253","page","type-page","status-publish","hentry"],"_links":{"self":[{"href":"https:\/\/www.mirtoscrete.gr\/de\/wp-json\/wp\/v2\/pages\/2253","targetHints":{"allow":["GET"]}}],"collection":[{"href":"https:\/\/www.mirtoscrete.gr\/de\/wp-json\/wp\/v2\/pages"}],"about":[{"href":"https:\/\/www.mirtoscrete.gr\/de\/wp-json\/wp\/v2\/types\/page"}],"author":[{"embeddable":true,"href":"https:\/\/www.mirtoscrete.gr\/de\/wp-json\/wp\/v2\/users\/14"}],"replies":[{"embeddable":true,"href":"https:\/\/www.mirtoscrete.gr\/de\/wp-json\/wp\/v2\/comments?post=2253"}],"version-history":[{"count":0,"href":"https:\/\/www.mirtoscrete.gr\/de\/wp-json\/wp\/v2\/pages\/2253\/revisions"}],"wp:attachment":[{"href":"https:\/\/www.mirtoscrete.gr\/de\/wp-json\/wp\/v2\/media?parent=2253"}],"curies":[{"name":"wp","href":"https:\/\/api.w.org\/{rel}","templated":true}]}}